{"id":4840,"date":"2022-03-09T16:00:57","date_gmt":"2022-03-09T15:00:57","guid":{"rendered":"https:\/\/www.bollore.fr\/produits\/bi-point\/"},"modified":"2026-03-16T11:21:44","modified_gmt":"2026-03-16T10:21:44","slug":"bi-point","status":"publish","type":"product","link":"https:\/\/www.bollore.fr\/es\/produits\/bi-point\/","title":{"rendered":"Bi-point"},"content":{"rendered":"<p><span style=\"font-weight: 400;\">El equipo bi-punto refuerza la seguridad exterior bloqueando los intentos de intrusi\u00f3n a trav\u00e9s de tejados, muros, cumbreras y cenefas en la parte superior de los edificios.<\/span><br \/>\n<span style=\"font-weight: 400;\">Situado en la parte superior del obst\u00e1culo, consta de cuchillas de acero inoxidable orientadas hacia arriba.<\/span><\/p>\n<p>&nbsp;<\/p>\n","protected":false},"excerpt":{"rendered":"<p><span style=\"font-weight: 400;\">Los equipos bi-punto refuerzan la seguridad exterior al dificultar la intrusi\u00f3n a trav\u00e9s de tejados, muros, cumbreras y barandillas en la parte superior de los edificios. <\/span><\/p>\n<p>&nbsp;<\/p>\n","protected":false},"featured_media":3382,"comment_status":"closed","ping_status":"closed","template":"","meta":{"_acf_changed":false},"product_brand":[],"product_cat":[212,210],"product_tag":[],"class_list":{"0":"post-4840","1":"product","2":"type-product","3":"status-publish","4":"has-post-thumbnail","6":"product_cat-accesorios-perimetrales","7":"product_cat-proteccion-perimetral","9":"first","10":"instock","11":"shipping-taxable","12":"product-type-simple"},"acf":[],"yoast_head":"<!-- This site is optimized with the Yoast SEO plugin v25.8 - https:\/\/yoast.com\/wordpress\/plugins\/seo\/ -->\n<title>Bi-point - Bollor\u00e9<\/title>\n<meta name=\"description\" content=\"Los equipos bi-punto refuerzan la seguridad exterior dificultando la intrusi\u00f3n a trav\u00e9s de los tejados y la parte superior de los edificios.\" \/>\n<meta name=\"robots\" content=\"index, follow, max-snippet:-1, max-image-preview:large, max-video-preview:-1\" \/>\n<link rel=\"canonical\" href=\"https:\/\/www.bollore.fr\/es\/produits\/bi-point\/\" \/>\n<meta property=\"og:locale\" content=\"es_ES\" \/>\n<meta property=\"og:type\" content=\"article\" \/>\n<meta property=\"og:title\" content=\"Bi-point - Bollor\u00e9\" \/>\n<meta property=\"og:description\" content=\"Los equipos bi-punto refuerzan la seguridad exterior dificultando la intrusi\u00f3n a trav\u00e9s de los tejados y la parte superior de los edificios.\" \/>\n<meta property=\"og:url\" content=\"https:\/\/www.bollore.fr\/es\/produits\/bi-point\/\" \/>\n<meta property=\"og:site_name\" content=\"Bollor\u00e9\" \/>\n<meta property=\"article:modified_time\" content=\"2026-03-16T10:21:44+00:00\" \/>\n<meta property=\"og:image\" content=\"https:\/\/www.bollore.fr\/wp-content\/uploads\/2022\/03\/09\/236-bi-point-skp-v2.png\" \/>\n\t<meta property=\"og:image:width\" content=\"3246\" \/>\n\t<meta property=\"og:image:height\" content=\"2473\" \/>\n\t<meta property=\"og:image:type\" content=\"image\/png\" \/>\n<meta name=\"twitter:card\" content=\"summary_large_image\" \/>\n<script type=\"application\/ld+json\" class=\"yoast-schema-graph\">{\"@context\":\"https:\/\/schema.org\",\"@graph\":[{\"@type\":\"WebPage\",\"@id\":\"https:\/\/www.bollore.fr\/es\/produits\/bi-point\/\",\"url\":\"https:\/\/www.bollore.fr\/es\/produits\/bi-point\/\",\"name\":\"Bi-point - Bollor\u00e9\",\"isPartOf\":{\"@id\":\"https:\/\/www.bollore.fr\/es\/#website\"},\"primaryImageOfPage\":{\"@id\":\"https:\/\/www.bollore.fr\/es\/produits\/bi-point\/#primaryimage\"},\"image\":{\"@id\":\"https:\/\/www.bollore.fr\/es\/produits\/bi-point\/#primaryimage\"},\"thumbnailUrl\":\"https:\/\/www.bollore.fr\/wp-content\/uploads\/2022\/03\/09\/236-bi-point-skp-v2.png\",\"datePublished\":\"2022-03-09T15:00:57+00:00\",\"dateModified\":\"2026-03-16T10:21:44+00:00\",\"description\":\"Los equipos bi-punto refuerzan la seguridad exterior dificultando la intrusi\u00f3n a trav\u00e9s de los tejados y la parte superior de los edificios.\",\"breadcrumb\":{\"@id\":\"https:\/\/www.bollore.fr\/es\/produits\/bi-point\/#breadcrumb\"},\"inLanguage\":\"es-ES\",\"potentialAction\":[{\"@type\":\"ReadAction\",\"target\":[\"https:\/\/www.bollore.fr\/es\/produits\/bi-point\/\"]}]},{\"@type\":\"ImageObject\",\"inLanguage\":\"es-ES\",\"@id\":\"https:\/\/www.bollore.fr\/es\/produits\/bi-point\/#primaryimage\",\"url\":\"https:\/\/www.bollore.fr\/wp-content\/uploads\/2022\/03\/09\/236-bi-point-skp-v2.png\",\"contentUrl\":\"https:\/\/www.bollore.fr\/wp-content\/uploads\/2022\/03\/09\/236-bi-point-skp-v2.png\",\"width\":3246,\"height\":2473},{\"@type\":\"BreadcrumbList\",\"@id\":\"https:\/\/www.bollore.fr\/es\/produits\/bi-point\/#breadcrumb\",\"itemListElement\":[{\"@type\":\"ListItem\",\"position\":1,\"name\":\"Accueil\",\"item\":\"https:\/\/www.bollore.fr\/es\/\"},{\"@type\":\"ListItem\",\"position\":2,\"name\":\"Nuestras soluciones para seguridad\",\"item\":\"https:\/\/www.bollore.fr\/es\/nuestras-soluciones-para-seguridad\/\"},{\"@type\":\"ListItem\",\"position\":3,\"name\":\"Bi-point\"}]},{\"@type\":\"WebSite\",\"@id\":\"https:\/\/www.bollore.fr\/es\/#website\",\"url\":\"https:\/\/www.bollore.fr\/es\/\",\"name\":\"Bollor\u00e9\",\"description\":\"Avancez en toute s\u00e9curit\u00e9\",\"publisher\":{\"@id\":\"https:\/\/www.bollore.fr\/es\/#organization\"},\"potentialAction\":[{\"@type\":\"SearchAction\",\"target\":{\"@type\":\"EntryPoint\",\"urlTemplate\":\"https:\/\/www.bollore.fr\/es\/?s={search_term_string}\"},\"query-input\":{\"@type\":\"PropertyValueSpecification\",\"valueRequired\":true,\"valueName\":\"search_term_string\"}}],\"inLanguage\":\"es-ES\"},{\"@type\":\"Organization\",\"@id\":\"https:\/\/www.bollore.fr\/es\/#organization\",\"name\":\"Bollor\u00e9\",\"url\":\"https:\/\/www.bollore.fr\/es\/\",\"logo\":{\"@type\":\"ImageObject\",\"inLanguage\":\"es-ES\",\"@id\":\"https:\/\/www.bollore.fr\/es\/#\/schema\/logo\/image\/\",\"url\":\"https:\/\/www.bollore.fr\/wp-content\/uploads\/2021\/12\/10\/logo-bollore.svg\",\"contentUrl\":\"https:\/\/www.bollore.fr\/wp-content\/uploads\/2021\/12\/10\/logo-bollore.svg\",\"width\":164,\"height\":31,\"caption\":\"Bollor\u00e9\"},\"image\":{\"@id\":\"https:\/\/www.bollore.fr\/es\/#\/schema\/logo\/image\/\"}}]}<\/script>\n<!-- \/ Yoast SEO plugin. -->","yoast_head_json":{"title":"Bi-point - Bollor\u00e9","description":"Los equipos bi-punto refuerzan la seguridad exterior dificultando la intrusi\u00f3n a trav\u00e9s de los tejados y la parte superior de los edificios.","robots":{"index":"index","follow":"follow","max-snippet":"max-snippet:-1","max-image-preview":"max-image-preview:large","max-video-preview":"max-video-preview:-1"},"canonical":"https:\/\/www.bollore.fr\/es\/produits\/bi-point\/","og_locale":"es_ES","og_type":"article","og_title":"Bi-point - Bollor\u00e9","og_description":"Los equipos bi-punto refuerzan la seguridad exterior dificultando la intrusi\u00f3n a trav\u00e9s de los tejados y la parte superior de los edificios.","og_url":"https:\/\/www.bollore.fr\/es\/produits\/bi-point\/","og_site_name":"Bollor\u00e9","article_modified_time":"2026-03-16T10:21:44+00:00","og_image":[{"width":3246,"height":2473,"url":"https:\/\/www.bollore.fr\/wp-content\/uploads\/2022\/03\/09\/236-bi-point-skp-v2.png","type":"image\/png"}],"twitter_card":"summary_large_image","schema":{"@context":"https:\/\/schema.org","@graph":[{"@type":"WebPage","@id":"https:\/\/www.bollore.fr\/es\/produits\/bi-point\/","url":"https:\/\/www.bollore.fr\/es\/produits\/bi-point\/","name":"Bi-point - Bollor\u00e9","isPartOf":{"@id":"https:\/\/www.bollore.fr\/es\/#website"},"primaryImageOfPage":{"@id":"https:\/\/www.bollore.fr\/es\/produits\/bi-point\/#primaryimage"},"image":{"@id":"https:\/\/www.bollore.fr\/es\/produits\/bi-point\/#primaryimage"},"thumbnailUrl":"https:\/\/www.bollore.fr\/wp-content\/uploads\/2022\/03\/09\/236-bi-point-skp-v2.png","datePublished":"2022-03-09T15:00:57+00:00","dateModified":"2026-03-16T10:21:44+00:00","description":"Los equipos bi-punto refuerzan la seguridad exterior dificultando la intrusi\u00f3n a trav\u00e9s de los tejados y la parte superior de los edificios.","breadcrumb":{"@id":"https:\/\/www.bollore.fr\/es\/produits\/bi-point\/#breadcrumb"},"inLanguage":"es-ES","potentialAction":[{"@type":"ReadAction","target":["https:\/\/www.bollore.fr\/es\/produits\/bi-point\/"]}]},{"@type":"ImageObject","inLanguage":"es-ES","@id":"https:\/\/www.bollore.fr\/es\/produits\/bi-point\/#primaryimage","url":"https:\/\/www.bollore.fr\/wp-content\/uploads\/2022\/03\/09\/236-bi-point-skp-v2.png","contentUrl":"https:\/\/www.bollore.fr\/wp-content\/uploads\/2022\/03\/09\/236-bi-point-skp-v2.png","width":3246,"height":2473},{"@type":"BreadcrumbList","@id":"https:\/\/www.bollore.fr\/es\/produits\/bi-point\/#breadcrumb","itemListElement":[{"@type":"ListItem","position":1,"name":"Accueil","item":"https:\/\/www.bollore.fr\/es\/"},{"@type":"ListItem","position":2,"name":"Nuestras soluciones para seguridad","item":"https:\/\/www.bollore.fr\/es\/nuestras-soluciones-para-seguridad\/"},{"@type":"ListItem","position":3,"name":"Bi-point"}]},{"@type":"WebSite","@id":"https:\/\/www.bollore.fr\/es\/#website","url":"https:\/\/www.bollore.fr\/es\/","name":"Bollor\u00e9","description":"Avancez en toute s\u00e9curit\u00e9","publisher":{"@id":"https:\/\/www.bollore.fr\/es\/#organization"},"potentialAction":[{"@type":"SearchAction","target":{"@type":"EntryPoint","urlTemplate":"https:\/\/www.bollore.fr\/es\/?s={search_term_string}"},"query-input":{"@type":"PropertyValueSpecification","valueRequired":true,"valueName":"search_term_string"}}],"inLanguage":"es-ES"},{"@type":"Organization","@id":"https:\/\/www.bollore.fr\/es\/#organization","name":"Bollor\u00e9","url":"https:\/\/www.bollore.fr\/es\/","logo":{"@type":"ImageObject","inLanguage":"es-ES","@id":"https:\/\/www.bollore.fr\/es\/#\/schema\/logo\/image\/","url":"https:\/\/www.bollore.fr\/wp-content\/uploads\/2021\/12\/10\/logo-bollore.svg","contentUrl":"https:\/\/www.bollore.fr\/wp-content\/uploads\/2021\/12\/10\/logo-bollore.svg","width":164,"height":31,"caption":"Bollor\u00e9"},"image":{"@id":"https:\/\/www.bollore.fr\/es\/#\/schema\/logo\/image\/"}}]}},"_links":{"self":[{"href":"https:\/\/www.bollore.fr\/es\/wp-json\/wp\/v2\/product\/4840","targetHints":{"allow":["GET"]}}],"collection":[{"href":"https:\/\/www.bollore.fr\/es\/wp-json\/wp\/v2\/product"}],"about":[{"href":"https:\/\/www.bollore.fr\/es\/wp-json\/wp\/v2\/types\/product"}],"replies":[{"embeddable":true,"href":"https:\/\/www.bollore.fr\/es\/wp-json\/wp\/v2\/comments?post=4840"}],"wp:featuredmedia":[{"embeddable":true,"href":"https:\/\/www.bollore.fr\/es\/wp-json\/wp\/v2\/media\/3382"}],"wp:attachment":[{"href":"https:\/\/www.bollore.fr\/es\/wp-json\/wp\/v2\/media?parent=4840"}],"wp:term":[{"taxonomy":"product_brand","embeddable":true,"href":"https:\/\/www.bollore.fr\/es\/wp-json\/wp\/v2\/product_brand?post=4840"},{"taxonomy":"product_cat","embeddable":true,"href":"https:\/\/www.bollore.fr\/es\/wp-json\/wp\/v2\/product_cat?post=4840"},{"taxonomy":"product_tag","embeddable":true,"href":"https:\/\/www.bollore.fr\/es\/wp-json\/wp\/v2\/product_tag?post=4840"}],"curies":[{"name":"wp","href":"https:\/\/api.w.org\/{rel}","templated":true}]}}