{"id":4832,"date":"2022-03-09T11:01:14","date_gmt":"2022-03-09T10:01:14","guid":{"rendered":"https:\/\/www.bollore.fr\/produits\/portique-pu20s\/"},"modified":"2026-03-16T11:45:07","modified_gmt":"2026-03-16T10:45:07","slug":"portique-pu20s","status":"publish","type":"product","link":"https:\/\/www.bollore.fr\/es\/produits\/portique-pu20s\/","title":{"rendered":"Portique PU20S"},"content":{"rendered":"<p><span style=\"font-weight: 400;\">El p\u00f3rtico PU20S es un dispositivo electr\u00f3nico de una sola columna que se instala en un punto de acceso a equipar. Controla la unicidad de paso a una zona segura.<br \/>\n<\/span><span style=\"font-weight: 400;\">Controla el paso entre la apertura y el cierre de la puerta empotrada.<\/span><\/p>\n<p><span style=\"font-weight: 400;\">Los equipos electr\u00f3nicos PU20S se adaptan f\u00e1cilmente a todos los requisitos espec\u00edficos de seguridad y protecci\u00f3n interna de edificios industriales, de servicios, bancarios, nucleares, centros de datos y aeropuertos.<\/span><\/p>\n","protected":false},"excerpt":{"rendered":"<p><span style=\"font-weight: 400;\"><br \/>\n<\/span><span style=\"font-weight: 400;\">El p\u00f3rtico PU20S es un dispositivo electr\u00f3nico de una sola columna que se instala en un punto de acceso a equipar. Controla la unicidad de paso a una zona segura. <\/span><\/p>\n<p>&nbsp;<\/p>\n","protected":false},"featured_media":3300,"comment_status":"closed","ping_status":"closed","template":"","meta":{"_acf_changed":false},"product_brand":[],"product_cat":[170,207],"product_tag":[],"class_list":{"0":"post-4832","1":"product","2":"type-product","3":"status-publish","4":"has-post-thumbnail","6":"product_cat-control-de-acceso","7":"product_cat-equipos-electronicos","9":"first","10":"instock","11":"shipping-taxable","12":"product-type-simple"},"acf":[],"yoast_head":"<!-- This site is optimized with the Yoast SEO plugin v25.8 - https:\/\/yoast.com\/wordpress\/plugins\/seo\/ -->\n<title>Portique PU20S - Bollor\u00e9<\/title>\n<meta name=\"description\" content=\"El p\u00f3rtico PU20S es un equipo electr\u00f3nico de una sola columna que se acopla al punto de acceso que se desea equipar.\" \/>\n<meta name=\"robots\" content=\"index, follow, max-snippet:-1, max-image-preview:large, max-video-preview:-1\" \/>\n<link rel=\"canonical\" href=\"https:\/\/www.bollore.fr\/es\/produits\/portique-pu20s\/\" \/>\n<meta property=\"og:locale\" content=\"es_ES\" \/>\n<meta property=\"og:type\" content=\"article\" \/>\n<meta property=\"og:title\" content=\"Portique PU20S - Bollor\u00e9\" \/>\n<meta property=\"og:description\" content=\"El p\u00f3rtico PU20S es un equipo electr\u00f3nico de una sola columna que se acopla al punto de acceso que se desea equipar.\" \/>\n<meta property=\"og:url\" content=\"https:\/\/www.bollore.fr\/es\/produits\/portique-pu20s\/\" \/>\n<meta property=\"og:site_name\" content=\"Bollor\u00e9\" \/>\n<meta property=\"article:modified_time\" content=\"2026-03-16T10:45:07+00:00\" \/>\n<meta property=\"og:image\" content=\"https:\/\/www.bollore.fr\/wp-content\/uploads\/2022\/03\/09\/144-portique-pu20s.png\" \/>\n\t<meta property=\"og:image:width\" content=\"4046\" \/>\n\t<meta property=\"og:image:height\" content=\"2935\" \/>\n\t<meta property=\"og:image:type\" content=\"image\/png\" \/>\n<meta name=\"twitter:card\" content=\"summary_large_image\" \/>\n<script type=\"application\/ld+json\" class=\"yoast-schema-graph\">{\"@context\":\"https:\/\/schema.org\",\"@graph\":[{\"@type\":\"WebPage\",\"@id\":\"https:\/\/www.bollore.fr\/es\/produits\/portique-pu20s\/\",\"url\":\"https:\/\/www.bollore.fr\/es\/produits\/portique-pu20s\/\",\"name\":\"Portique PU20S - Bollor\u00e9\",\"isPartOf\":{\"@id\":\"https:\/\/www.bollore.fr\/es\/#website\"},\"primaryImageOfPage\":{\"@id\":\"https:\/\/www.bollore.fr\/es\/produits\/portique-pu20s\/#primaryimage\"},\"image\":{\"@id\":\"https:\/\/www.bollore.fr\/es\/produits\/portique-pu20s\/#primaryimage\"},\"thumbnailUrl\":\"https:\/\/www.bollore.fr\/wp-content\/uploads\/2022\/03\/09\/144-portique-pu20s.png\",\"datePublished\":\"2022-03-09T10:01:14+00:00\",\"dateModified\":\"2026-03-16T10:45:07+00:00\",\"description\":\"El p\u00f3rtico PU20S es un equipo electr\u00f3nico de una sola columna que se acopla al punto de acceso que se desea equipar.\",\"breadcrumb\":{\"@id\":\"https:\/\/www.bollore.fr\/es\/produits\/portique-pu20s\/#breadcrumb\"},\"inLanguage\":\"es-ES\",\"potentialAction\":[{\"@type\":\"ReadAction\",\"target\":[\"https:\/\/www.bollore.fr\/es\/produits\/portique-pu20s\/\"]}]},{\"@type\":\"ImageObject\",\"inLanguage\":\"es-ES\",\"@id\":\"https:\/\/www.bollore.fr\/es\/produits\/portique-pu20s\/#primaryimage\",\"url\":\"https:\/\/www.bollore.fr\/wp-content\/uploads\/2022\/03\/09\/144-portique-pu20s.png\",\"contentUrl\":\"https:\/\/www.bollore.fr\/wp-content\/uploads\/2022\/03\/09\/144-portique-pu20s.png\",\"width\":4046,\"height\":2935},{\"@type\":\"BreadcrumbList\",\"@id\":\"https:\/\/www.bollore.fr\/es\/produits\/portique-pu20s\/#breadcrumb\",\"itemListElement\":[{\"@type\":\"ListItem\",\"position\":1,\"name\":\"Accueil\",\"item\":\"https:\/\/www.bollore.fr\/es\/\"},{\"@type\":\"ListItem\",\"position\":2,\"name\":\"Nuestras soluciones para seguridad\",\"item\":\"https:\/\/www.bollore.fr\/es\/nuestras-soluciones-para-seguridad\/\"},{\"@type\":\"ListItem\",\"position\":3,\"name\":\"Portique PU20S\"}]},{\"@type\":\"WebSite\",\"@id\":\"https:\/\/www.bollore.fr\/es\/#website\",\"url\":\"https:\/\/www.bollore.fr\/es\/\",\"name\":\"Bollor\u00e9\",\"description\":\"Avancez en toute s\u00e9curit\u00e9\",\"publisher\":{\"@id\":\"https:\/\/www.bollore.fr\/es\/#organization\"},\"potentialAction\":[{\"@type\":\"SearchAction\",\"target\":{\"@type\":\"EntryPoint\",\"urlTemplate\":\"https:\/\/www.bollore.fr\/es\/?s={search_term_string}\"},\"query-input\":{\"@type\":\"PropertyValueSpecification\",\"valueRequired\":true,\"valueName\":\"search_term_string\"}}],\"inLanguage\":\"es-ES\"},{\"@type\":\"Organization\",\"@id\":\"https:\/\/www.bollore.fr\/es\/#organization\",\"name\":\"Bollor\u00e9\",\"url\":\"https:\/\/www.bollore.fr\/es\/\",\"logo\":{\"@type\":\"ImageObject\",\"inLanguage\":\"es-ES\",\"@id\":\"https:\/\/www.bollore.fr\/es\/#\/schema\/logo\/image\/\",\"url\":\"https:\/\/www.bollore.fr\/wp-content\/uploads\/2021\/12\/10\/logo-bollore.svg\",\"contentUrl\":\"https:\/\/www.bollore.fr\/wp-content\/uploads\/2021\/12\/10\/logo-bollore.svg\",\"width\":164,\"height\":31,\"caption\":\"Bollor\u00e9\"},\"image\":{\"@id\":\"https:\/\/www.bollore.fr\/es\/#\/schema\/logo\/image\/\"}}]}<\/script>\n<!-- \/ Yoast SEO plugin. -->","yoast_head_json":{"title":"Portique PU20S - Bollor\u00e9","description":"El p\u00f3rtico PU20S es un equipo electr\u00f3nico de una sola columna que se acopla al punto de acceso que se desea equipar.","robots":{"index":"index","follow":"follow","max-snippet":"max-snippet:-1","max-image-preview":"max-image-preview:large","max-video-preview":"max-video-preview:-1"},"canonical":"https:\/\/www.bollore.fr\/es\/produits\/portique-pu20s\/","og_locale":"es_ES","og_type":"article","og_title":"Portique PU20S - Bollor\u00e9","og_description":"El p\u00f3rtico PU20S es un equipo electr\u00f3nico de una sola columna que se acopla al punto de acceso que se desea equipar.","og_url":"https:\/\/www.bollore.fr\/es\/produits\/portique-pu20s\/","og_site_name":"Bollor\u00e9","article_modified_time":"2026-03-16T10:45:07+00:00","og_image":[{"width":4046,"height":2935,"url":"https:\/\/www.bollore.fr\/wp-content\/uploads\/2022\/03\/09\/144-portique-pu20s.png","type":"image\/png"}],"twitter_card":"summary_large_image","schema":{"@context":"https:\/\/schema.org","@graph":[{"@type":"WebPage","@id":"https:\/\/www.bollore.fr\/es\/produits\/portique-pu20s\/","url":"https:\/\/www.bollore.fr\/es\/produits\/portique-pu20s\/","name":"Portique PU20S - Bollor\u00e9","isPartOf":{"@id":"https:\/\/www.bollore.fr\/es\/#website"},"primaryImageOfPage":{"@id":"https:\/\/www.bollore.fr\/es\/produits\/portique-pu20s\/#primaryimage"},"image":{"@id":"https:\/\/www.bollore.fr\/es\/produits\/portique-pu20s\/#primaryimage"},"thumbnailUrl":"https:\/\/www.bollore.fr\/wp-content\/uploads\/2022\/03\/09\/144-portique-pu20s.png","datePublished":"2022-03-09T10:01:14+00:00","dateModified":"2026-03-16T10:45:07+00:00","description":"El p\u00f3rtico PU20S es un equipo electr\u00f3nico de una sola columna que se acopla al punto de acceso que se desea equipar.","breadcrumb":{"@id":"https:\/\/www.bollore.fr\/es\/produits\/portique-pu20s\/#breadcrumb"},"inLanguage":"es-ES","potentialAction":[{"@type":"ReadAction","target":["https:\/\/www.bollore.fr\/es\/produits\/portique-pu20s\/"]}]},{"@type":"ImageObject","inLanguage":"es-ES","@id":"https:\/\/www.bollore.fr\/es\/produits\/portique-pu20s\/#primaryimage","url":"https:\/\/www.bollore.fr\/wp-content\/uploads\/2022\/03\/09\/144-portique-pu20s.png","contentUrl":"https:\/\/www.bollore.fr\/wp-content\/uploads\/2022\/03\/09\/144-portique-pu20s.png","width":4046,"height":2935},{"@type":"BreadcrumbList","@id":"https:\/\/www.bollore.fr\/es\/produits\/portique-pu20s\/#breadcrumb","itemListElement":[{"@type":"ListItem","position":1,"name":"Accueil","item":"https:\/\/www.bollore.fr\/es\/"},{"@type":"ListItem","position":2,"name":"Nuestras soluciones para seguridad","item":"https:\/\/www.bollore.fr\/es\/nuestras-soluciones-para-seguridad\/"},{"@type":"ListItem","position":3,"name":"Portique PU20S"}]},{"@type":"WebSite","@id":"https:\/\/www.bollore.fr\/es\/#website","url":"https:\/\/www.bollore.fr\/es\/","name":"Bollor\u00e9","description":"Avancez en toute s\u00e9curit\u00e9","publisher":{"@id":"https:\/\/www.bollore.fr\/es\/#organization"},"potentialAction":[{"@type":"SearchAction","target":{"@type":"EntryPoint","urlTemplate":"https:\/\/www.bollore.fr\/es\/?s={search_term_string}"},"query-input":{"@type":"PropertyValueSpecification","valueRequired":true,"valueName":"search_term_string"}}],"inLanguage":"es-ES"},{"@type":"Organization","@id":"https:\/\/www.bollore.fr\/es\/#organization","name":"Bollor\u00e9","url":"https:\/\/www.bollore.fr\/es\/","logo":{"@type":"ImageObject","inLanguage":"es-ES","@id":"https:\/\/www.bollore.fr\/es\/#\/schema\/logo\/image\/","url":"https:\/\/www.bollore.fr\/wp-content\/uploads\/2021\/12\/10\/logo-bollore.svg","contentUrl":"https:\/\/www.bollore.fr\/wp-content\/uploads\/2021\/12\/10\/logo-bollore.svg","width":164,"height":31,"caption":"Bollor\u00e9"},"image":{"@id":"https:\/\/www.bollore.fr\/es\/#\/schema\/logo\/image\/"}}]}},"_links":{"self":[{"href":"https:\/\/www.bollore.fr\/es\/wp-json\/wp\/v2\/product\/4832","targetHints":{"allow":["GET"]}}],"collection":[{"href":"https:\/\/www.bollore.fr\/es\/wp-json\/wp\/v2\/product"}],"about":[{"href":"https:\/\/www.bollore.fr\/es\/wp-json\/wp\/v2\/types\/product"}],"replies":[{"embeddable":true,"href":"https:\/\/www.bollore.fr\/es\/wp-json\/wp\/v2\/comments?post=4832"}],"wp:featuredmedia":[{"embeddable":true,"href":"https:\/\/www.bollore.fr\/es\/wp-json\/wp\/v2\/media\/3300"}],"wp:attachment":[{"href":"https:\/\/www.bollore.fr\/es\/wp-json\/wp\/v2\/media?parent=4832"}],"wp:term":[{"taxonomy":"product_brand","embeddable":true,"href":"https:\/\/www.bollore.fr\/es\/wp-json\/wp\/v2\/product_brand?post=4832"},{"taxonomy":"product_cat","embeddable":true,"href":"https:\/\/www.bollore.fr\/es\/wp-json\/wp\/v2\/product_cat?post=4832"},{"taxonomy":"product_tag","embeddable":true,"href":"https:\/\/www.bollore.fr\/es\/wp-json\/wp\/v2\/product_tag?post=4832"}],"curies":[{"name":"wp","href":"https:\/\/api.w.org\/{rel}","templated":true}]}}