{"id":4823,"date":"2022-03-08T16:37:20","date_gmt":"2022-03-08T15:37:20","guid":{"rendered":"https:\/\/www.bollore.fr\/produits\/sas-onyx-indoor\/"},"modified":"2026-03-16T11:59:35","modified_gmt":"2026-03-16T10:59:35","slug":"sas-onyx-indoor","status":"publish","type":"product","link":"https:\/\/www.bollore.fr\/es\/produits\/sas-onyx-indoor\/","title":{"rendered":"Sas ONYX Indoor"},"content":{"rendered":"<p><span style=\"font-weight: 400;\">La esclusa ONYX controla el acceso de peatones en ambas direcciones.<\/span> <span style=\"font-weight: 400;\">Sus dos puertas batientes autom\u00e1ticas permiten el paso en modo esclusa y su<\/span> <span style=\"font-weight: 400;\">sistema de detecci\u00f3n garantiza el paso \u00fanico.<\/span><br \/>\n<span style=\"font-weight: 400;\">Vers\u00e1til y de alta seguridad,<\/span> <span style=\"font-weight: 400;\">es la esclusa ideal para controlar el acceso a zonas muy sensibles, manteniendo al mismo tiempo la accesibilidad de las PMR, el cumplimiento de las salidas de emergencia y los pasillos log\u00edsticos.<\/span><\/p>\n<p><span style=\"font-weight: 400;\">Esta esclusa puede adaptarse f\u00e1cilmente para cumplir todos los requisitos espec\u00edficos de seguridad y protecci\u00f3n interna de edificios industriales, de servicios, bancarios, nucleares, centros de datos y aeropuertos.<\/span><\/p>\n<p><span style=\"font-weight: 400;\">El flujo a trav\u00e9s de la esclusa Onyx es de 6 a 8 personas por minuto.<\/span><\/p>\n","protected":false},"excerpt":{"rendered":"<p><span style=\"font-weight: 400;\">La esclusa ONYX controla el acceso peatonal en ambas direcciones. <\/span><\/p>\n<p><span style=\"font-weight: 400;\">Sus dos puertas batientes autom\u00e1ticas permiten el paso en modo esclusa.<\/span><\/p>\n","protected":false},"featured_media":3786,"comment_status":"closed","ping_status":"closed","template":"","meta":{"_acf_changed":false},"product_brand":[],"product_cat":[170,203],"product_tag":[],"class_list":{"0":"post-4823","1":"product","2":"type-product","3":"status-publish","4":"has-post-thumbnail","6":"product_cat-control-de-acceso","7":"product_cat-esclusas-automaticas","9":"first","10":"instock","11":"shipping-taxable","12":"product-type-simple"},"acf":[],"yoast_head":"<!-- This site is optimized with the Yoast SEO plugin v25.8 - https:\/\/yoast.com\/wordpress\/plugins\/seo\/ -->\n<title>Sas ONYX Indoor - Bollor\u00e9<\/title>\n<meta name=\"description\" content=\"La esclusa ONYX controla el acceso peatonal en ambas direcciones. Sus dos puertas batientes autom\u00e1ticas permiten el paso en modo esclusa.\" \/>\n<meta name=\"robots\" content=\"index, follow, max-snippet:-1, max-image-preview:large, max-video-preview:-1\" \/>\n<link rel=\"canonical\" href=\"https:\/\/www.bollore.fr\/es\/produits\/sas-onyx-indoor\/\" \/>\n<meta property=\"og:locale\" content=\"es_ES\" \/>\n<meta property=\"og:type\" content=\"article\" \/>\n<meta property=\"og:title\" content=\"Sas ONYX Indoor - Bollor\u00e9\" \/>\n<meta property=\"og:description\" content=\"La esclusa ONYX controla el acceso peatonal en ambas direcciones. Sus dos puertas batientes autom\u00e1ticas permiten el paso en modo esclusa.\" \/>\n<meta property=\"og:url\" content=\"https:\/\/www.bollore.fr\/es\/produits\/sas-onyx-indoor\/\" \/>\n<meta property=\"og:site_name\" content=\"Bollor\u00e9\" \/>\n<meta property=\"article:modified_time\" content=\"2026-03-16T10:59:35+00:00\" \/>\n<meta property=\"og:image\" content=\"https:\/\/www.bollore.fr\/wp-content\/uploads\/2022\/06\/13\/miniature-sas-onyx-indoor.png\" \/>\n\t<meta property=\"og:image:width\" content=\"1024\" \/>\n\t<meta property=\"og:image:height\" content=\"780\" \/>\n\t<meta property=\"og:image:type\" content=\"image\/png\" \/>\n<meta name=\"twitter:card\" content=\"summary_large_image\" \/>\n<meta name=\"twitter:label1\" content=\"Est. reading time\" \/>\n\t<meta name=\"twitter:data1\" content=\"1 minute\" \/>\n<script type=\"application\/ld+json\" class=\"yoast-schema-graph\">{\"@context\":\"https:\/\/schema.org\",\"@graph\":[{\"@type\":\"WebPage\",\"@id\":\"https:\/\/www.bollore.fr\/es\/produits\/sas-onyx-indoor\/\",\"url\":\"https:\/\/www.bollore.fr\/es\/produits\/sas-onyx-indoor\/\",\"name\":\"Sas ONYX Indoor - Bollor\u00e9\",\"isPartOf\":{\"@id\":\"https:\/\/www.bollore.fr\/es\/#website\"},\"primaryImageOfPage\":{\"@id\":\"https:\/\/www.bollore.fr\/es\/produits\/sas-onyx-indoor\/#primaryimage\"},\"image\":{\"@id\":\"https:\/\/www.bollore.fr\/es\/produits\/sas-onyx-indoor\/#primaryimage\"},\"thumbnailUrl\":\"https:\/\/www.bollore.fr\/wp-content\/uploads\/2022\/06\/13\/miniature-sas-onyx-indoor.png\",\"datePublished\":\"2022-03-08T15:37:20+00:00\",\"dateModified\":\"2026-03-16T10:59:35+00:00\",\"description\":\"La esclusa ONYX controla el acceso peatonal en ambas direcciones. Sus dos puertas batientes autom\u00e1ticas permiten el paso en modo esclusa.\",\"breadcrumb\":{\"@id\":\"https:\/\/www.bollore.fr\/es\/produits\/sas-onyx-indoor\/#breadcrumb\"},\"inLanguage\":\"es-ES\",\"potentialAction\":[{\"@type\":\"ReadAction\",\"target\":[\"https:\/\/www.bollore.fr\/es\/produits\/sas-onyx-indoor\/\"]}]},{\"@type\":\"ImageObject\",\"inLanguage\":\"es-ES\",\"@id\":\"https:\/\/www.bollore.fr\/es\/produits\/sas-onyx-indoor\/#primaryimage\",\"url\":\"https:\/\/www.bollore.fr\/wp-content\/uploads\/2022\/06\/13\/miniature-sas-onyx-indoor.png\",\"contentUrl\":\"https:\/\/www.bollore.fr\/wp-content\/uploads\/2022\/06\/13\/miniature-sas-onyx-indoor.png\",\"width\":1024,\"height\":780,\"caption\":\"miniature-sas-onyx-indoor\"},{\"@type\":\"BreadcrumbList\",\"@id\":\"https:\/\/www.bollore.fr\/es\/produits\/sas-onyx-indoor\/#breadcrumb\",\"itemListElement\":[{\"@type\":\"ListItem\",\"position\":1,\"name\":\"Accueil\",\"item\":\"https:\/\/www.bollore.fr\/es\/\"},{\"@type\":\"ListItem\",\"position\":2,\"name\":\"Nuestras soluciones para seguridad\",\"item\":\"https:\/\/www.bollore.fr\/es\/nuestras-soluciones-para-seguridad\/\"},{\"@type\":\"ListItem\",\"position\":3,\"name\":\"Sas ONYX Indoor\"}]},{\"@type\":\"WebSite\",\"@id\":\"https:\/\/www.bollore.fr\/es\/#website\",\"url\":\"https:\/\/www.bollore.fr\/es\/\",\"name\":\"Bollor\u00e9\",\"description\":\"Avancez en toute s\u00e9curit\u00e9\",\"publisher\":{\"@id\":\"https:\/\/www.bollore.fr\/es\/#organization\"},\"potentialAction\":[{\"@type\":\"SearchAction\",\"target\":{\"@type\":\"EntryPoint\",\"urlTemplate\":\"https:\/\/www.bollore.fr\/es\/?s={search_term_string}\"},\"query-input\":{\"@type\":\"PropertyValueSpecification\",\"valueRequired\":true,\"valueName\":\"search_term_string\"}}],\"inLanguage\":\"es-ES\"},{\"@type\":\"Organization\",\"@id\":\"https:\/\/www.bollore.fr\/es\/#organization\",\"name\":\"Bollor\u00e9\",\"url\":\"https:\/\/www.bollore.fr\/es\/\",\"logo\":{\"@type\":\"ImageObject\",\"inLanguage\":\"es-ES\",\"@id\":\"https:\/\/www.bollore.fr\/es\/#\/schema\/logo\/image\/\",\"url\":\"https:\/\/www.bollore.fr\/wp-content\/uploads\/2021\/12\/10\/logo-bollore.svg\",\"contentUrl\":\"https:\/\/www.bollore.fr\/wp-content\/uploads\/2021\/12\/10\/logo-bollore.svg\",\"width\":164,\"height\":31,\"caption\":\"Bollor\u00e9\"},\"image\":{\"@id\":\"https:\/\/www.bollore.fr\/es\/#\/schema\/logo\/image\/\"}}]}<\/script>\n<!-- \/ Yoast SEO plugin. -->","yoast_head_json":{"title":"Sas ONYX Indoor - Bollor\u00e9","description":"La esclusa ONYX controla el acceso peatonal en ambas direcciones. Sus dos puertas batientes autom\u00e1ticas permiten el paso en modo esclusa.","robots":{"index":"index","follow":"follow","max-snippet":"max-snippet:-1","max-image-preview":"max-image-preview:large","max-video-preview":"max-video-preview:-1"},"canonical":"https:\/\/www.bollore.fr\/es\/produits\/sas-onyx-indoor\/","og_locale":"es_ES","og_type":"article","og_title":"Sas ONYX Indoor - Bollor\u00e9","og_description":"La esclusa ONYX controla el acceso peatonal en ambas direcciones. Sus dos puertas batientes autom\u00e1ticas permiten el paso en modo esclusa.","og_url":"https:\/\/www.bollore.fr\/es\/produits\/sas-onyx-indoor\/","og_site_name":"Bollor\u00e9","article_modified_time":"2026-03-16T10:59:35+00:00","og_image":[{"width":1024,"height":780,"url":"https:\/\/www.bollore.fr\/wp-content\/uploads\/2022\/06\/13\/miniature-sas-onyx-indoor.png","type":"image\/png"}],"twitter_card":"summary_large_image","twitter_misc":{"Est. reading time":"1 minute"},"schema":{"@context":"https:\/\/schema.org","@graph":[{"@type":"WebPage","@id":"https:\/\/www.bollore.fr\/es\/produits\/sas-onyx-indoor\/","url":"https:\/\/www.bollore.fr\/es\/produits\/sas-onyx-indoor\/","name":"Sas ONYX Indoor - Bollor\u00e9","isPartOf":{"@id":"https:\/\/www.bollore.fr\/es\/#website"},"primaryImageOfPage":{"@id":"https:\/\/www.bollore.fr\/es\/produits\/sas-onyx-indoor\/#primaryimage"},"image":{"@id":"https:\/\/www.bollore.fr\/es\/produits\/sas-onyx-indoor\/#primaryimage"},"thumbnailUrl":"https:\/\/www.bollore.fr\/wp-content\/uploads\/2022\/06\/13\/miniature-sas-onyx-indoor.png","datePublished":"2022-03-08T15:37:20+00:00","dateModified":"2026-03-16T10:59:35+00:00","description":"La esclusa ONYX controla el acceso peatonal en ambas direcciones. Sus dos puertas batientes autom\u00e1ticas permiten el paso en modo esclusa.","breadcrumb":{"@id":"https:\/\/www.bollore.fr\/es\/produits\/sas-onyx-indoor\/#breadcrumb"},"inLanguage":"es-ES","potentialAction":[{"@type":"ReadAction","target":["https:\/\/www.bollore.fr\/es\/produits\/sas-onyx-indoor\/"]}]},{"@type":"ImageObject","inLanguage":"es-ES","@id":"https:\/\/www.bollore.fr\/es\/produits\/sas-onyx-indoor\/#primaryimage","url":"https:\/\/www.bollore.fr\/wp-content\/uploads\/2022\/06\/13\/miniature-sas-onyx-indoor.png","contentUrl":"https:\/\/www.bollore.fr\/wp-content\/uploads\/2022\/06\/13\/miniature-sas-onyx-indoor.png","width":1024,"height":780,"caption":"miniature-sas-onyx-indoor"},{"@type":"BreadcrumbList","@id":"https:\/\/www.bollore.fr\/es\/produits\/sas-onyx-indoor\/#breadcrumb","itemListElement":[{"@type":"ListItem","position":1,"name":"Accueil","item":"https:\/\/www.bollore.fr\/es\/"},{"@type":"ListItem","position":2,"name":"Nuestras soluciones para seguridad","item":"https:\/\/www.bollore.fr\/es\/nuestras-soluciones-para-seguridad\/"},{"@type":"ListItem","position":3,"name":"Sas ONYX Indoor"}]},{"@type":"WebSite","@id":"https:\/\/www.bollore.fr\/es\/#website","url":"https:\/\/www.bollore.fr\/es\/","name":"Bollor\u00e9","description":"Avancez en toute s\u00e9curit\u00e9","publisher":{"@id":"https:\/\/www.bollore.fr\/es\/#organization"},"potentialAction":[{"@type":"SearchAction","target":{"@type":"EntryPoint","urlTemplate":"https:\/\/www.bollore.fr\/es\/?s={search_term_string}"},"query-input":{"@type":"PropertyValueSpecification","valueRequired":true,"valueName":"search_term_string"}}],"inLanguage":"es-ES"},{"@type":"Organization","@id":"https:\/\/www.bollore.fr\/es\/#organization","name":"Bollor\u00e9","url":"https:\/\/www.bollore.fr\/es\/","logo":{"@type":"ImageObject","inLanguage":"es-ES","@id":"https:\/\/www.bollore.fr\/es\/#\/schema\/logo\/image\/","url":"https:\/\/www.bollore.fr\/wp-content\/uploads\/2021\/12\/10\/logo-bollore.svg","contentUrl":"https:\/\/www.bollore.fr\/wp-content\/uploads\/2021\/12\/10\/logo-bollore.svg","width":164,"height":31,"caption":"Bollor\u00e9"},"image":{"@id":"https:\/\/www.bollore.fr\/es\/#\/schema\/logo\/image\/"}}]}},"_links":{"self":[{"href":"https:\/\/www.bollore.fr\/es\/wp-json\/wp\/v2\/product\/4823","targetHints":{"allow":["GET"]}}],"collection":[{"href":"https:\/\/www.bollore.fr\/es\/wp-json\/wp\/v2\/product"}],"about":[{"href":"https:\/\/www.bollore.fr\/es\/wp-json\/wp\/v2\/types\/product"}],"replies":[{"embeddable":true,"href":"https:\/\/www.bollore.fr\/es\/wp-json\/wp\/v2\/comments?post=4823"}],"wp:featuredmedia":[{"embeddable":true,"href":"https:\/\/www.bollore.fr\/es\/wp-json\/wp\/v2\/media\/3786"}],"wp:attachment":[{"href":"https:\/\/www.bollore.fr\/es\/wp-json\/wp\/v2\/media?parent=4823"}],"wp:term":[{"taxonomy":"product_brand","embeddable":true,"href":"https:\/\/www.bollore.fr\/es\/wp-json\/wp\/v2\/product_brand?post=4823"},{"taxonomy":"product_cat","embeddable":true,"href":"https:\/\/www.bollore.fr\/es\/wp-json\/wp\/v2\/product_cat?post=4823"},{"taxonomy":"product_tag","embeddable":true,"href":"https:\/\/www.bollore.fr\/es\/wp-json\/wp\/v2\/product_tag?post=4823"}],"curies":[{"name":"wp","href":"https:\/\/api.w.org\/{rel}","templated":true}]}}