{"id":4791,"date":"2022-03-09T14:27:11","date_gmt":"2022-03-09T13:27:11","guid":{"rendered":"https:\/\/www.bollore.fr\/produits\/cerca-de-gard-active\/"},"modified":"2026-03-17T09:29:21","modified_gmt":"2026-03-17T08:29:21","slug":"cerca-de-gard-active","status":"publish","type":"product","link":"https:\/\/www.bollore.fr\/es\/produits\/cerca-de-gard-active\/","title":{"rendered":"Cerca de Gard&#8217;Active"},"content":{"rendered":"<p><span style=\"font-weight: 400;\">La valla Gard&#8217;Active protege el per\u00edmetro exterior detectando los intentos de robo e intrusi\u00f3n. Basada en la tecnolog\u00eda del cable tensado, activa una alarma y emite una descarga el\u00e9ctrica para repeler y disuadir en caso de <\/span><i><span style=\"font-weight: 400;\">\u2019<\/span><\/i><span style=\"font-weight: 400;\">intrusion.<\/span><\/p>\n<p><span style=\"font-weight: 400;\">Se adapta a las necesidades de seguridad del lugar para una disuasi\u00f3n \u00f3ptima, al tiempo que conserva un dise\u00f1o est\u00e9tico que se integra armoniosamente en su entorno.<\/span><\/p>\n<p><span style=\"font-weight: 400;\">Gard&#8217;Active se adapta f\u00e1cilmente a todas las necesidades espec\u00edficas de seguridad y protecci\u00f3n perimetral de empresas industriales, de servicios, bancarias, nucleares, aeroportuarias, penitenciarias, minoristas, de distribuci\u00f3n y centros de datos.<\/span><\/p>\n","protected":false},"excerpt":{"rendered":"<p><span style=\"font-weight: 400;\">La valla Gard&#8217; Active asegura el per\u00edmetro exterior detectando intentos de robo e intrusiones.<\/span><\/p>\n","protected":false},"featured_media":3326,"comment_status":"closed","ping_status":"closed","template":"","meta":{"_acf_changed":false},"product_brand":[],"product_cat":[210,216],"product_tag":[],"class_list":{"0":"post-4791","1":"product","2":"type-product","3":"status-publish","4":"has-post-thumbnail","6":"product_cat-proteccion-perimetral","7":"product_cat-vallas-de-seguridad","9":"first","10":"instock","11":"shipping-taxable","12":"product-type-simple"},"acf":[],"yoast_head":"<!-- This site is optimized with the Yoast SEO plugin v25.8 - https:\/\/yoast.com\/wordpress\/plugins\/seo\/ -->\n<title>Cerca de Gard&#039;Active - Bollor\u00e9<\/title>\n<meta name=\"description\" content=\"La valla Gard&#039;Active detecta los intentos de intrusi\u00f3n. Activa una alarma y emite una descarga el\u00e9ctrica para repeler y disuadir a los intrusos.\" \/>\n<meta name=\"robots\" content=\"index, follow, max-snippet:-1, max-image-preview:large, max-video-preview:-1\" \/>\n<link rel=\"canonical\" href=\"https:\/\/www.bollore.fr\/es\/produits\/cerca-de-gard-active\/\" \/>\n<meta property=\"og:locale\" content=\"es_ES\" \/>\n<meta property=\"og:type\" content=\"article\" \/>\n<meta property=\"og:title\" content=\"Cerca de Gard&#039;Active - Bollor\u00e9\" \/>\n<meta property=\"og:description\" content=\"La valla Gard&#039;Active detecta los intentos de intrusi\u00f3n. Activa una alarma y emite una descarga el\u00e9ctrica para repeler y disuadir a los intrusos.\" \/>\n<meta property=\"og:url\" content=\"https:\/\/www.bollore.fr\/es\/produits\/cerca-de-gard-active\/\" \/>\n<meta property=\"og:site_name\" content=\"Bollor\u00e9\" \/>\n<meta property=\"article:modified_time\" content=\"2026-03-17T08:29:21+00:00\" \/>\n<meta property=\"og:image\" content=\"https:\/\/www.bollore.fr\/wp-content\/uploads\/2022\/03\/09\/231-gardactive.png\" \/>\n\t<meta property=\"og:image:width\" content=\"4046\" \/>\n\t<meta property=\"og:image:height\" content=\"2935\" \/>\n\t<meta property=\"og:image:type\" content=\"image\/png\" \/>\n<meta name=\"twitter:card\" content=\"summary_large_image\" \/>\n<meta name=\"twitter:label1\" content=\"Est. reading time\" \/>\n\t<meta name=\"twitter:data1\" content=\"1 minute\" \/>\n<script type=\"application\/ld+json\" class=\"yoast-schema-graph\">{\"@context\":\"https:\/\/schema.org\",\"@graph\":[{\"@type\":\"WebPage\",\"@id\":\"https:\/\/www.bollore.fr\/es\/produits\/cerca-de-gard-active\/\",\"url\":\"https:\/\/www.bollore.fr\/es\/produits\/cerca-de-gard-active\/\",\"name\":\"Cerca de Gard'Active - Bollor\u00e9\",\"isPartOf\":{\"@id\":\"https:\/\/www.bollore.fr\/es\/#website\"},\"primaryImageOfPage\":{\"@id\":\"https:\/\/www.bollore.fr\/es\/produits\/cerca-de-gard-active\/#primaryimage\"},\"image\":{\"@id\":\"https:\/\/www.bollore.fr\/es\/produits\/cerca-de-gard-active\/#primaryimage\"},\"thumbnailUrl\":\"https:\/\/www.bollore.fr\/wp-content\/uploads\/2022\/03\/09\/231-gardactive.png\",\"datePublished\":\"2022-03-09T13:27:11+00:00\",\"dateModified\":\"2026-03-17T08:29:21+00:00\",\"description\":\"La valla Gard'Active detecta los intentos de intrusi\u00f3n. Activa una alarma y emite una descarga el\u00e9ctrica para repeler y disuadir a los intrusos.\",\"breadcrumb\":{\"@id\":\"https:\/\/www.bollore.fr\/es\/produits\/cerca-de-gard-active\/#breadcrumb\"},\"inLanguage\":\"es-ES\",\"potentialAction\":[{\"@type\":\"ReadAction\",\"target\":[\"https:\/\/www.bollore.fr\/es\/produits\/cerca-de-gard-active\/\"]}]},{\"@type\":\"ImageObject\",\"inLanguage\":\"es-ES\",\"@id\":\"https:\/\/www.bollore.fr\/es\/produits\/cerca-de-gard-active\/#primaryimage\",\"url\":\"https:\/\/www.bollore.fr\/wp-content\/uploads\/2022\/03\/09\/231-gardactive.png\",\"contentUrl\":\"https:\/\/www.bollore.fr\/wp-content\/uploads\/2022\/03\/09\/231-gardactive.png\",\"width\":4046,\"height\":2935},{\"@type\":\"BreadcrumbList\",\"@id\":\"https:\/\/www.bollore.fr\/es\/produits\/cerca-de-gard-active\/#breadcrumb\",\"itemListElement\":[{\"@type\":\"ListItem\",\"position\":1,\"name\":\"Accueil\",\"item\":\"https:\/\/www.bollore.fr\/es\/\"},{\"@type\":\"ListItem\",\"position\":2,\"name\":\"Nuestras soluciones para seguridad\",\"item\":\"https:\/\/www.bollore.fr\/es\/nuestras-soluciones-para-seguridad\/\"},{\"@type\":\"ListItem\",\"position\":3,\"name\":\"Cerca de Gard&rsquo;Active\"}]},{\"@type\":\"WebSite\",\"@id\":\"https:\/\/www.bollore.fr\/es\/#website\",\"url\":\"https:\/\/www.bollore.fr\/es\/\",\"name\":\"Bollor\u00e9\",\"description\":\"Avancez en toute s\u00e9curit\u00e9\",\"publisher\":{\"@id\":\"https:\/\/www.bollore.fr\/es\/#organization\"},\"potentialAction\":[{\"@type\":\"SearchAction\",\"target\":{\"@type\":\"EntryPoint\",\"urlTemplate\":\"https:\/\/www.bollore.fr\/es\/?s={search_term_string}\"},\"query-input\":{\"@type\":\"PropertyValueSpecification\",\"valueRequired\":true,\"valueName\":\"search_term_string\"}}],\"inLanguage\":\"es-ES\"},{\"@type\":\"Organization\",\"@id\":\"https:\/\/www.bollore.fr\/es\/#organization\",\"name\":\"Bollor\u00e9\",\"url\":\"https:\/\/www.bollore.fr\/es\/\",\"logo\":{\"@type\":\"ImageObject\",\"inLanguage\":\"es-ES\",\"@id\":\"https:\/\/www.bollore.fr\/es\/#\/schema\/logo\/image\/\",\"url\":\"https:\/\/www.bollore.fr\/wp-content\/uploads\/2021\/12\/10\/logo-bollore.svg\",\"contentUrl\":\"https:\/\/www.bollore.fr\/wp-content\/uploads\/2021\/12\/10\/logo-bollore.svg\",\"width\":164,\"height\":31,\"caption\":\"Bollor\u00e9\"},\"image\":{\"@id\":\"https:\/\/www.bollore.fr\/es\/#\/schema\/logo\/image\/\"}}]}<\/script>\n<!-- \/ Yoast SEO plugin. -->","yoast_head_json":{"title":"Cerca de Gard'Active - Bollor\u00e9","description":"La valla Gard'Active detecta los intentos de intrusi\u00f3n. Activa una alarma y emite una descarga el\u00e9ctrica para repeler y disuadir a los intrusos.","robots":{"index":"index","follow":"follow","max-snippet":"max-snippet:-1","max-image-preview":"max-image-preview:large","max-video-preview":"max-video-preview:-1"},"canonical":"https:\/\/www.bollore.fr\/es\/produits\/cerca-de-gard-active\/","og_locale":"es_ES","og_type":"article","og_title":"Cerca de Gard'Active - Bollor\u00e9","og_description":"La valla Gard'Active detecta los intentos de intrusi\u00f3n. Activa una alarma y emite una descarga el\u00e9ctrica para repeler y disuadir a los intrusos.","og_url":"https:\/\/www.bollore.fr\/es\/produits\/cerca-de-gard-active\/","og_site_name":"Bollor\u00e9","article_modified_time":"2026-03-17T08:29:21+00:00","og_image":[{"width":4046,"height":2935,"url":"https:\/\/www.bollore.fr\/wp-content\/uploads\/2022\/03\/09\/231-gardactive.png","type":"image\/png"}],"twitter_card":"summary_large_image","twitter_misc":{"Est. reading time":"1 minute"},"schema":{"@context":"https:\/\/schema.org","@graph":[{"@type":"WebPage","@id":"https:\/\/www.bollore.fr\/es\/produits\/cerca-de-gard-active\/","url":"https:\/\/www.bollore.fr\/es\/produits\/cerca-de-gard-active\/","name":"Cerca de Gard'Active - Bollor\u00e9","isPartOf":{"@id":"https:\/\/www.bollore.fr\/es\/#website"},"primaryImageOfPage":{"@id":"https:\/\/www.bollore.fr\/es\/produits\/cerca-de-gard-active\/#primaryimage"},"image":{"@id":"https:\/\/www.bollore.fr\/es\/produits\/cerca-de-gard-active\/#primaryimage"},"thumbnailUrl":"https:\/\/www.bollore.fr\/wp-content\/uploads\/2022\/03\/09\/231-gardactive.png","datePublished":"2022-03-09T13:27:11+00:00","dateModified":"2026-03-17T08:29:21+00:00","description":"La valla Gard'Active detecta los intentos de intrusi\u00f3n. Activa una alarma y emite una descarga el\u00e9ctrica para repeler y disuadir a los intrusos.","breadcrumb":{"@id":"https:\/\/www.bollore.fr\/es\/produits\/cerca-de-gard-active\/#breadcrumb"},"inLanguage":"es-ES","potentialAction":[{"@type":"ReadAction","target":["https:\/\/www.bollore.fr\/es\/produits\/cerca-de-gard-active\/"]}]},{"@type":"ImageObject","inLanguage":"es-ES","@id":"https:\/\/www.bollore.fr\/es\/produits\/cerca-de-gard-active\/#primaryimage","url":"https:\/\/www.bollore.fr\/wp-content\/uploads\/2022\/03\/09\/231-gardactive.png","contentUrl":"https:\/\/www.bollore.fr\/wp-content\/uploads\/2022\/03\/09\/231-gardactive.png","width":4046,"height":2935},{"@type":"BreadcrumbList","@id":"https:\/\/www.bollore.fr\/es\/produits\/cerca-de-gard-active\/#breadcrumb","itemListElement":[{"@type":"ListItem","position":1,"name":"Accueil","item":"https:\/\/www.bollore.fr\/es\/"},{"@type":"ListItem","position":2,"name":"Nuestras soluciones para seguridad","item":"https:\/\/www.bollore.fr\/es\/nuestras-soluciones-para-seguridad\/"},{"@type":"ListItem","position":3,"name":"Cerca de Gard&rsquo;Active"}]},{"@type":"WebSite","@id":"https:\/\/www.bollore.fr\/es\/#website","url":"https:\/\/www.bollore.fr\/es\/","name":"Bollor\u00e9","description":"Avancez en toute s\u00e9curit\u00e9","publisher":{"@id":"https:\/\/www.bollore.fr\/es\/#organization"},"potentialAction":[{"@type":"SearchAction","target":{"@type":"EntryPoint","urlTemplate":"https:\/\/www.bollore.fr\/es\/?s={search_term_string}"},"query-input":{"@type":"PropertyValueSpecification","valueRequired":true,"valueName":"search_term_string"}}],"inLanguage":"es-ES"},{"@type":"Organization","@id":"https:\/\/www.bollore.fr\/es\/#organization","name":"Bollor\u00e9","url":"https:\/\/www.bollore.fr\/es\/","logo":{"@type":"ImageObject","inLanguage":"es-ES","@id":"https:\/\/www.bollore.fr\/es\/#\/schema\/logo\/image\/","url":"https:\/\/www.bollore.fr\/wp-content\/uploads\/2021\/12\/10\/logo-bollore.svg","contentUrl":"https:\/\/www.bollore.fr\/wp-content\/uploads\/2021\/12\/10\/logo-bollore.svg","width":164,"height":31,"caption":"Bollor\u00e9"},"image":{"@id":"https:\/\/www.bollore.fr\/es\/#\/schema\/logo\/image\/"}}]}},"_links":{"self":[{"href":"https:\/\/www.bollore.fr\/es\/wp-json\/wp\/v2\/product\/4791","targetHints":{"allow":["GET"]}}],"collection":[{"href":"https:\/\/www.bollore.fr\/es\/wp-json\/wp\/v2\/product"}],"about":[{"href":"https:\/\/www.bollore.fr\/es\/wp-json\/wp\/v2\/types\/product"}],"replies":[{"embeddable":true,"href":"https:\/\/www.bollore.fr\/es\/wp-json\/wp\/v2\/comments?post=4791"}],"wp:featuredmedia":[{"embeddable":true,"href":"https:\/\/www.bollore.fr\/es\/wp-json\/wp\/v2\/media\/3326"}],"wp:attachment":[{"href":"https:\/\/www.bollore.fr\/es\/wp-json\/wp\/v2\/media?parent=4791"}],"wp:term":[{"taxonomy":"product_brand","embeddable":true,"href":"https:\/\/www.bollore.fr\/es\/wp-json\/wp\/v2\/product_brand?post=4791"},{"taxonomy":"product_cat","embeddable":true,"href":"https:\/\/www.bollore.fr\/es\/wp-json\/wp\/v2\/product_cat?post=4791"},{"taxonomy":"product_tag","embeddable":true,"href":"https:\/\/www.bollore.fr\/es\/wp-json\/wp\/v2\/product_tag?post=4791"}],"curies":[{"name":"wp","href":"https:\/\/api.w.org\/{rel}","templated":true}]}}