{"id":4613,"date":"2022-03-09T17:08:02","date_gmt":"2022-03-09T16:08:02","guid":{"rendered":"https:\/\/www.bollore.fr\/produits\/menuiserie-carapace\/"},"modified":"2026-03-16T11:20:25","modified_gmt":"2026-03-16T10:20:25","slug":"menuiserie-carapace","status":"publish","type":"product","link":"https:\/\/www.bollore.fr\/es\/produits\/menuiserie-carapace\/","title":{"rendered":"Carpinter\u00eda-CARAPACE"},"content":{"rendered":"<p>La gama CARAPACE es una gama de carpinter\u00eda de seguridad, acristalada u opaca, fabricada en aluminio. Esta gama, que refuerza la seguridad de la estructura de su edificio, se compone de marcos fijos, marcos correderos y puertas.<\/p>\n<p><span style=\"font-weight: 400;\">Nuestras carpinter\u00edas blindadas, probadas seg\u00fan las normas europeas de protecci\u00f3n antibalas EN 1522 y antirrobo EN 1627, cumplen todos los niveles de protecci\u00f3n de estas normas.<\/span><br \/>\n<span style=\"font-weight: 400;\">Las carpinter\u00edas CARAPACE se fabrican a medida para adaptarse a<\/span><span style=\"font-weight: 400;\"> entornos industriales, comerciales, bancarios, penitenciarios, nucleares, aeroportuarios, de centros de datos y minoristas.<\/span><\/p>\n","protected":false},"excerpt":{"rendered":"<p><span style=\"font-weight: 400;\">La gamme CARAPACE est une gamme de menuiserie s\u00e9curitaire vitr\u00e9e ou opaque en aluminium. Renfor\u00e7ant la s\u00e9curit\u00e9 de la structure de votre b\u00e2timent, elle est compos\u00e9e de ch\u00e2ssis fixes, de ch\u00e2ssis coulissants et de portes. <\/span><\/p>\n","protected":false},"featured_media":3398,"comment_status":"closed","ping_status":"closed","template":"","meta":{"_acf_changed":false},"product_brand":[],"product_cat":[194,172],"product_tag":[],"class_list":{"0":"post-4613","1":"product","2":"type-product","3":"status-publish","4":"has-post-thumbnail","6":"product_cat-carpinteria-de-seguridad","7":"product_cat-equipamiento-de-seguridad","9":"first","10":"instock","11":"shipping-taxable","12":"product-type-simple"},"acf":[],"yoast_head":"<!-- This site is optimized with the Yoast SEO plugin v25.8 - https:\/\/yoast.com\/wordpress\/plugins\/seo\/ -->\n<title>Carpinter\u00eda-CARAPACE - Bollor\u00e9<\/title>\n<meta name=\"robots\" content=\"index, follow, max-snippet:-1, max-image-preview:large, max-video-preview:-1\" \/>\n<link rel=\"canonical\" href=\"https:\/\/www.bollore.fr\/es\/produits\/menuiserie-carapace\/\" \/>\n<meta property=\"og:locale\" content=\"es_ES\" \/>\n<meta property=\"og:type\" content=\"article\" \/>\n<meta property=\"og:title\" content=\"Carpinter\u00eda-CARAPACE - Bollor\u00e9\" \/>\n<meta property=\"og:description\" content=\"La gamme CARAPACE est une gamme de menuiserie s\u00e9curitaire vitr\u00e9e ou opaque en aluminium. Renfor\u00e7ant la s\u00e9curit\u00e9 de la structure de votre b\u00e2timent, elle est compos\u00e9e de ch\u00e2ssis fixes, de ch\u00e2ssis coulissants et de portes.\" \/>\n<meta property=\"og:url\" content=\"https:\/\/www.bollore.fr\/es\/produits\/menuiserie-carapace\/\" \/>\n<meta property=\"og:site_name\" content=\"Bollor\u00e9\" \/>\n<meta property=\"article:modified_time\" content=\"2026-03-16T10:20:25+00:00\" \/>\n<meta property=\"og:image\" content=\"https:\/\/www.bollore.fr\/wp-content\/uploads\/2022\/03\/09\/312-menuiserie-carapace.png\" \/>\n\t<meta property=\"og:image:width\" content=\"4046\" \/>\n\t<meta property=\"og:image:height\" content=\"3091\" \/>\n\t<meta property=\"og:image:type\" content=\"image\/png\" \/>\n<meta name=\"twitter:card\" content=\"summary_large_image\" \/>\n<script type=\"application\/ld+json\" class=\"yoast-schema-graph\">{\"@context\":\"https:\/\/schema.org\",\"@graph\":[{\"@type\":\"WebPage\",\"@id\":\"https:\/\/www.bollore.fr\/es\/produits\/menuiserie-carapace\/\",\"url\":\"https:\/\/www.bollore.fr\/es\/produits\/menuiserie-carapace\/\",\"name\":\"Carpinter\u00eda-CARAPACE - Bollor\u00e9\",\"isPartOf\":{\"@id\":\"https:\/\/www.bollore.fr\/es\/#website\"},\"primaryImageOfPage\":{\"@id\":\"https:\/\/www.bollore.fr\/es\/produits\/menuiserie-carapace\/#primaryimage\"},\"image\":{\"@id\":\"https:\/\/www.bollore.fr\/es\/produits\/menuiserie-carapace\/#primaryimage\"},\"thumbnailUrl\":\"https:\/\/www.bollore.fr\/wp-content\/uploads\/2022\/03\/09\/312-menuiserie-carapace.png\",\"datePublished\":\"2022-03-09T16:08:02+00:00\",\"dateModified\":\"2026-03-16T10:20:25+00:00\",\"breadcrumb\":{\"@id\":\"https:\/\/www.bollore.fr\/es\/produits\/menuiserie-carapace\/#breadcrumb\"},\"inLanguage\":\"es-ES\",\"potentialAction\":[{\"@type\":\"ReadAction\",\"target\":[\"https:\/\/www.bollore.fr\/es\/produits\/menuiserie-carapace\/\"]}]},{\"@type\":\"ImageObject\",\"inLanguage\":\"es-ES\",\"@id\":\"https:\/\/www.bollore.fr\/es\/produits\/menuiserie-carapace\/#primaryimage\",\"url\":\"https:\/\/www.bollore.fr\/wp-content\/uploads\/2022\/03\/09\/312-menuiserie-carapace.png\",\"contentUrl\":\"https:\/\/www.bollore.fr\/wp-content\/uploads\/2022\/03\/09\/312-menuiserie-carapace.png\",\"width\":4046,\"height\":3091},{\"@type\":\"BreadcrumbList\",\"@id\":\"https:\/\/www.bollore.fr\/es\/produits\/menuiserie-carapace\/#breadcrumb\",\"itemListElement\":[{\"@type\":\"ListItem\",\"position\":1,\"name\":\"Accueil\",\"item\":\"https:\/\/www.bollore.fr\/es\/\"},{\"@type\":\"ListItem\",\"position\":2,\"name\":\"Nuestras soluciones para seguridad\",\"item\":\"https:\/\/www.bollore.fr\/es\/nuestras-soluciones-para-seguridad\/\"},{\"@type\":\"ListItem\",\"position\":3,\"name\":\"Carpinter\u00eda-CARAPACE\"}]},{\"@type\":\"WebSite\",\"@id\":\"https:\/\/www.bollore.fr\/es\/#website\",\"url\":\"https:\/\/www.bollore.fr\/es\/\",\"name\":\"Bollor\u00e9\",\"description\":\"Avancez en toute s\u00e9curit\u00e9\",\"publisher\":{\"@id\":\"https:\/\/www.bollore.fr\/es\/#organization\"},\"potentialAction\":[{\"@type\":\"SearchAction\",\"target\":{\"@type\":\"EntryPoint\",\"urlTemplate\":\"https:\/\/www.bollore.fr\/es\/?s={search_term_string}\"},\"query-input\":{\"@type\":\"PropertyValueSpecification\",\"valueRequired\":true,\"valueName\":\"search_term_string\"}}],\"inLanguage\":\"es-ES\"},{\"@type\":\"Organization\",\"@id\":\"https:\/\/www.bollore.fr\/es\/#organization\",\"name\":\"Bollor\u00e9\",\"url\":\"https:\/\/www.bollore.fr\/es\/\",\"logo\":{\"@type\":\"ImageObject\",\"inLanguage\":\"es-ES\",\"@id\":\"https:\/\/www.bollore.fr\/es\/#\/schema\/logo\/image\/\",\"url\":\"https:\/\/www.bollore.fr\/wp-content\/uploads\/2021\/12\/10\/logo-bollore.svg\",\"contentUrl\":\"https:\/\/www.bollore.fr\/wp-content\/uploads\/2021\/12\/10\/logo-bollore.svg\",\"width\":164,\"height\":31,\"caption\":\"Bollor\u00e9\"},\"image\":{\"@id\":\"https:\/\/www.bollore.fr\/es\/#\/schema\/logo\/image\/\"}}]}<\/script>\n<!-- \/ Yoast SEO plugin. -->","yoast_head_json":{"title":"Carpinter\u00eda-CARAPACE - Bollor\u00e9","robots":{"index":"index","follow":"follow","max-snippet":"max-snippet:-1","max-image-preview":"max-image-preview:large","max-video-preview":"max-video-preview:-1"},"canonical":"https:\/\/www.bollore.fr\/es\/produits\/menuiserie-carapace\/","og_locale":"es_ES","og_type":"article","og_title":"Carpinter\u00eda-CARAPACE - Bollor\u00e9","og_description":"La gamme CARAPACE est une gamme de menuiserie s\u00e9curitaire vitr\u00e9e ou opaque en aluminium. Renfor\u00e7ant la s\u00e9curit\u00e9 de la structure de votre b\u00e2timent, elle est compos\u00e9e de ch\u00e2ssis fixes, de ch\u00e2ssis coulissants et de portes.","og_url":"https:\/\/www.bollore.fr\/es\/produits\/menuiserie-carapace\/","og_site_name":"Bollor\u00e9","article_modified_time":"2026-03-16T10:20:25+00:00","og_image":[{"width":4046,"height":3091,"url":"https:\/\/www.bollore.fr\/wp-content\/uploads\/2022\/03\/09\/312-menuiserie-carapace.png","type":"image\/png"}],"twitter_card":"summary_large_image","schema":{"@context":"https:\/\/schema.org","@graph":[{"@type":"WebPage","@id":"https:\/\/www.bollore.fr\/es\/produits\/menuiserie-carapace\/","url":"https:\/\/www.bollore.fr\/es\/produits\/menuiserie-carapace\/","name":"Carpinter\u00eda-CARAPACE - Bollor\u00e9","isPartOf":{"@id":"https:\/\/www.bollore.fr\/es\/#website"},"primaryImageOfPage":{"@id":"https:\/\/www.bollore.fr\/es\/produits\/menuiserie-carapace\/#primaryimage"},"image":{"@id":"https:\/\/www.bollore.fr\/es\/produits\/menuiserie-carapace\/#primaryimage"},"thumbnailUrl":"https:\/\/www.bollore.fr\/wp-content\/uploads\/2022\/03\/09\/312-menuiserie-carapace.png","datePublished":"2022-03-09T16:08:02+00:00","dateModified":"2026-03-16T10:20:25+00:00","breadcrumb":{"@id":"https:\/\/www.bollore.fr\/es\/produits\/menuiserie-carapace\/#breadcrumb"},"inLanguage":"es-ES","potentialAction":[{"@type":"ReadAction","target":["https:\/\/www.bollore.fr\/es\/produits\/menuiserie-carapace\/"]}]},{"@type":"ImageObject","inLanguage":"es-ES","@id":"https:\/\/www.bollore.fr\/es\/produits\/menuiserie-carapace\/#primaryimage","url":"https:\/\/www.bollore.fr\/wp-content\/uploads\/2022\/03\/09\/312-menuiserie-carapace.png","contentUrl":"https:\/\/www.bollore.fr\/wp-content\/uploads\/2022\/03\/09\/312-menuiserie-carapace.png","width":4046,"height":3091},{"@type":"BreadcrumbList","@id":"https:\/\/www.bollore.fr\/es\/produits\/menuiserie-carapace\/#breadcrumb","itemListElement":[{"@type":"ListItem","position":1,"name":"Accueil","item":"https:\/\/www.bollore.fr\/es\/"},{"@type":"ListItem","position":2,"name":"Nuestras soluciones para seguridad","item":"https:\/\/www.bollore.fr\/es\/nuestras-soluciones-para-seguridad\/"},{"@type":"ListItem","position":3,"name":"Carpinter\u00eda-CARAPACE"}]},{"@type":"WebSite","@id":"https:\/\/www.bollore.fr\/es\/#website","url":"https:\/\/www.bollore.fr\/es\/","name":"Bollor\u00e9","description":"Avancez en toute s\u00e9curit\u00e9","publisher":{"@id":"https:\/\/www.bollore.fr\/es\/#organization"},"potentialAction":[{"@type":"SearchAction","target":{"@type":"EntryPoint","urlTemplate":"https:\/\/www.bollore.fr\/es\/?s={search_term_string}"},"query-input":{"@type":"PropertyValueSpecification","valueRequired":true,"valueName":"search_term_string"}}],"inLanguage":"es-ES"},{"@type":"Organization","@id":"https:\/\/www.bollore.fr\/es\/#organization","name":"Bollor\u00e9","url":"https:\/\/www.bollore.fr\/es\/","logo":{"@type":"ImageObject","inLanguage":"es-ES","@id":"https:\/\/www.bollore.fr\/es\/#\/schema\/logo\/image\/","url":"https:\/\/www.bollore.fr\/wp-content\/uploads\/2021\/12\/10\/logo-bollore.svg","contentUrl":"https:\/\/www.bollore.fr\/wp-content\/uploads\/2021\/12\/10\/logo-bollore.svg","width":164,"height":31,"caption":"Bollor\u00e9"},"image":{"@id":"https:\/\/www.bollore.fr\/es\/#\/schema\/logo\/image\/"}}]}},"_links":{"self":[{"href":"https:\/\/www.bollore.fr\/es\/wp-json\/wp\/v2\/product\/4613","targetHints":{"allow":["GET"]}}],"collection":[{"href":"https:\/\/www.bollore.fr\/es\/wp-json\/wp\/v2\/product"}],"about":[{"href":"https:\/\/www.bollore.fr\/es\/wp-json\/wp\/v2\/types\/product"}],"replies":[{"embeddable":true,"href":"https:\/\/www.bollore.fr\/es\/wp-json\/wp\/v2\/comments?post=4613"}],"wp:featuredmedia":[{"embeddable":true,"href":"https:\/\/www.bollore.fr\/es\/wp-json\/wp\/v2\/media\/3398"}],"wp:attachment":[{"href":"https:\/\/www.bollore.fr\/es\/wp-json\/wp\/v2\/media?parent=4613"}],"wp:term":[{"taxonomy":"product_brand","embeddable":true,"href":"https:\/\/www.bollore.fr\/es\/wp-json\/wp\/v2\/product_brand?post=4613"},{"taxonomy":"product_cat","embeddable":true,"href":"https:\/\/www.bollore.fr\/es\/wp-json\/wp\/v2\/product_cat?post=4613"},{"taxonomy":"product_tag","embeddable":true,"href":"https:\/\/www.bollore.fr\/es\/wp-json\/wp\/v2\/product_tag?post=4613"}],"curies":[{"name":"wp","href":"https:\/\/api.w.org\/{rel}","templated":true}]}}