{"id":4599,"date":"2022-03-10T15:14:15","date_gmt":"2022-03-10T14:14:15","guid":{"rendered":"https:\/\/www.bollore.fr\/produits\/modulo-seguro\/"},"modified":"2026-03-16T09:07:02","modified_gmt":"2026-03-16T08:07:02","slug":"modulo-seguro","status":"publish","type":"product","link":"https:\/\/www.bollore.fr\/es\/produits\/modulo-seguro\/","title":{"rendered":"M\u00f3dulo seguro"},"content":{"rendered":"<p><span style=\"font-weight: 400;\">Los m\u00f3dulos seguros son edificios de construcci\u00f3n r\u00e1pida y f\u00e1cil disposici\u00f3n para aplicaciones sensibles como PCS, celdas de detenci\u00f3n, instalaciones de custodia policial o sucursales bancarias. Pueden adaptarse a los requisitos de seguridad del lugar que se vaya a equipar. <\/span><\/p>\n<p><span style=\"font-weight: 400;\">Este equipo conserva las ventajas tradicionales de las construcciones modulares, al tiempo que a\u00f1ade un nivel adicional de seguridad a la construcci\u00f3n, evitando la necesidad de realizar obras de refuerzo in situ. <\/span><\/p>\n<p><span style=\"font-weight: 400;\">R\u00e1pidos de instalar, estos m\u00f3dulos de seguridad son ideales para proteger centros industriales, de servicios, bancarios, nucleares y penitenciarios, as\u00ed como empresas comerciales y de distribuci\u00f3n.<\/span><\/p>\n","protected":false},"excerpt":{"rendered":"<p><span style=\"font-weight: 400;\">Los m\u00f3dulos seguros son edificios de construcci\u00f3n r\u00e1pida y f\u00e1cil disposici\u00f3n para aplicaciones sensibles como PCS, celdas de detenci\u00f3n, instalaciones de custodia policial o sucursales bancarias. Pueden adaptarse a los requisitos de seguridad del lugar que se vaya a equipar. <\/span><\/p>\n","protected":false},"featured_media":3520,"comment_status":"closed","ping_status":"closed","template":"","meta":{"_acf_changed":false},"product_brand":[],"product_cat":[189,172],"product_tag":[],"class_list":{"0":"post-4599","1":"product","2":"type-product","3":"status-publish","4":"has-post-thumbnail","6":"product_cat-edificios-modulares","7":"product_cat-equipamiento-de-seguridad","9":"first","10":"instock","11":"shipping-taxable","12":"product-type-simple"},"acf":[],"yoast_head":"<!-- This site is optimized with the Yoast SEO plugin v25.8 - https:\/\/yoast.com\/wordpress\/plugins\/seo\/ -->\n<title>M\u00f3dulo seguro - Bollor\u00e9<\/title>\n<meta name=\"description\" content=\"Les modules s\u00e9curis\u00e9s sont des b\u00e2timents rapides \u00e0 construire et \u00e0 agencer pour les applications sensibles.\" \/>\n<meta name=\"robots\" content=\"index, follow, max-snippet:-1, max-image-preview:large, max-video-preview:-1\" \/>\n<link rel=\"canonical\" href=\"https:\/\/www.bollore.fr\/es\/produits\/modulo-seguro\/\" \/>\n<meta property=\"og:locale\" content=\"es_ES\" \/>\n<meta property=\"og:type\" content=\"article\" \/>\n<meta property=\"og:title\" content=\"M\u00f3dulo seguro - Bollor\u00e9\" \/>\n<meta property=\"og:description\" content=\"Les modules s\u00e9curis\u00e9s sont des b\u00e2timents rapides \u00e0 construire et \u00e0 agencer pour les applications sensibles.\" \/>\n<meta property=\"og:url\" content=\"https:\/\/www.bollore.fr\/es\/produits\/modulo-seguro\/\" \/>\n<meta property=\"og:site_name\" content=\"Bollor\u00e9\" \/>\n<meta property=\"article:modified_time\" content=\"2026-03-16T08:07:02+00:00\" \/>\n<meta property=\"og:image\" content=\"https:\/\/www.bollore.fr\/wp-content\/uploads\/2022\/03\/10\/miniature-module-securise.png\" \/>\n\t<meta property=\"og:image:width\" content=\"4046\" \/>\n\t<meta property=\"og:image:height\" content=\"3091\" \/>\n\t<meta property=\"og:image:type\" content=\"image\/png\" \/>\n<meta name=\"twitter:card\" content=\"summary_large_image\" \/>\n<meta name=\"twitter:label1\" content=\"Est. reading time\" \/>\n\t<meta name=\"twitter:data1\" content=\"1 minute\" \/>\n<script type=\"application\/ld+json\" class=\"yoast-schema-graph\">{\"@context\":\"https:\/\/schema.org\",\"@graph\":[{\"@type\":\"WebPage\",\"@id\":\"https:\/\/www.bollore.fr\/es\/produits\/modulo-seguro\/\",\"url\":\"https:\/\/www.bollore.fr\/es\/produits\/modulo-seguro\/\",\"name\":\"M\u00f3dulo seguro - Bollor\u00e9\",\"isPartOf\":{\"@id\":\"https:\/\/www.bollore.fr\/es\/#website\"},\"primaryImageOfPage\":{\"@id\":\"https:\/\/www.bollore.fr\/es\/produits\/modulo-seguro\/#primaryimage\"},\"image\":{\"@id\":\"https:\/\/www.bollore.fr\/es\/produits\/modulo-seguro\/#primaryimage\"},\"thumbnailUrl\":\"https:\/\/www.bollore.fr\/wp-content\/uploads\/2022\/03\/10\/miniature-module-securise.png\",\"datePublished\":\"2022-03-10T14:14:15+00:00\",\"dateModified\":\"2026-03-16T08:07:02+00:00\",\"description\":\"Les modules s\u00e9curis\u00e9s sont des b\u00e2timents rapides \u00e0 construire et \u00e0 agencer pour les applications sensibles.\",\"breadcrumb\":{\"@id\":\"https:\/\/www.bollore.fr\/es\/produits\/modulo-seguro\/#breadcrumb\"},\"inLanguage\":\"es-ES\",\"potentialAction\":[{\"@type\":\"ReadAction\",\"target\":[\"https:\/\/www.bollore.fr\/es\/produits\/modulo-seguro\/\"]}]},{\"@type\":\"ImageObject\",\"inLanguage\":\"es-ES\",\"@id\":\"https:\/\/www.bollore.fr\/es\/produits\/modulo-seguro\/#primaryimage\",\"url\":\"https:\/\/www.bollore.fr\/wp-content\/uploads\/2022\/03\/10\/miniature-module-securise.png\",\"contentUrl\":\"https:\/\/www.bollore.fr\/wp-content\/uploads\/2022\/03\/10\/miniature-module-securise.png\",\"width\":4046,\"height\":3091},{\"@type\":\"BreadcrumbList\",\"@id\":\"https:\/\/www.bollore.fr\/es\/produits\/modulo-seguro\/#breadcrumb\",\"itemListElement\":[{\"@type\":\"ListItem\",\"position\":1,\"name\":\"Accueil\",\"item\":\"https:\/\/www.bollore.fr\/es\/\"},{\"@type\":\"ListItem\",\"position\":2,\"name\":\"Nuestras soluciones para seguridad\",\"item\":\"https:\/\/www.bollore.fr\/es\/nuestras-soluciones-para-seguridad\/\"},{\"@type\":\"ListItem\",\"position\":3,\"name\":\"M\u00f3dulo seguro\"}]},{\"@type\":\"WebSite\",\"@id\":\"https:\/\/www.bollore.fr\/es\/#website\",\"url\":\"https:\/\/www.bollore.fr\/es\/\",\"name\":\"Bollor\u00e9\",\"description\":\"Avancez en toute s\u00e9curit\u00e9\",\"publisher\":{\"@id\":\"https:\/\/www.bollore.fr\/es\/#organization\"},\"potentialAction\":[{\"@type\":\"SearchAction\",\"target\":{\"@type\":\"EntryPoint\",\"urlTemplate\":\"https:\/\/www.bollore.fr\/es\/?s={search_term_string}\"},\"query-input\":{\"@type\":\"PropertyValueSpecification\",\"valueRequired\":true,\"valueName\":\"search_term_string\"}}],\"inLanguage\":\"es-ES\"},{\"@type\":\"Organization\",\"@id\":\"https:\/\/www.bollore.fr\/es\/#organization\",\"name\":\"Bollor\u00e9\",\"url\":\"https:\/\/www.bollore.fr\/es\/\",\"logo\":{\"@type\":\"ImageObject\",\"inLanguage\":\"es-ES\",\"@id\":\"https:\/\/www.bollore.fr\/es\/#\/schema\/logo\/image\/\",\"url\":\"https:\/\/www.bollore.fr\/wp-content\/uploads\/2021\/12\/10\/logo-bollore.svg\",\"contentUrl\":\"https:\/\/www.bollore.fr\/wp-content\/uploads\/2021\/12\/10\/logo-bollore.svg\",\"width\":164,\"height\":31,\"caption\":\"Bollor\u00e9\"},\"image\":{\"@id\":\"https:\/\/www.bollore.fr\/es\/#\/schema\/logo\/image\/\"}}]}<\/script>\n<!-- \/ Yoast SEO plugin. -->","yoast_head_json":{"title":"M\u00f3dulo seguro - Bollor\u00e9","description":"Les modules s\u00e9curis\u00e9s sont des b\u00e2timents rapides \u00e0 construire et \u00e0 agencer pour les applications sensibles.","robots":{"index":"index","follow":"follow","max-snippet":"max-snippet:-1","max-image-preview":"max-image-preview:large","max-video-preview":"max-video-preview:-1"},"canonical":"https:\/\/www.bollore.fr\/es\/produits\/modulo-seguro\/","og_locale":"es_ES","og_type":"article","og_title":"M\u00f3dulo seguro - Bollor\u00e9","og_description":"Les modules s\u00e9curis\u00e9s sont des b\u00e2timents rapides \u00e0 construire et \u00e0 agencer pour les applications sensibles.","og_url":"https:\/\/www.bollore.fr\/es\/produits\/modulo-seguro\/","og_site_name":"Bollor\u00e9","article_modified_time":"2026-03-16T08:07:02+00:00","og_image":[{"width":4046,"height":3091,"url":"https:\/\/www.bollore.fr\/wp-content\/uploads\/2022\/03\/10\/miniature-module-securise.png","type":"image\/png"}],"twitter_card":"summary_large_image","twitter_misc":{"Est. reading time":"1 minute"},"schema":{"@context":"https:\/\/schema.org","@graph":[{"@type":"WebPage","@id":"https:\/\/www.bollore.fr\/es\/produits\/modulo-seguro\/","url":"https:\/\/www.bollore.fr\/es\/produits\/modulo-seguro\/","name":"M\u00f3dulo seguro - Bollor\u00e9","isPartOf":{"@id":"https:\/\/www.bollore.fr\/es\/#website"},"primaryImageOfPage":{"@id":"https:\/\/www.bollore.fr\/es\/produits\/modulo-seguro\/#primaryimage"},"image":{"@id":"https:\/\/www.bollore.fr\/es\/produits\/modulo-seguro\/#primaryimage"},"thumbnailUrl":"https:\/\/www.bollore.fr\/wp-content\/uploads\/2022\/03\/10\/miniature-module-securise.png","datePublished":"2022-03-10T14:14:15+00:00","dateModified":"2026-03-16T08:07:02+00:00","description":"Les modules s\u00e9curis\u00e9s sont des b\u00e2timents rapides \u00e0 construire et \u00e0 agencer pour les applications sensibles.","breadcrumb":{"@id":"https:\/\/www.bollore.fr\/es\/produits\/modulo-seguro\/#breadcrumb"},"inLanguage":"es-ES","potentialAction":[{"@type":"ReadAction","target":["https:\/\/www.bollore.fr\/es\/produits\/modulo-seguro\/"]}]},{"@type":"ImageObject","inLanguage":"es-ES","@id":"https:\/\/www.bollore.fr\/es\/produits\/modulo-seguro\/#primaryimage","url":"https:\/\/www.bollore.fr\/wp-content\/uploads\/2022\/03\/10\/miniature-module-securise.png","contentUrl":"https:\/\/www.bollore.fr\/wp-content\/uploads\/2022\/03\/10\/miniature-module-securise.png","width":4046,"height":3091},{"@type":"BreadcrumbList","@id":"https:\/\/www.bollore.fr\/es\/produits\/modulo-seguro\/#breadcrumb","itemListElement":[{"@type":"ListItem","position":1,"name":"Accueil","item":"https:\/\/www.bollore.fr\/es\/"},{"@type":"ListItem","position":2,"name":"Nuestras soluciones para seguridad","item":"https:\/\/www.bollore.fr\/es\/nuestras-soluciones-para-seguridad\/"},{"@type":"ListItem","position":3,"name":"M\u00f3dulo seguro"}]},{"@type":"WebSite","@id":"https:\/\/www.bollore.fr\/es\/#website","url":"https:\/\/www.bollore.fr\/es\/","name":"Bollor\u00e9","description":"Avancez en toute s\u00e9curit\u00e9","publisher":{"@id":"https:\/\/www.bollore.fr\/es\/#organization"},"potentialAction":[{"@type":"SearchAction","target":{"@type":"EntryPoint","urlTemplate":"https:\/\/www.bollore.fr\/es\/?s={search_term_string}"},"query-input":{"@type":"PropertyValueSpecification","valueRequired":true,"valueName":"search_term_string"}}],"inLanguage":"es-ES"},{"@type":"Organization","@id":"https:\/\/www.bollore.fr\/es\/#organization","name":"Bollor\u00e9","url":"https:\/\/www.bollore.fr\/es\/","logo":{"@type":"ImageObject","inLanguage":"es-ES","@id":"https:\/\/www.bollore.fr\/es\/#\/schema\/logo\/image\/","url":"https:\/\/www.bollore.fr\/wp-content\/uploads\/2021\/12\/10\/logo-bollore.svg","contentUrl":"https:\/\/www.bollore.fr\/wp-content\/uploads\/2021\/12\/10\/logo-bollore.svg","width":164,"height":31,"caption":"Bollor\u00e9"},"image":{"@id":"https:\/\/www.bollore.fr\/es\/#\/schema\/logo\/image\/"}}]}},"_links":{"self":[{"href":"https:\/\/www.bollore.fr\/es\/wp-json\/wp\/v2\/product\/4599","targetHints":{"allow":["GET"]}}],"collection":[{"href":"https:\/\/www.bollore.fr\/es\/wp-json\/wp\/v2\/product"}],"about":[{"href":"https:\/\/www.bollore.fr\/es\/wp-json\/wp\/v2\/types\/product"}],"replies":[{"embeddable":true,"href":"https:\/\/www.bollore.fr\/es\/wp-json\/wp\/v2\/comments?post=4599"}],"wp:featuredmedia":[{"embeddable":true,"href":"https:\/\/www.bollore.fr\/es\/wp-json\/wp\/v2\/media\/3520"}],"wp:attachment":[{"href":"https:\/\/www.bollore.fr\/es\/wp-json\/wp\/v2\/media?parent=4599"}],"wp:term":[{"taxonomy":"product_brand","embeddable":true,"href":"https:\/\/www.bollore.fr\/es\/wp-json\/wp\/v2\/product_brand?post=4599"},{"taxonomy":"product_cat","embeddable":true,"href":"https:\/\/www.bollore.fr\/es\/wp-json\/wp\/v2\/product_cat?post=4599"},{"taxonomy":"product_tag","embeddable":true,"href":"https:\/\/www.bollore.fr\/es\/wp-json\/wp\/v2\/product_tag?post=4599"}],"curies":[{"name":"wp","href":"https:\/\/api.w.org\/{rel}","templated":true}]}}