{"id":4596,"date":"2022-03-10T14:59:11","date_gmt":"2022-03-10T13:59:11","guid":{"rendered":"https:\/\/www.bollore.fr\/produits\/pasapapeles\/"},"modified":"2026-03-16T10:11:24","modified_gmt":"2026-03-16T09:11:24","slug":"pasapapeles","status":"publish","type":"product","link":"https:\/\/www.bollore.fr\/es\/produits\/pasapapeles\/","title":{"rendered":"Pasapapeles"},"content":{"rendered":"<p>La amplia gama de portapaquetes y portadocumentos de Bollor\u00e9 puede integrarse f\u00e1cilmente en el mobiliario de seguridad. Algunos modelos pueden equiparse con elementos antibalas (incluida la resistencia al fuego para algunos) para responder a las exigencias de seguridad de los centros industriales, terciarios, bancarios, nucleares, penitenciarios y aeroportuarios, centros de datos y empresas minoristas y de distribuci\u00f3n.<br \/>\n*** Translated with www.DeepL.com\/Translator (free version) ***<\/p>\n<p>Tambi\u00e9n hay disponible como opci\u00f3n un sistema de intercomunicaci\u00f3n d\u00faplex completo DELTA 2.0 para los PSD frontales.<\/p>\n<p>Existen varios tipos de PSD, para adaptarse a todas las necesidades e instalaciones: correderas, fijas, motorizadas, con tambor giratorio, o la cerradura de maleta.<\/p>\n<p>Nous vous invitons \u00e0 t\u00e9l\u00e9charger la <a href=\"http:\/\/doc.bollore.fr\/bollore-gamme-passe-documents.pdf\">fiche produit PSD<\/a> pour d\u00e9couvrir notre gamme.<\/p>\n<p>&nbsp;<\/p>\n","protected":false},"excerpt":{"rendered":"<p><span style=\"font-weight: 400;\">Les passe-documents PSD s&#8217;int\u00e8grent facilement dans le mobilier de s\u00e9curit\u00e9 afin de s\u00e9curiser les transactions.<\/span><\/p>\n<p><span style=\"font-weight: 400;\">Des mod\u00e8les standards au mod\u00e8le pare-balles avec, en compl\u00e9ment une r\u00e9sistance au feu, la gamme s\u2019adapte \u00e0 tous les besoins de s\u00fbret\u00e9.<\/span><\/p>\n","protected":false},"featured_media":3502,"comment_status":"closed","ping_status":"closed","template":"","meta":{"_acf_changed":false},"product_brand":[],"product_cat":[172,196],"product_tag":[],"class_list":{"0":"post-4596","1":"product","2":"type-product","3":"status-publish","4":"has-post-thumbnail","6":"product_cat-equipamiento-de-seguridad","7":"product_cat-mobiliario-de-seguridad","9":"first","10":"instock","11":"shipping-taxable","12":"product-type-simple"},"acf":[],"yoast_head":"<!-- This site is optimized with the Yoast SEO plugin v25.8 - https:\/\/yoast.com\/wordpress\/plugins\/seo\/ -->\n<title>Pasapapeles - Bollor\u00e9<\/title>\n<meta name=\"description\" content=\"Los portadocumentos PSD pueden integrarse f\u00e1cilmente en muebles de seguridad para proteger las transacciones. Nuestra gama es apta para todos los p\u00fablicos.\" \/>\n<meta name=\"robots\" content=\"index, follow, max-snippet:-1, max-image-preview:large, max-video-preview:-1\" \/>\n<link rel=\"canonical\" href=\"https:\/\/www.bollore.fr\/es\/produits\/pasapapeles\/\" \/>\n<meta property=\"og:locale\" content=\"es_ES\" \/>\n<meta property=\"og:type\" content=\"article\" \/>\n<meta property=\"og:title\" content=\"Pasapapeles - Bollor\u00e9\" \/>\n<meta property=\"og:description\" content=\"Los portadocumentos PSD pueden integrarse f\u00e1cilmente en muebles de seguridad para proteger las transacciones. Nuestra gama es apta para todos los p\u00fablicos.\" \/>\n<meta property=\"og:url\" content=\"https:\/\/www.bollore.fr\/es\/produits\/pasapapeles\/\" \/>\n<meta property=\"og:site_name\" content=\"Bollor\u00e9\" \/>\n<meta property=\"article:modified_time\" content=\"2026-03-16T09:11:24+00:00\" \/>\n<meta property=\"og:image\" content=\"https:\/\/www.bollore.fr\/wp-content\/uploads\/2022\/03\/10\/343-passe-documents.png\" \/>\n\t<meta property=\"og:image:width\" content=\"1024\" \/>\n\t<meta property=\"og:image:height\" content=\"782\" \/>\n\t<meta property=\"og:image:type\" content=\"image\/png\" \/>\n<meta name=\"twitter:card\" content=\"summary_large_image\" \/>\n<meta name=\"twitter:label1\" content=\"Est. reading time\" \/>\n\t<meta name=\"twitter:data1\" content=\"1 minute\" \/>\n<script type=\"application\/ld+json\" class=\"yoast-schema-graph\">{\"@context\":\"https:\/\/schema.org\",\"@graph\":[{\"@type\":\"WebPage\",\"@id\":\"https:\/\/www.bollore.fr\/es\/produits\/pasapapeles\/\",\"url\":\"https:\/\/www.bollore.fr\/es\/produits\/pasapapeles\/\",\"name\":\"Pasapapeles - Bollor\u00e9\",\"isPartOf\":{\"@id\":\"https:\/\/www.bollore.fr\/es\/#website\"},\"primaryImageOfPage\":{\"@id\":\"https:\/\/www.bollore.fr\/es\/produits\/pasapapeles\/#primaryimage\"},\"image\":{\"@id\":\"https:\/\/www.bollore.fr\/es\/produits\/pasapapeles\/#primaryimage\"},\"thumbnailUrl\":\"https:\/\/www.bollore.fr\/wp-content\/uploads\/2022\/03\/10\/343-passe-documents.png\",\"datePublished\":\"2022-03-10T13:59:11+00:00\",\"dateModified\":\"2026-03-16T09:11:24+00:00\",\"description\":\"Los portadocumentos PSD pueden integrarse f\u00e1cilmente en muebles de seguridad para proteger las transacciones. Nuestra gama es apta para todos los p\u00fablicos.\",\"breadcrumb\":{\"@id\":\"https:\/\/www.bollore.fr\/es\/produits\/pasapapeles\/#breadcrumb\"},\"inLanguage\":\"es-ES\",\"potentialAction\":[{\"@type\":\"ReadAction\",\"target\":[\"https:\/\/www.bollore.fr\/es\/produits\/pasapapeles\/\"]}]},{\"@type\":\"ImageObject\",\"inLanguage\":\"es-ES\",\"@id\":\"https:\/\/www.bollore.fr\/es\/produits\/pasapapeles\/#primaryimage\",\"url\":\"https:\/\/www.bollore.fr\/wp-content\/uploads\/2022\/03\/10\/343-passe-documents.png\",\"contentUrl\":\"https:\/\/www.bollore.fr\/wp-content\/uploads\/2022\/03\/10\/343-passe-documents.png\",\"width\":1024,\"height\":782},{\"@type\":\"BreadcrumbList\",\"@id\":\"https:\/\/www.bollore.fr\/es\/produits\/pasapapeles\/#breadcrumb\",\"itemListElement\":[{\"@type\":\"ListItem\",\"position\":1,\"name\":\"Accueil\",\"item\":\"https:\/\/www.bollore.fr\/es\/\"},{\"@type\":\"ListItem\",\"position\":2,\"name\":\"Nuestras soluciones para seguridad\",\"item\":\"https:\/\/www.bollore.fr\/es\/nuestras-soluciones-para-seguridad\/\"},{\"@type\":\"ListItem\",\"position\":3,\"name\":\"Pasapapeles\"}]},{\"@type\":\"WebSite\",\"@id\":\"https:\/\/www.bollore.fr\/es\/#website\",\"url\":\"https:\/\/www.bollore.fr\/es\/\",\"name\":\"Bollor\u00e9\",\"description\":\"Avancez en toute s\u00e9curit\u00e9\",\"publisher\":{\"@id\":\"https:\/\/www.bollore.fr\/es\/#organization\"},\"potentialAction\":[{\"@type\":\"SearchAction\",\"target\":{\"@type\":\"EntryPoint\",\"urlTemplate\":\"https:\/\/www.bollore.fr\/es\/?s={search_term_string}\"},\"query-input\":{\"@type\":\"PropertyValueSpecification\",\"valueRequired\":true,\"valueName\":\"search_term_string\"}}],\"inLanguage\":\"es-ES\"},{\"@type\":\"Organization\",\"@id\":\"https:\/\/www.bollore.fr\/es\/#organization\",\"name\":\"Bollor\u00e9\",\"url\":\"https:\/\/www.bollore.fr\/es\/\",\"logo\":{\"@type\":\"ImageObject\",\"inLanguage\":\"es-ES\",\"@id\":\"https:\/\/www.bollore.fr\/es\/#\/schema\/logo\/image\/\",\"url\":\"https:\/\/www.bollore.fr\/wp-content\/uploads\/2021\/12\/10\/logo-bollore.svg\",\"contentUrl\":\"https:\/\/www.bollore.fr\/wp-content\/uploads\/2021\/12\/10\/logo-bollore.svg\",\"width\":164,\"height\":31,\"caption\":\"Bollor\u00e9\"},\"image\":{\"@id\":\"https:\/\/www.bollore.fr\/es\/#\/schema\/logo\/image\/\"}}]}<\/script>\n<!-- \/ Yoast SEO plugin. -->","yoast_head_json":{"title":"Pasapapeles - Bollor\u00e9","description":"Los portadocumentos PSD pueden integrarse f\u00e1cilmente en muebles de seguridad para proteger las transacciones. Nuestra gama es apta para todos los p\u00fablicos.","robots":{"index":"index","follow":"follow","max-snippet":"max-snippet:-1","max-image-preview":"max-image-preview:large","max-video-preview":"max-video-preview:-1"},"canonical":"https:\/\/www.bollore.fr\/es\/produits\/pasapapeles\/","og_locale":"es_ES","og_type":"article","og_title":"Pasapapeles - Bollor\u00e9","og_description":"Los portadocumentos PSD pueden integrarse f\u00e1cilmente en muebles de seguridad para proteger las transacciones. Nuestra gama es apta para todos los p\u00fablicos.","og_url":"https:\/\/www.bollore.fr\/es\/produits\/pasapapeles\/","og_site_name":"Bollor\u00e9","article_modified_time":"2026-03-16T09:11:24+00:00","og_image":[{"width":1024,"height":782,"url":"https:\/\/www.bollore.fr\/wp-content\/uploads\/2022\/03\/10\/343-passe-documents.png","type":"image\/png"}],"twitter_card":"summary_large_image","twitter_misc":{"Est. reading time":"1 minute"},"schema":{"@context":"https:\/\/schema.org","@graph":[{"@type":"WebPage","@id":"https:\/\/www.bollore.fr\/es\/produits\/pasapapeles\/","url":"https:\/\/www.bollore.fr\/es\/produits\/pasapapeles\/","name":"Pasapapeles - Bollor\u00e9","isPartOf":{"@id":"https:\/\/www.bollore.fr\/es\/#website"},"primaryImageOfPage":{"@id":"https:\/\/www.bollore.fr\/es\/produits\/pasapapeles\/#primaryimage"},"image":{"@id":"https:\/\/www.bollore.fr\/es\/produits\/pasapapeles\/#primaryimage"},"thumbnailUrl":"https:\/\/www.bollore.fr\/wp-content\/uploads\/2022\/03\/10\/343-passe-documents.png","datePublished":"2022-03-10T13:59:11+00:00","dateModified":"2026-03-16T09:11:24+00:00","description":"Los portadocumentos PSD pueden integrarse f\u00e1cilmente en muebles de seguridad para proteger las transacciones. Nuestra gama es apta para todos los p\u00fablicos.","breadcrumb":{"@id":"https:\/\/www.bollore.fr\/es\/produits\/pasapapeles\/#breadcrumb"},"inLanguage":"es-ES","potentialAction":[{"@type":"ReadAction","target":["https:\/\/www.bollore.fr\/es\/produits\/pasapapeles\/"]}]},{"@type":"ImageObject","inLanguage":"es-ES","@id":"https:\/\/www.bollore.fr\/es\/produits\/pasapapeles\/#primaryimage","url":"https:\/\/www.bollore.fr\/wp-content\/uploads\/2022\/03\/10\/343-passe-documents.png","contentUrl":"https:\/\/www.bollore.fr\/wp-content\/uploads\/2022\/03\/10\/343-passe-documents.png","width":1024,"height":782},{"@type":"BreadcrumbList","@id":"https:\/\/www.bollore.fr\/es\/produits\/pasapapeles\/#breadcrumb","itemListElement":[{"@type":"ListItem","position":1,"name":"Accueil","item":"https:\/\/www.bollore.fr\/es\/"},{"@type":"ListItem","position":2,"name":"Nuestras soluciones para seguridad","item":"https:\/\/www.bollore.fr\/es\/nuestras-soluciones-para-seguridad\/"},{"@type":"ListItem","position":3,"name":"Pasapapeles"}]},{"@type":"WebSite","@id":"https:\/\/www.bollore.fr\/es\/#website","url":"https:\/\/www.bollore.fr\/es\/","name":"Bollor\u00e9","description":"Avancez en toute s\u00e9curit\u00e9","publisher":{"@id":"https:\/\/www.bollore.fr\/es\/#organization"},"potentialAction":[{"@type":"SearchAction","target":{"@type":"EntryPoint","urlTemplate":"https:\/\/www.bollore.fr\/es\/?s={search_term_string}"},"query-input":{"@type":"PropertyValueSpecification","valueRequired":true,"valueName":"search_term_string"}}],"inLanguage":"es-ES"},{"@type":"Organization","@id":"https:\/\/www.bollore.fr\/es\/#organization","name":"Bollor\u00e9","url":"https:\/\/www.bollore.fr\/es\/","logo":{"@type":"ImageObject","inLanguage":"es-ES","@id":"https:\/\/www.bollore.fr\/es\/#\/schema\/logo\/image\/","url":"https:\/\/www.bollore.fr\/wp-content\/uploads\/2021\/12\/10\/logo-bollore.svg","contentUrl":"https:\/\/www.bollore.fr\/wp-content\/uploads\/2021\/12\/10\/logo-bollore.svg","width":164,"height":31,"caption":"Bollor\u00e9"},"image":{"@id":"https:\/\/www.bollore.fr\/es\/#\/schema\/logo\/image\/"}}]}},"_links":{"self":[{"href":"https:\/\/www.bollore.fr\/es\/wp-json\/wp\/v2\/product\/4596","targetHints":{"allow":["GET"]}}],"collection":[{"href":"https:\/\/www.bollore.fr\/es\/wp-json\/wp\/v2\/product"}],"about":[{"href":"https:\/\/www.bollore.fr\/es\/wp-json\/wp\/v2\/types\/product"}],"replies":[{"embeddable":true,"href":"https:\/\/www.bollore.fr\/es\/wp-json\/wp\/v2\/comments?post=4596"}],"wp:featuredmedia":[{"embeddable":true,"href":"https:\/\/www.bollore.fr\/es\/wp-json\/wp\/v2\/media\/3502"}],"wp:attachment":[{"href":"https:\/\/www.bollore.fr\/es\/wp-json\/wp\/v2\/media?parent=4596"}],"wp:term":[{"taxonomy":"product_brand","embeddable":true,"href":"https:\/\/www.bollore.fr\/es\/wp-json\/wp\/v2\/product_brand?post=4596"},{"taxonomy":"product_cat","embeddable":true,"href":"https:\/\/www.bollore.fr\/es\/wp-json\/wp\/v2\/product_cat?post=4596"},{"taxonomy":"product_tag","embeddable":true,"href":"https:\/\/www.bollore.fr\/es\/wp-json\/wp\/v2\/product_tag?post=4596"}],"curies":[{"name":"wp","href":"https:\/\/api.w.org\/{rel}","templated":true}]}}