{"id":4678,"date":"2021-12-06T11:09:49","date_gmt":"2021-12-06T10:09:49","guid":{"rendered":"https:\/\/www.bollore.fr\/avisos-legales\/"},"modified":"2025-09-11T15:33:48","modified_gmt":"2025-09-11T13:33:48","slug":"avisos-legales","status":"publish","type":"page","link":"https:\/\/www.bollore.fr\/es\/avisos-legales\/","title":{"rendered":"Avisos legales"},"content":{"rendered":"\n<p>De conformidad con las disposiciones de los art\u00edculos 6-III a7&gt; y 19 de la Ley n.\u00ba 2004-575 de 21 de junio a8&gt; 2004 para la confianza en la econom\u00eda digital, conocida como L.C.E.N., se pone a la atenci\u00f3n de usuarios y visitantes en adelante denominados \u00abel usuario\u00bb, del sitio web <a href=\"https:\/\/www.bollore.fr\/es\/\">www.bollore.fr<\/a>, en lo sucesivo denominado el \u00absitio web\u00bb, los presentes avisos legales .<\/p>\n\n<p>El acceso y la navegaci\u00f3n en el sitio web por parte del Usuario implican la aceptaci\u00f3n \u00edntegra y sin a7&gt; reserva de las presentes menciones legales.<\/p>\n\n<p><\/p>\n\n<p><strong><u>Editor<\/u><\/strong><\/p>\n\n<p>La edici\u00f3n del sitio web est\u00e1 a cargo de Bollor\u00e9 Protection SAS con un capital de 403 200 euros, inscrita en el Registro de Comercio y Sociedades de Nantes con a14&gt; el n\u00famero SIREN 305 419 897 cuya sede social se encuentra se encuentra en 14 rue Louis Pasteur \u2013 44119 Treilli\u00e8res.<\/p>\n\n<p>N\u00famero de tel\u00e9fono: 02.40.77.82.82<\/p>\n\n<p>El director de la publicaci\u00f3n es el se\u00f1or Fr\u00e9deric Bollor\u00e9, director general.<\/p>\n\n<p><\/p>\n\n<p><strong><u>Dise\u00f1ador<\/u><\/strong><\/p>\n\n<p>El sitio web ha sido dise\u00f1ado y realizado por la empresa Nobilito, agencia de comunicaci\u00f3n y agencia web en Nantes cuya sede se encuentra se encuentra en el 96 boulevard de la Prairie en Duc \u2013 44200 Nantes.<\/p>\n\n<p> N\u00famero de tel\u00e9fono: 02.53.35.40.00<\/p>\n\n<p><a href=\"http:\/\/www.nobilito.fr\">www.nobilito.fr<\/a><\/p>\n\n<p><\/p>\n\n<p><strong><u>Proveedor de alojamiento web<\/u><\/strong><\/p>\n\n<p>El proveedor de alojamiento del sitio web es la empresa OVH, cuya sede social se encuentra en 2 rue Kellerman \u2013 59100 Roubaix.<\/p>\n\n<p><a href=\"http:\/\/www.ovhcloud.com\/fr\">www.ovhcloud.com\/fr<\/a><\/p>\n\n<p><strong><u>Cookies<\/u><\/strong><\/p>\n\n<p>Se informa al usuario de que cookies pueden instalarse en su navegador. En todos los casos, el usuario puede libremente borrar sus cookies de su navegador. <\/p>\n\n<p><\/p>\n\n<p><strong><u>Propiedad Intelectual<\/u><\/strong><\/p>\n\n<p>Todo este sitio web se rige por la legislaci\u00f3n francesa e internacional sobre derechos de autor y propiedad intelectual. Todos los derechos de reproducci\u00f3n est\u00e1n reservados, incluidas las representaciones iconogr\u00e1ficas y fotogr\u00e1ficas. La reproducci\u00f3n, adaptaci\u00f3n y\/o traducci\u00f3n de todo o parte de este sitio en cualquier soporte cualquiera que sea, est\u00e1 formalmente prohibida salvo autorizaci\u00f3n expresa del Director de la publicaci\u00f3n  <\/p>\n\n<p><a href=\"https:\/\/www.bollore.fr\/es\/\" target=\"_blank\" rel=\"noreferrer noopener\"><em>Bollor\u00e9 Protection<\/em><\/a><em> no mantiene ning\u00fan v\u00ednculo, ni familiar, ni capitalista, con el grupo hom\u00f3nimo bien conocido.<\/em><\/p>\n\n<p>&#8212;<\/p>\n\n<p>El sitio web es accesible en cualquier lugar, los 7 d\u00edas de la semana, las 24 horas del d\u00eda, salvo en casos de fuerza mayor, interrupci\u00f3n programada o no que pueda derivarse de una necesidad de mantenimiento.<\/p>\n\n<p>En caso de modificaci\u00f3n, interrupci\u00f3n o suspensi\u00f3n del sitio, el editor no podr\u00e1 ser considerado responsable.<\/p>\n\n<p>El sitio web es propiedad exclusiva de la empresa Bollor\u00e9 Protection.<\/p>\n\n<p>La reserva de los diferentes nombres de dominio se ha realizado de conformidad con las a8&gt; disposiciones vigentes ante la NIC y la AFNIC.<\/p>\n\n<p>De conformidad con la legislaci\u00f3n vigente, usted tiene derecho a acceder, modificar, rectificaci\u00f3n y supresi\u00f3n de los datos nominativos que le conciernen, enviando su solicitud exclusivamente por correo postal a la empresa Bollor\u00e9 Protection.<\/p>\n\n<p>Bollor\u00e9 Protection se compromete, adem\u00e1s, a tomar todas las precauciones necesarias para a8&gt; proteger los datos de car\u00e1cter personal tratados por sus servicios, y en particular para evitar que sean deformados, da\u00f1ados o comunicados a terceros no autorizados.<\/p>\n\n<p>Recordamos que el contenido de este sitio web puede modificarse o actualizarse sin previo aviso y que en ning\u00fan caso constituye un compromiso contractual. Cualquier enlace a este sitio web debe ser previamente comunicado por correo electr\u00f3nico a co&#109;&#109;&#101;&#x72;&#x63;&#x69;&#x61;l&#64;&#98;&#111;&#108;&#x6c;&#x6f;&#x72;&#x65;&#46;f&#114;. Bollor\u00e9 Protection se reserva el derecho de exigir la eliminaci\u00f3n de dicho enlace.  <\/p>\n\n<p>Ce Site Web constitue une \u0153uvre prot\u00e9g\u00e9e en France par le Code de Propri\u00e9t\u00e9 Intellectuelle, et \u00e0 l\u2019\u00e9tranger par les conventions internationales en vigueur sur le droit d\u2019auteur. La violation de l\u2019un des droits d\u2019auteur de l\u2019\u0153uvre est un d\u00e9lit de contrefa\u00e7on, passible, aux termes de l\u2019article L.335-2 du Code de la Propri\u00e9t\u00e9 Intellectuelle, de 2 ans d\u2019emprisonnement et de 152 450 \u20ac d\u2019amende. <\/p>\n","protected":false},"excerpt":{"rendered":"<p>De conformidad con las disposiciones de los art\u00edculos 6-III a7&gt; y 19 de la Ley n.\u00ba 2004-575 de 21 de junio a8&gt; 2004 para la confianza en la econom\u00eda digital, conocida como L.C.E.N., se pone a la atenci\u00f3n de usuarios y visitantes en adelante denominados \u00abel usuario\u00bb, del sitio web www.bollore.fr, en lo sucesivo denominado [&hellip;]<\/p>\n","protected":false},"author":1,"featured_media":0,"parent":0,"menu_order":23,"comment_status":"closed","ping_status":"closed","template":"","meta":{"_acf_changed":false,"footnotes":""},"class_list":["post-4678","page","type-page","status-publish","hentry"],"acf":[],"yoast_head":"<!-- This site is optimized with the Yoast SEO plugin v25.8 - https:\/\/yoast.com\/wordpress\/plugins\/seo\/ -->\n<title>Avisos legales - Bollor\u00e9<\/title>\n<meta name=\"robots\" content=\"noindex, follow\" \/>\n<meta property=\"og:locale\" content=\"es_ES\" \/>\n<meta property=\"og:type\" content=\"article\" \/>\n<meta property=\"og:title\" content=\"Avisos legales - Bollor\u00e9\" \/>\n<meta property=\"og:description\" content=\"De conformidad con las disposiciones de los art\u00edculos 6-III a7&gt; y 19 de la Ley n.\u00ba 2004-575 de 21 de junio a8&gt; 2004 para la confianza en la econom\u00eda digital, conocida como L.C.E.N., se pone a la atenci\u00f3n de usuarios y visitantes en adelante denominados \u00abel usuario\u00bb, del sitio web www.bollore.fr, en lo sucesivo denominado [&hellip;]\" \/>\n<meta property=\"og:url\" content=\"https:\/\/www.bollore.fr\/es\/avisos-legales\/\" \/>\n<meta property=\"og:site_name\" content=\"Bollor\u00e9\" \/>\n<meta property=\"article:modified_time\" content=\"2025-09-11T13:33:48+00:00\" \/>\n<meta property=\"og:image\" content=\"https:\/\/www.bollore.fr\/wp-content\/uploads\/2022\/02\/07\/galerie-photos-tf600-6.jpg\" \/>\n\t<meta property=\"og:image:width\" content=\"1772\" \/>\n\t<meta property=\"og:image:height\" content=\"1183\" \/>\n\t<meta property=\"og:image:type\" content=\"image\/jpeg\" \/>\n<meta name=\"twitter:card\" content=\"summary_large_image\" \/>\n<meta name=\"twitter:label1\" content=\"Est. reading time\" \/>\n\t<meta name=\"twitter:data1\" content=\"3 minutes\" \/>\n<script type=\"application\/ld+json\" class=\"yoast-schema-graph\">{\"@context\":\"https:\/\/schema.org\",\"@graph\":[{\"@type\":\"WebPage\",\"@id\":\"https:\/\/www.bollore.fr\/es\/avisos-legales\/\",\"url\":\"https:\/\/www.bollore.fr\/es\/avisos-legales\/\",\"name\":\"Avisos legales - Bollor\u00e9\",\"isPartOf\":{\"@id\":\"https:\/\/www.bollore.fr\/es\/#website\"},\"datePublished\":\"2021-12-06T10:09:49+00:00\",\"dateModified\":\"2025-09-11T13:33:48+00:00\",\"breadcrumb\":{\"@id\":\"https:\/\/www.bollore.fr\/es\/avisos-legales\/#breadcrumb\"},\"inLanguage\":\"es-ES\",\"potentialAction\":[{\"@type\":\"ReadAction\",\"target\":[\"https:\/\/www.bollore.fr\/es\/avisos-legales\/\"]}]},{\"@type\":\"BreadcrumbList\",\"@id\":\"https:\/\/www.bollore.fr\/es\/avisos-legales\/#breadcrumb\",\"itemListElement\":[{\"@type\":\"ListItem\",\"position\":1,\"name\":\"Accueil\",\"item\":\"https:\/\/www.bollore.fr\/es\/\"},{\"@type\":\"ListItem\",\"position\":2,\"name\":\"Avisos legales\"}]},{\"@type\":\"WebSite\",\"@id\":\"https:\/\/www.bollore.fr\/es\/#website\",\"url\":\"https:\/\/www.bollore.fr\/es\/\",\"name\":\"Bollor\u00e9\",\"description\":\"Avancez en toute s\u00e9curit\u00e9\",\"publisher\":{\"@id\":\"https:\/\/www.bollore.fr\/es\/#organization\"},\"potentialAction\":[{\"@type\":\"SearchAction\",\"target\":{\"@type\":\"EntryPoint\",\"urlTemplate\":\"https:\/\/www.bollore.fr\/es\/?s={search_term_string}\"},\"query-input\":{\"@type\":\"PropertyValueSpecification\",\"valueRequired\":true,\"valueName\":\"search_term_string\"}}],\"inLanguage\":\"es-ES\"},{\"@type\":\"Organization\",\"@id\":\"https:\/\/www.bollore.fr\/es\/#organization\",\"name\":\"Bollor\u00e9\",\"url\":\"https:\/\/www.bollore.fr\/es\/\",\"logo\":{\"@type\":\"ImageObject\",\"inLanguage\":\"es-ES\",\"@id\":\"https:\/\/www.bollore.fr\/es\/#\/schema\/logo\/image\/\",\"url\":\"https:\/\/www.bollore.fr\/wp-content\/uploads\/2021\/12\/10\/logo-bollore.svg\",\"contentUrl\":\"https:\/\/www.bollore.fr\/wp-content\/uploads\/2021\/12\/10\/logo-bollore.svg\",\"width\":164,\"height\":31,\"caption\":\"Bollor\u00e9\"},\"image\":{\"@id\":\"https:\/\/www.bollore.fr\/es\/#\/schema\/logo\/image\/\"}}]}<\/script>\n<!-- \/ Yoast SEO plugin. -->","yoast_head_json":{"title":"Avisos legales - Bollor\u00e9","robots":{"index":"noindex","follow":"follow"},"og_locale":"es_ES","og_type":"article","og_title":"Avisos legales - Bollor\u00e9","og_description":"De conformidad con las disposiciones de los art\u00edculos 6-III a7&gt; y 19 de la Ley n.\u00ba 2004-575 de 21 de junio a8&gt; 2004 para la confianza en la econom\u00eda digital, conocida como L.C.E.N., se pone a la atenci\u00f3n de usuarios y visitantes en adelante denominados \u00abel usuario\u00bb, del sitio web www.bollore.fr, en lo sucesivo denominado [&hellip;]","og_url":"https:\/\/www.bollore.fr\/es\/avisos-legales\/","og_site_name":"Bollor\u00e9","article_modified_time":"2025-09-11T13:33:48+00:00","og_image":[{"width":1772,"height":1183,"url":"https:\/\/www.bollore.fr\/wp-content\/uploads\/2022\/02\/07\/galerie-photos-tf600-6.jpg","type":"image\/jpeg"}],"twitter_card":"summary_large_image","twitter_misc":{"Est. reading time":"3 minutes"},"schema":{"@context":"https:\/\/schema.org","@graph":[{"@type":"WebPage","@id":"https:\/\/www.bollore.fr\/es\/avisos-legales\/","url":"https:\/\/www.bollore.fr\/es\/avisos-legales\/","name":"Avisos legales - Bollor\u00e9","isPartOf":{"@id":"https:\/\/www.bollore.fr\/es\/#website"},"datePublished":"2021-12-06T10:09:49+00:00","dateModified":"2025-09-11T13:33:48+00:00","breadcrumb":{"@id":"https:\/\/www.bollore.fr\/es\/avisos-legales\/#breadcrumb"},"inLanguage":"es-ES","potentialAction":[{"@type":"ReadAction","target":["https:\/\/www.bollore.fr\/es\/avisos-legales\/"]}]},{"@type":"BreadcrumbList","@id":"https:\/\/www.bollore.fr\/es\/avisos-legales\/#breadcrumb","itemListElement":[{"@type":"ListItem","position":1,"name":"Accueil","item":"https:\/\/www.bollore.fr\/es\/"},{"@type":"ListItem","position":2,"name":"Avisos legales"}]},{"@type":"WebSite","@id":"https:\/\/www.bollore.fr\/es\/#website","url":"https:\/\/www.bollore.fr\/es\/","name":"Bollor\u00e9","description":"Avancez en toute s\u00e9curit\u00e9","publisher":{"@id":"https:\/\/www.bollore.fr\/es\/#organization"},"potentialAction":[{"@type":"SearchAction","target":{"@type":"EntryPoint","urlTemplate":"https:\/\/www.bollore.fr\/es\/?s={search_term_string}"},"query-input":{"@type":"PropertyValueSpecification","valueRequired":true,"valueName":"search_term_string"}}],"inLanguage":"es-ES"},{"@type":"Organization","@id":"https:\/\/www.bollore.fr\/es\/#organization","name":"Bollor\u00e9","url":"https:\/\/www.bollore.fr\/es\/","logo":{"@type":"ImageObject","inLanguage":"es-ES","@id":"https:\/\/www.bollore.fr\/es\/#\/schema\/logo\/image\/","url":"https:\/\/www.bollore.fr\/wp-content\/uploads\/2021\/12\/10\/logo-bollore.svg","contentUrl":"https:\/\/www.bollore.fr\/wp-content\/uploads\/2021\/12\/10\/logo-bollore.svg","width":164,"height":31,"caption":"Bollor\u00e9"},"image":{"@id":"https:\/\/www.bollore.fr\/es\/#\/schema\/logo\/image\/"}}]}},"_links":{"self":[{"href":"https:\/\/www.bollore.fr\/es\/wp-json\/wp\/v2\/pages\/4678","targetHints":{"allow":["GET"]}}],"collection":[{"href":"https:\/\/www.bollore.fr\/es\/wp-json\/wp\/v2\/pages"}],"about":[{"href":"https:\/\/www.bollore.fr\/es\/wp-json\/wp\/v2\/types\/page"}],"author":[{"embeddable":true,"href":"https:\/\/www.bollore.fr\/es\/wp-json\/wp\/v2\/users\/1"}],"replies":[{"embeddable":true,"href":"https:\/\/www.bollore.fr\/es\/wp-json\/wp\/v2\/comments?post=4678"}],"version-history":[{"count":1,"href":"https:\/\/www.bollore.fr\/es\/wp-json\/wp\/v2\/pages\/4678\/revisions"}],"predecessor-version":[{"id":4679,"href":"https:\/\/www.bollore.fr\/es\/wp-json\/wp\/v2\/pages\/4678\/revisions\/4679"}],"wp:attachment":[{"href":"https:\/\/www.bollore.fr\/es\/wp-json\/wp\/v2\/media?parent=4678"}],"curies":[{"name":"wp","href":"https:\/\/api.w.org\/{rel}","templated":true}]}}