{"id":4513,"date":"2025-05-20T15:10:36","date_gmt":"2025-05-20T13:10:36","guid":{"rendered":"https:\/\/www.bollore.fr\/servicios-y-asistencia\/"},"modified":"2026-02-19T10:07:26","modified_gmt":"2026-02-19T09:07:26","slug":"servicios-y-asistencia","status":"publish","type":"page","link":"https:\/\/www.bollore.fr\/es\/servicios-y-asistencia\/","title":{"rendered":"Nuestro servicio posventa"},"content":{"rendered":"\n<h2 class=\"wp-block-heading\">El servicio posventa Bollor\u00e9: cuidar sus productos para que duren m\u00e1s tiempo.<\/h2>\n\n<p>Todos los productos Bollor\u00e9 Protection est\u00e1n dise\u00f1ados para durar y garantizar un alto nivel de seguridad a largo plazo. Para preservar el rendimiento y la fiabilidad de sus instalaciones, Bollor\u00e9 ofrece un servicio de mantenimiento completo, que abarca tanto el mantenimiento preventivo como el correctivo, en todo el territorio franc\u00e9s. <\/p>\n\n<h3 class=\"wp-block-heading\">Un mantenimiento \u00ab llave en mano \u00bb para perpetuar sus equipos<\/h3>\n\n<p>El servicio posventa (S.A.V) de Bollor\u00e9 ofrece prestaciones \u00abllave en mano\u00bb para todos sus equipos de seguridad: control de acceso, vallas de seguridad, carpinter\u00eda antibalas, etc.<\/p>\n\n<p>Dos objetivos principales gu\u00edan cada intervenci\u00f3n:<\/p>\n\n<ul class=\"wp-block-list\">\n<li>Prevenir, mediante operaciones de mantenimiento preventivo, con el fin de maximizar el rendimiento y anticipar las aver\u00edas.<\/li>\n\n\n\n<li>Reparar, gracias a un mantenimiento correctivo r\u00e1pido y eficaz tan pronto como se detecta un fallo a9&gt; detecta.<\/li>\n<\/ul>\n\n<p>El equipo de servicio posventa est\u00e1 disponible y listo para responder a sus necesidades durante todo el a\u00f1o y garantizar la continuidad de su seguridad.<\/p>\n\t<div class=\"key_fig-text\">\n\t\t\t\t<div class=\"key_fig-list grid\">\n\t\t\t<div class=\"row\">\n\t\t\t\t\t\t\t\t\t<div class=\"key_fig mo-8of8 t-4of8 l-3of12\">\n\t\t\t\t\t\t<div class=\"key_fig-inner\">\n\t\t\t\t\t\t\t\t\t\t\t\t\t\t\t<p class=\"key_fig-chiffre\">\n\t\t\t\t\t\t\t\t\t\t\t\t\t\t\t\t\t\t<span class=\"key_fig-value value-1\">1600<\/span>\n\t\t\t\t\t\t\t\t\t\t\t\t\t\t\t\t\t<\/p>\n\t\t\t\t\t\t\t\t\t\t\t\t\t\t<p class=\"key_fig-legende\">intervenciones en 2024<\/p>\t\t\t\t\t\t<\/div>\n\t\t\t\t\t<\/div>\n\t\t\t\t\t\t\t\t\t\t<div class=\"key_fig mo-8of8 t-4of8 l-3of12\">\n\t\t\t\t\t\t<div class=\"key_fig-inner\">\n\t\t\t\t\t\t\t\t\t\t\t\t\t\t\t<p class=\"key_fig-chiffre\">\n\t\t\t\t\t\t\t\t\t\t\t\t\t\t\t\t\t\t<span class=\"key_fig-value value-2\">90<\/span>\n\t\t\t\t\t\t\t\t\t\t\t\t\t\t\t\t\t\t\t<span class=\"key_fig-suffixe\">\n\t\t\t\t\t\t\t\t\t\t\t%\t\t\t\t\t\t\t\t\t\t<\/span>\n\t\t\t\t\t\t\t\t\t\t\t\t\t\t\t\t\t<\/p>\n\t\t\t\t\t\t\t\t\t\t\t\t\t\t<p class=\"key_fig-legende\">Aver\u00edas resueltas en la primera intervenci\u00f3n.<\/p>\t\t\t\t\t\t<\/div>\n\t\t\t\t\t<\/div>\n\t\t\t\t\t\t\t\t\t\t<div class=\"key_fig mo-8of8 t-4of8 l-3of12\">\n\t\t\t\t\t\t<div class=\"key_fig-inner\">\n\t\t\t\t\t\t\t\t\t\t\t\t\t\t\t<p class=\"key_fig-chiffre\">\n\t\t\t\t\t\t\t\t\t\t\t\t\t\t\t\t\t\t<span class=\"key_fig-value value-3\">24<\/span>\n\t\t\t\t\t\t\t\t\t\t\t\t\t\t\t\t\t\t\t<span class=\"key_fig-suffixe\">\n\t\t\t\t\t\t\t\t\t\t\th\t\t\t\t\t\t\t\t\t\t<\/span>\n\t\t\t\t\t\t\t\t\t\t\t\t\t\t\t\t\t<\/p>\n\t\t\t\t\t\t\t\t\t\t\t\t\t\t<p class=\"key_fig-legende\">para el suministro de piezas<\/p>\t\t\t\t\t\t<\/div>\n\t\t\t\t\t<\/div>\n\t\t\t\t\t\t\t\t<\/div>\n\t\t<\/div>\n\t<\/div>\n\n<div class=\"wp-block-nobi-blocks-media-texte img-d cols-txt-img-middle grid gutters-w\"><div class=\"row\"><figure class=\"mo-8of8 l-5of12\"><img loading=\"lazy\" decoding=\"async\" src=\"https:\/\/www.bollore.fr\/wp-content\/uploads\/2025\/08\/29\/camionnette-sav-2025-sas-fond.png\" alt=\"Camionnette SAV Bollor\u00e9 Protection\" width=\"835\" height=\"557\" srcset=\"https:\/\/www.bollore.fr\/wp-content\/uploads\/2025\/08\/29\/camionnette-sav-2025-sas-fond-417x278.png 417w, https:\/\/www.bollore.fr\/wp-content\/uploads\/2025\/08\/29\/camionnette-sav-2025-sas-fond-835x557.png 835w\" sizes=\"auto, (max-width: 1023px) 80vw,(min-width: 1024px) 40vw, 835px\"\/><\/figure><div class=\"media-texte-txt mo-8of8 l-7of12\">\n<h3 class=\"wp-block-heading\">\u00bfPor qu\u00e9 mantener sus instalaciones Bollor\u00e9?<\/h3>\n\n\n\n<p>Cuidar su equipo de seguridad es esencial para:<\/p>\n\n\n\n<ul class=\"wp-block-list\">\n<li>Prolongar su vida \u00fatil y rentabilizar su inversi\u00f3n.<\/li>\n\n\n\n<li>Mantener un alto nivel de eficacia y seguridad, incluso en entornos exigentes.<\/li>\n\n\n\n<li>Reducir los riesgos de aver\u00edas e interrupciones del servicio, gracias a la experiencia de un fabricante reconocido.<\/li>\n<\/ul>\n<\/div><\/div><\/div>\n\n<h3 class=\"wp-block-heading\">La experiencia de Bollor\u00e9, garant\u00eda de tranquilidad<\/h3>\n\n<p>Optar por el mantenimiento Bollor\u00e9 significa beneficiarse de:<\/p>\n\n<ul class=\"wp-block-list\">\n<li>Desde un acompa\u00f1amiento personalizado, pasando por la auditor\u00eda de sus infraestructuras, hasta la puesta en servicio y el seguimiento t\u00e9cnico.<\/li>\n\n\n\n<li>La experiencia sobre el terreno y las competencias de un equipo especializado, capaz de garantizar la conformidad y el rendimiento de sus instalaciones a lo largo del tiempo.<\/li>\n<\/ul>\n\n<blockquote class=\"wp-block-quote is-layout-flow wp-block-quote-is-layout-flow\">\n<p class=\"has-text-align-left\"><em>\u00abPorque su seguridad puede depender en ocasiones de nuestra capacidad de respuesta: \u00a1el equipo de servicio posventa de Bollor\u00e9 est\u00e1 a su disposici\u00f3n y a su servicio durante todo el a\u00f1o! Optar por la experiencia del \u00abfabricante\u00bb tambi\u00e9n significa garantizar una vida \u00fatil \u00f3ptima para sus equipos\u00bb.<\/em><\/p>\n<cite>Bastien Bignon, responsable de servicio posventa<\/cite><\/blockquote>\n\n<p>Al elegir la oferta de mantenimiento de Bollor\u00e9 Protection, usted opta por la tranquilidad, el rendimiento duradero y un alto nivel de seguridad para todas sus instalaciones.<\/p>\n\n<p><\/p>\n","protected":false},"excerpt":{"rendered":"<p>El servicio posventa Bollor\u00e9: cuidar sus productos para que duren m\u00e1s tiempo. Todos los productos Bollor\u00e9 Protection est\u00e1n dise\u00f1ados para durar y garantizar un alto nivel de seguridad a largo plazo. Para preservar el rendimiento y la fiabilidad de sus instalaciones, Bollor\u00e9 ofrece un servicio de mantenimiento completo, que abarca tanto el mantenimiento preventivo como [&hellip;]<\/p>\n","protected":false},"author":1,"featured_media":0,"parent":0,"menu_order":0,"comment_status":"closed","ping_status":"closed","template":"page-templates\/service-support.php","meta":{"_acf_changed":false,"footnotes":""},"class_list":["post-4513","page","type-page","status-publish","hentry"],"acf":[],"yoast_head":"<!-- This site is optimized with the Yoast SEO plugin v25.8 - https:\/\/yoast.com\/wordpress\/plugins\/seo\/ -->\n<title>Nuestro servicio posventa - Bollor\u00e9<\/title>\n<meta name=\"robots\" content=\"index, follow, max-snippet:-1, max-image-preview:large, max-video-preview:-1\" \/>\n<link rel=\"canonical\" href=\"https:\/\/www.bollore.fr\/es\/servicios-y-asistencia\/\" \/>\n<meta property=\"og:locale\" content=\"es_ES\" \/>\n<meta property=\"og:type\" content=\"article\" \/>\n<meta property=\"og:title\" content=\"Nuestro servicio posventa - Bollor\u00e9\" \/>\n<meta property=\"og:description\" content=\"El servicio posventa Bollor\u00e9: cuidar sus productos para que duren m\u00e1s tiempo. Todos los productos Bollor\u00e9 Protection est\u00e1n dise\u00f1ados para durar y garantizar un alto nivel de seguridad a largo plazo. Para preservar el rendimiento y la fiabilidad de sus instalaciones, Bollor\u00e9 ofrece un servicio de mantenimiento completo, que abarca tanto el mantenimiento preventivo como [&hellip;]\" \/>\n<meta property=\"og:url\" content=\"https:\/\/www.bollore.fr\/es\/servicios-y-asistencia\/\" \/>\n<meta property=\"og:site_name\" content=\"Bollor\u00e9\" \/>\n<meta property=\"article:modified_time\" content=\"2026-02-19T09:07:26+00:00\" \/>\n<meta property=\"og:image\" content=\"https:\/\/www.bollore.fr\/wp-content\/uploads\/2025\/08\/29\/camionnette-sav-2025-sas-fond.png\" \/>\n<meta name=\"twitter:card\" content=\"summary_large_image\" \/>\n<meta name=\"twitter:label1\" content=\"Est. reading time\" \/>\n\t<meta name=\"twitter:data1\" content=\"2 minutes\" \/>\n<script type=\"application\/ld+json\" class=\"yoast-schema-graph\">{\"@context\":\"https:\/\/schema.org\",\"@graph\":[{\"@type\":\"WebPage\",\"@id\":\"https:\/\/www.bollore.fr\/es\/servicios-y-asistencia\/\",\"url\":\"https:\/\/www.bollore.fr\/es\/servicios-y-asistencia\/\",\"name\":\"Nuestro servicio posventa - Bollor\u00e9\",\"isPartOf\":{\"@id\":\"https:\/\/www.bollore.fr\/es\/#website\"},\"primaryImageOfPage\":{\"@id\":\"https:\/\/www.bollore.fr\/es\/servicios-y-asistencia\/#primaryimage\"},\"image\":{\"@id\":\"https:\/\/www.bollore.fr\/es\/servicios-y-asistencia\/#primaryimage\"},\"thumbnailUrl\":\"https:\/\/www.bollore.fr\/wp-content\/uploads\/2025\/08\/29\/camionnette-sav-2025-sas-fond.png\",\"datePublished\":\"2025-05-20T13:10:36+00:00\",\"dateModified\":\"2026-02-19T09:07:26+00:00\",\"breadcrumb\":{\"@id\":\"https:\/\/www.bollore.fr\/es\/servicios-y-asistencia\/#breadcrumb\"},\"inLanguage\":\"es-ES\",\"potentialAction\":[{\"@type\":\"ReadAction\",\"target\":[\"https:\/\/www.bollore.fr\/es\/servicios-y-asistencia\/\"]}]},{\"@type\":\"ImageObject\",\"inLanguage\":\"es-ES\",\"@id\":\"https:\/\/www.bollore.fr\/es\/servicios-y-asistencia\/#primaryimage\",\"url\":\"https:\/\/www.bollore.fr\/wp-content\/uploads\/2025\/08\/29\/camionnette-sav-2025-sas-fond.png\",\"contentUrl\":\"https:\/\/www.bollore.fr\/wp-content\/uploads\/2025\/08\/29\/camionnette-sav-2025-sas-fond.png\"},{\"@type\":\"BreadcrumbList\",\"@id\":\"https:\/\/www.bollore.fr\/es\/servicios-y-asistencia\/#breadcrumb\",\"itemListElement\":[{\"@type\":\"ListItem\",\"position\":1,\"name\":\"Accueil\",\"item\":\"https:\/\/www.bollore.fr\/es\/\"},{\"@type\":\"ListItem\",\"position\":2,\"name\":\"Nuestro servicio posventa\"}]},{\"@type\":\"WebSite\",\"@id\":\"https:\/\/www.bollore.fr\/es\/#website\",\"url\":\"https:\/\/www.bollore.fr\/es\/\",\"name\":\"Bollor\u00e9\",\"description\":\"Avancez en toute s\u00e9curit\u00e9\",\"publisher\":{\"@id\":\"https:\/\/www.bollore.fr\/es\/#organization\"},\"potentialAction\":[{\"@type\":\"SearchAction\",\"target\":{\"@type\":\"EntryPoint\",\"urlTemplate\":\"https:\/\/www.bollore.fr\/es\/?s={search_term_string}\"},\"query-input\":{\"@type\":\"PropertyValueSpecification\",\"valueRequired\":true,\"valueName\":\"search_term_string\"}}],\"inLanguage\":\"es-ES\"},{\"@type\":\"Organization\",\"@id\":\"https:\/\/www.bollore.fr\/es\/#organization\",\"name\":\"Bollor\u00e9\",\"url\":\"https:\/\/www.bollore.fr\/es\/\",\"logo\":{\"@type\":\"ImageObject\",\"inLanguage\":\"es-ES\",\"@id\":\"https:\/\/www.bollore.fr\/es\/#\/schema\/logo\/image\/\",\"url\":\"https:\/\/www.bollore.fr\/wp-content\/uploads\/2021\/12\/10\/logo-bollore.svg\",\"contentUrl\":\"https:\/\/www.bollore.fr\/wp-content\/uploads\/2021\/12\/10\/logo-bollore.svg\",\"width\":164,\"height\":31,\"caption\":\"Bollor\u00e9\"},\"image\":{\"@id\":\"https:\/\/www.bollore.fr\/es\/#\/schema\/logo\/image\/\"}}]}<\/script>\n<!-- \/ Yoast SEO plugin. -->","yoast_head_json":{"title":"Nuestro servicio posventa - Bollor\u00e9","robots":{"index":"index","follow":"follow","max-snippet":"max-snippet:-1","max-image-preview":"max-image-preview:large","max-video-preview":"max-video-preview:-1"},"canonical":"https:\/\/www.bollore.fr\/es\/servicios-y-asistencia\/","og_locale":"es_ES","og_type":"article","og_title":"Nuestro servicio posventa - Bollor\u00e9","og_description":"El servicio posventa Bollor\u00e9: cuidar sus productos para que duren m\u00e1s tiempo. Todos los productos Bollor\u00e9 Protection est\u00e1n dise\u00f1ados para durar y garantizar un alto nivel de seguridad a largo plazo. Para preservar el rendimiento y la fiabilidad de sus instalaciones, Bollor\u00e9 ofrece un servicio de mantenimiento completo, que abarca tanto el mantenimiento preventivo como [&hellip;]","og_url":"https:\/\/www.bollore.fr\/es\/servicios-y-asistencia\/","og_site_name":"Bollor\u00e9","article_modified_time":"2026-02-19T09:07:26+00:00","og_image":[{"url":"https:\/\/www.bollore.fr\/wp-content\/uploads\/2025\/08\/29\/camionnette-sav-2025-sas-fond.png","type":"","width":"","height":""}],"twitter_card":"summary_large_image","twitter_misc":{"Est. reading time":"2 minutes"},"schema":{"@context":"https:\/\/schema.org","@graph":[{"@type":"WebPage","@id":"https:\/\/www.bollore.fr\/es\/servicios-y-asistencia\/","url":"https:\/\/www.bollore.fr\/es\/servicios-y-asistencia\/","name":"Nuestro servicio posventa - Bollor\u00e9","isPartOf":{"@id":"https:\/\/www.bollore.fr\/es\/#website"},"primaryImageOfPage":{"@id":"https:\/\/www.bollore.fr\/es\/servicios-y-asistencia\/#primaryimage"},"image":{"@id":"https:\/\/www.bollore.fr\/es\/servicios-y-asistencia\/#primaryimage"},"thumbnailUrl":"https:\/\/www.bollore.fr\/wp-content\/uploads\/2025\/08\/29\/camionnette-sav-2025-sas-fond.png","datePublished":"2025-05-20T13:10:36+00:00","dateModified":"2026-02-19T09:07:26+00:00","breadcrumb":{"@id":"https:\/\/www.bollore.fr\/es\/servicios-y-asistencia\/#breadcrumb"},"inLanguage":"es-ES","potentialAction":[{"@type":"ReadAction","target":["https:\/\/www.bollore.fr\/es\/servicios-y-asistencia\/"]}]},{"@type":"ImageObject","inLanguage":"es-ES","@id":"https:\/\/www.bollore.fr\/es\/servicios-y-asistencia\/#primaryimage","url":"https:\/\/www.bollore.fr\/wp-content\/uploads\/2025\/08\/29\/camionnette-sav-2025-sas-fond.png","contentUrl":"https:\/\/www.bollore.fr\/wp-content\/uploads\/2025\/08\/29\/camionnette-sav-2025-sas-fond.png"},{"@type":"BreadcrumbList","@id":"https:\/\/www.bollore.fr\/es\/servicios-y-asistencia\/#breadcrumb","itemListElement":[{"@type":"ListItem","position":1,"name":"Accueil","item":"https:\/\/www.bollore.fr\/es\/"},{"@type":"ListItem","position":2,"name":"Nuestro servicio posventa"}]},{"@type":"WebSite","@id":"https:\/\/www.bollore.fr\/es\/#website","url":"https:\/\/www.bollore.fr\/es\/","name":"Bollor\u00e9","description":"Avancez en toute s\u00e9curit\u00e9","publisher":{"@id":"https:\/\/www.bollore.fr\/es\/#organization"},"potentialAction":[{"@type":"SearchAction","target":{"@type":"EntryPoint","urlTemplate":"https:\/\/www.bollore.fr\/es\/?s={search_term_string}"},"query-input":{"@type":"PropertyValueSpecification","valueRequired":true,"valueName":"search_term_string"}}],"inLanguage":"es-ES"},{"@type":"Organization","@id":"https:\/\/www.bollore.fr\/es\/#organization","name":"Bollor\u00e9","url":"https:\/\/www.bollore.fr\/es\/","logo":{"@type":"ImageObject","inLanguage":"es-ES","@id":"https:\/\/www.bollore.fr\/es\/#\/schema\/logo\/image\/","url":"https:\/\/www.bollore.fr\/wp-content\/uploads\/2021\/12\/10\/logo-bollore.svg","contentUrl":"https:\/\/www.bollore.fr\/wp-content\/uploads\/2021\/12\/10\/logo-bollore.svg","width":164,"height":31,"caption":"Bollor\u00e9"},"image":{"@id":"https:\/\/www.bollore.fr\/es\/#\/schema\/logo\/image\/"}}]}},"_links":{"self":[{"href":"https:\/\/www.bollore.fr\/es\/wp-json\/wp\/v2\/pages\/4513","targetHints":{"allow":["GET"]}}],"collection":[{"href":"https:\/\/www.bollore.fr\/es\/wp-json\/wp\/v2\/pages"}],"about":[{"href":"https:\/\/www.bollore.fr\/es\/wp-json\/wp\/v2\/types\/page"}],"author":[{"embeddable":true,"href":"https:\/\/www.bollore.fr\/es\/wp-json\/wp\/v2\/users\/1"}],"replies":[{"embeddable":true,"href":"https:\/\/www.bollore.fr\/es\/wp-json\/wp\/v2\/comments?post=4513"}],"version-history":[{"count":5,"href":"https:\/\/www.bollore.fr\/es\/wp-json\/wp\/v2\/pages\/4513\/revisions"}],"predecessor-version":[{"id":5453,"href":"https:\/\/www.bollore.fr\/es\/wp-json\/wp\/v2\/pages\/4513\/revisions\/5453"}],"wp:attachment":[{"href":"https:\/\/www.bollore.fr\/es\/wp-json\/wp\/v2\/media?parent=4513"}],"curies":[{"name":"wp","href":"https:\/\/api.w.org\/{rel}","templated":true}]}}