{"id":4495,"date":"2021-12-10T16:44:19","date_gmt":"2021-12-10T15:44:19","guid":{"rendered":"https:\/\/www.bollore.fr\/el-adn-de-bollore-protection\/"},"modified":"2026-02-13T11:30:46","modified_gmt":"2026-02-13T10:30:46","slug":"el-adn-de-bollore-protection","status":"publish","type":"page","link":"https:\/\/www.bollore.fr\/es\/el-adn-de-bollore-protection\/","title":{"rendered":"El ADN de Bollor\u00e9 Protection"},"content":{"rendered":"\n<h3 class=\"wp-block-heading\">En Bollor\u00e9, creemos que la seguridad no debe ser una limitaci\u00f3n sino que puede incluso contribuir a embellecer y mejorar la ergonom\u00eda de sus sitios.<\/h3>\n","protected":false},"excerpt":{"rendered":"<p>En Bollor\u00e9, creemos que la seguridad no debe ser una limitaci\u00f3n sino que puede incluso contribuir a embellecer y mejorar la ergonom\u00eda de sus sitios.<\/p>\n","protected":false},"author":1,"featured_media":3668,"parent":0,"menu_order":3,"comment_status":"closed","ping_status":"closed","template":"page-templates\/page-apropos.php","meta":{"_acf_changed":false,"footnotes":""},"class_list":["post-4495","page","type-page","status-publish","has-post-thumbnail","hentry"],"acf":[],"yoast_head":"<!-- This site is optimized with the Yoast SEO plugin v25.8 - https:\/\/yoast.com\/wordpress\/plugins\/seo\/ -->\n<title>El ADN de Bollor\u00e9 Protection - Bollor\u00e9<\/title>\n<meta name=\"description\" content=\"Con 50 a\u00f1os de existencia, Bollor\u00e9 Protection es a5&gt; una empresa industrial que dise\u00f1a, fabrica e instala equipos de seguridad.\" \/>\n<meta name=\"robots\" content=\"index, follow, max-snippet:-1, max-image-preview:large, max-video-preview:-1\" \/>\n<link rel=\"canonical\" href=\"https:\/\/www.bollore.fr\/es\/el-adn-de-bollore-protection\/\" \/>\n<meta property=\"og:locale\" content=\"es_ES\" \/>\n<meta property=\"og:type\" content=\"article\" \/>\n<meta property=\"og:title\" content=\"Bollor\u00e9 Protecci\u00f3n: Para avanzar con total seguridad\" \/>\n<meta property=\"og:description\" content=\"Bollor\u00e9 es una empresa industrial que dise\u00f1a, fabrica e instala equipos de seguridad desde hace m\u00e1s de 50 a\u00f1os.\" \/>\n<meta property=\"og:url\" content=\"https:\/\/www.bollore.fr\/es\/el-adn-de-bollore-protection\/\" \/>\n<meta property=\"og:site_name\" content=\"Bollor\u00e9\" \/>\n<meta property=\"article:modified_time\" content=\"2026-02-13T10:30:46+00:00\" \/>\n<meta property=\"og:image\" content=\"https:\/\/www.bollore.fr\/wp-content\/uploads\/2022\/04\/08\/header-a-propos.jpg\" \/>\n\t<meta property=\"og:image:width\" content=\"2532\" \/>\n\t<meta property=\"og:image:height\" content=\"1428\" \/>\n\t<meta property=\"og:image:type\" content=\"image\/jpeg\" \/>\n<meta name=\"twitter:card\" content=\"summary_large_image\" \/>\n<meta name=\"twitter:title\" content=\"Bollor\u00e9 Protecci\u00f3n: Para avanzar con total seguridad\" \/>\n<meta name=\"twitter:description\" content=\"Bollor\u00e9 es una empresa industrial que dise\u00f1a, fabrica e instala equipos de seguridad desde hace m\u00e1s de 50 a\u00f1os.\" \/>\n<script type=\"application\/ld+json\" class=\"yoast-schema-graph\">{\"@context\":\"https:\/\/schema.org\",\"@graph\":[{\"@type\":\"WebPage\",\"@id\":\"https:\/\/www.bollore.fr\/es\/el-adn-de-bollore-protection\/\",\"url\":\"https:\/\/www.bollore.fr\/es\/el-adn-de-bollore-protection\/\",\"name\":\"El ADN de Bollor\u00e9 Protection - Bollor\u00e9\",\"isPartOf\":{\"@id\":\"https:\/\/www.bollore.fr\/es\/#website\"},\"primaryImageOfPage\":{\"@id\":\"https:\/\/www.bollore.fr\/es\/el-adn-de-bollore-protection\/#primaryimage\"},\"image\":{\"@id\":\"https:\/\/www.bollore.fr\/es\/el-adn-de-bollore-protection\/#primaryimage\"},\"thumbnailUrl\":\"https:\/\/www.bollore.fr\/wp-content\/uploads\/2022\/04\/08\/header-a-propos.jpg\",\"datePublished\":\"2021-12-10T15:44:19+00:00\",\"dateModified\":\"2026-02-13T10:30:46+00:00\",\"description\":\"Con 50 a\u00f1os de existencia, Bollor\u00e9 Protection es a5> una empresa industrial que dise\u00f1a, fabrica e instala equipos de seguridad.\",\"breadcrumb\":{\"@id\":\"https:\/\/www.bollore.fr\/es\/el-adn-de-bollore-protection\/#breadcrumb\"},\"inLanguage\":\"es-ES\",\"potentialAction\":[{\"@type\":\"ReadAction\",\"target\":[\"https:\/\/www.bollore.fr\/es\/el-adn-de-bollore-protection\/\"]}]},{\"@type\":\"ImageObject\",\"inLanguage\":\"es-ES\",\"@id\":\"https:\/\/www.bollore.fr\/es\/el-adn-de-bollore-protection\/#primaryimage\",\"url\":\"https:\/\/www.bollore.fr\/wp-content\/uploads\/2022\/04\/08\/header-a-propos.jpg\",\"contentUrl\":\"https:\/\/www.bollore.fr\/wp-content\/uploads\/2022\/04\/08\/header-a-propos.jpg\",\"width\":2532,\"height\":1428,\"caption\":\"Acerca de bollor\u00e9\"},{\"@type\":\"BreadcrumbList\",\"@id\":\"https:\/\/www.bollore.fr\/es\/el-adn-de-bollore-protection\/#breadcrumb\",\"itemListElement\":[{\"@type\":\"ListItem\",\"position\":1,\"name\":\"Accueil\",\"item\":\"https:\/\/www.bollore.fr\/es\/\"},{\"@type\":\"ListItem\",\"position\":2,\"name\":\"El ADN de Bollor\u00e9 Protection\"}]},{\"@type\":\"WebSite\",\"@id\":\"https:\/\/www.bollore.fr\/es\/#website\",\"url\":\"https:\/\/www.bollore.fr\/es\/\",\"name\":\"Bollor\u00e9\",\"description\":\"Avancez en toute s\u00e9curit\u00e9\",\"publisher\":{\"@id\":\"https:\/\/www.bollore.fr\/es\/#organization\"},\"potentialAction\":[{\"@type\":\"SearchAction\",\"target\":{\"@type\":\"EntryPoint\",\"urlTemplate\":\"https:\/\/www.bollore.fr\/es\/?s={search_term_string}\"},\"query-input\":{\"@type\":\"PropertyValueSpecification\",\"valueRequired\":true,\"valueName\":\"search_term_string\"}}],\"inLanguage\":\"es-ES\"},{\"@type\":\"Organization\",\"@id\":\"https:\/\/www.bollore.fr\/es\/#organization\",\"name\":\"Bollor\u00e9\",\"url\":\"https:\/\/www.bollore.fr\/es\/\",\"logo\":{\"@type\":\"ImageObject\",\"inLanguage\":\"es-ES\",\"@id\":\"https:\/\/www.bollore.fr\/es\/#\/schema\/logo\/image\/\",\"url\":\"https:\/\/www.bollore.fr\/wp-content\/uploads\/2021\/12\/10\/logo-bollore.svg\",\"contentUrl\":\"https:\/\/www.bollore.fr\/wp-content\/uploads\/2021\/12\/10\/logo-bollore.svg\",\"width\":164,\"height\":31,\"caption\":\"Bollor\u00e9\"},\"image\":{\"@id\":\"https:\/\/www.bollore.fr\/es\/#\/schema\/logo\/image\/\"}}]}<\/script>\n<!-- \/ Yoast SEO plugin. -->","yoast_head_json":{"title":"El ADN de Bollor\u00e9 Protection - Bollor\u00e9","description":"Con 50 a\u00f1os de existencia, Bollor\u00e9 Protection es a5> una empresa industrial que dise\u00f1a, fabrica e instala equipos de seguridad.","robots":{"index":"index","follow":"follow","max-snippet":"max-snippet:-1","max-image-preview":"max-image-preview:large","max-video-preview":"max-video-preview:-1"},"canonical":"https:\/\/www.bollore.fr\/es\/el-adn-de-bollore-protection\/","og_locale":"es_ES","og_type":"article","og_title":"Bollor\u00e9 Protecci\u00f3n: Para avanzar con total seguridad","og_description":"Bollor\u00e9 es una empresa industrial que dise\u00f1a, fabrica e instala equipos de seguridad desde hace m\u00e1s de 50 a\u00f1os.","og_url":"https:\/\/www.bollore.fr\/es\/el-adn-de-bollore-protection\/","og_site_name":"Bollor\u00e9","article_modified_time":"2026-02-13T10:30:46+00:00","og_image":[{"width":2532,"height":1428,"url":"https:\/\/www.bollore.fr\/wp-content\/uploads\/2022\/04\/08\/header-a-propos.jpg","type":"image\/jpeg"}],"twitter_card":"summary_large_image","twitter_title":"Bollor\u00e9 Protecci\u00f3n: Para avanzar con total seguridad","twitter_description":"Bollor\u00e9 es una empresa industrial que dise\u00f1a, fabrica e instala equipos de seguridad desde hace m\u00e1s de 50 a\u00f1os.","schema":{"@context":"https:\/\/schema.org","@graph":[{"@type":"WebPage","@id":"https:\/\/www.bollore.fr\/es\/el-adn-de-bollore-protection\/","url":"https:\/\/www.bollore.fr\/es\/el-adn-de-bollore-protection\/","name":"El ADN de Bollor\u00e9 Protection - Bollor\u00e9","isPartOf":{"@id":"https:\/\/www.bollore.fr\/es\/#website"},"primaryImageOfPage":{"@id":"https:\/\/www.bollore.fr\/es\/el-adn-de-bollore-protection\/#primaryimage"},"image":{"@id":"https:\/\/www.bollore.fr\/es\/el-adn-de-bollore-protection\/#primaryimage"},"thumbnailUrl":"https:\/\/www.bollore.fr\/wp-content\/uploads\/2022\/04\/08\/header-a-propos.jpg","datePublished":"2021-12-10T15:44:19+00:00","dateModified":"2026-02-13T10:30:46+00:00","description":"Con 50 a\u00f1os de existencia, Bollor\u00e9 Protection es a5> una empresa industrial que dise\u00f1a, fabrica e instala equipos de seguridad.","breadcrumb":{"@id":"https:\/\/www.bollore.fr\/es\/el-adn-de-bollore-protection\/#breadcrumb"},"inLanguage":"es-ES","potentialAction":[{"@type":"ReadAction","target":["https:\/\/www.bollore.fr\/es\/el-adn-de-bollore-protection\/"]}]},{"@type":"ImageObject","inLanguage":"es-ES","@id":"https:\/\/www.bollore.fr\/es\/el-adn-de-bollore-protection\/#primaryimage","url":"https:\/\/www.bollore.fr\/wp-content\/uploads\/2022\/04\/08\/header-a-propos.jpg","contentUrl":"https:\/\/www.bollore.fr\/wp-content\/uploads\/2022\/04\/08\/header-a-propos.jpg","width":2532,"height":1428,"caption":"Acerca de bollor\u00e9"},{"@type":"BreadcrumbList","@id":"https:\/\/www.bollore.fr\/es\/el-adn-de-bollore-protection\/#breadcrumb","itemListElement":[{"@type":"ListItem","position":1,"name":"Accueil","item":"https:\/\/www.bollore.fr\/es\/"},{"@type":"ListItem","position":2,"name":"El ADN de Bollor\u00e9 Protection"}]},{"@type":"WebSite","@id":"https:\/\/www.bollore.fr\/es\/#website","url":"https:\/\/www.bollore.fr\/es\/","name":"Bollor\u00e9","description":"Avancez en toute s\u00e9curit\u00e9","publisher":{"@id":"https:\/\/www.bollore.fr\/es\/#organization"},"potentialAction":[{"@type":"SearchAction","target":{"@type":"EntryPoint","urlTemplate":"https:\/\/www.bollore.fr\/es\/?s={search_term_string}"},"query-input":{"@type":"PropertyValueSpecification","valueRequired":true,"valueName":"search_term_string"}}],"inLanguage":"es-ES"},{"@type":"Organization","@id":"https:\/\/www.bollore.fr\/es\/#organization","name":"Bollor\u00e9","url":"https:\/\/www.bollore.fr\/es\/","logo":{"@type":"ImageObject","inLanguage":"es-ES","@id":"https:\/\/www.bollore.fr\/es\/#\/schema\/logo\/image\/","url":"https:\/\/www.bollore.fr\/wp-content\/uploads\/2021\/12\/10\/logo-bollore.svg","contentUrl":"https:\/\/www.bollore.fr\/wp-content\/uploads\/2021\/12\/10\/logo-bollore.svg","width":164,"height":31,"caption":"Bollor\u00e9"},"image":{"@id":"https:\/\/www.bollore.fr\/es\/#\/schema\/logo\/image\/"}}]}},"_links":{"self":[{"href":"https:\/\/www.bollore.fr\/es\/wp-json\/wp\/v2\/pages\/4495","targetHints":{"allow":["GET"]}}],"collection":[{"href":"https:\/\/www.bollore.fr\/es\/wp-json\/wp\/v2\/pages"}],"about":[{"href":"https:\/\/www.bollore.fr\/es\/wp-json\/wp\/v2\/types\/page"}],"author":[{"embeddable":true,"href":"https:\/\/www.bollore.fr\/es\/wp-json\/wp\/v2\/users\/1"}],"replies":[{"embeddable":true,"href":"https:\/\/www.bollore.fr\/es\/wp-json\/wp\/v2\/comments?post=4495"}],"version-history":[{"count":2,"href":"https:\/\/www.bollore.fr\/es\/wp-json\/wp\/v2\/pages\/4495\/revisions"}],"predecessor-version":[{"id":5373,"href":"https:\/\/www.bollore.fr\/es\/wp-json\/wp\/v2\/pages\/4495\/revisions\/5373"}],"wp:featuredmedia":[{"embeddable":true,"href":"https:\/\/www.bollore.fr\/es\/wp-json\/wp\/v2\/media\/3668"}],"wp:attachment":[{"href":"https:\/\/www.bollore.fr\/es\/wp-json\/wp\/v2\/media?parent=4495"}],"curies":[{"name":"wp","href":"https:\/\/api.w.org\/{rel}","templated":true}]}}