{"id":4491,"date":"2021-12-06T11:09:49","date_gmt":"2021-12-06T10:09:49","guid":{"rendered":"https:\/\/www.bollore.fr\/mapa-del-sitio\/"},"modified":"2025-08-20T16:59:18","modified_gmt":"2025-08-20T14:59:18","slug":"mapa-del-sitio","status":"publish","type":"page","link":"https:\/\/www.bollore.fr\/es\/mapa-del-sitio\/","title":{"rendered":"Mapa del sitio"},"content":{"rendered":"\n<div class=\"menu-menu-principal-es-container\"><ul id=\"sitemap-primary\" class=\"menu\"><li id=\"menu-item-5464\" class=\"menu-item menu-item-type-post_type menu-item-object-page menu-item-has-children menu-item-5464\"><a href=\"https:\/\/www.bollore.fr\/es\/el-adn-de-bollore-protection\/\">Empresa<\/a>\n<ul class=\"sub-menu\">\n\t<li id=\"menu-item-5457\" class=\"menu-item menu-item-type-post_type menu-item-object-page menu-item-5457\"><a href=\"https:\/\/www.bollore.fr\/es\/el-adn-de-bollore-protection\/\">El ADN de Bollor\u00e9 Protection<\/a><\/li>\n\t<li id=\"menu-item-5458\" class=\"menu-item menu-item-type-post_type menu-item-object-page menu-item-5458\"><a href=\"https:\/\/www.bollore.fr\/es\/realisations\/\">Nuestros proyectos<\/a><\/li>\n\t<li id=\"menu-item-5465\" class=\"menu-item menu-item-type-custom menu-item-object-custom menu-item-5465\"><a target=\"_blank\" href=\"https:\/\/www.francepanorama.fr\/vt\/BO2980948\/\">Showroom 360\u00b0<\/a><\/li>\n\t<li id=\"menu-item-5455\" class=\"marge_menu txt_light menu-item menu-item-type-post_type menu-item-object-page menu-item-5455\"><a href=\"https:\/\/www.bollore.fr\/es\/actualites\/\">Blog<\/a><\/li>\n\t<li id=\"menu-item-5459\" class=\"txt_light menu-item menu-item-type-post_type menu-item-object-page menu-item-5459\"><a href=\"https:\/\/www.bollore.fr\/es\/pongase-en-contacto-con\/\">P\u00f3ngase en contacto con<\/a><\/li>\n\t<li id=\"menu-item-5456\" class=\"txt_light menu-item menu-item-type-post_type menu-item-object-page menu-item-5456\"><a href=\"https:\/\/www.bollore.fr\/es\/unete-a-nosotros\/\">\u00danete a nosotros<\/a><\/li>\n<\/ul>\n<\/li>\n<li id=\"menu-item-5466\" class=\"menu-item menu-item-type-post_type menu-item-object-page menu-item-has-children menu-item-5466\"><a href=\"https:\/\/www.bollore.fr\/es\/nuestras-soluciones-para-seguridad\/\">Productos<\/a>\n<ul class=\"sub-menu\">\n\t<li id=\"menu-item-5467\" class=\"menu-item menu-item-type-taxonomy menu-item-object-product_cat menu-item-5467\"><a href=\"https:\/\/www.bollore.fr\/es\/productos\/categoria\/control-de-acceso\/\">Control de acceso<\/a><\/li>\n\t<li id=\"menu-item-5469\" class=\"menu-item menu-item-type-taxonomy menu-item-object-product_cat menu-item-5469\"><a href=\"https:\/\/www.bollore.fr\/es\/productos\/categoria\/proteccion-perimetral\/\">Protecci\u00f3n perimetral<\/a><\/li>\n\t<li id=\"menu-item-5468\" class=\"menu-item menu-item-type-taxonomy menu-item-object-product_cat menu-item-5468\"><a href=\"https:\/\/www.bollore.fr\/es\/productos\/categoria\/equipamiento-de-seguridad\/\">Equipamiento de seguridad<\/a><\/li>\n\t<li id=\"menu-item-5470\" class=\"marge_menu txt_light menu-item menu-item-type-post_type menu-item-object-page menu-item-5470\"><a href=\"https:\/\/www.bollore.fr\/es\/servicios-y-asistencia\/\">Nuestro servicio posventa<\/a><\/li>\n<\/ul>\n<\/li>\n<\/ul><\/div><nav class=\"sitemap-footer\"><ul><\/nav><nav class=\"sitemap-infos_legales\"><\/nav>\n","protected":false},"excerpt":{"rendered":"","protected":false},"author":1,"featured_media":0,"parent":0,"menu_order":22,"comment_status":"closed","ping_status":"closed","template":"","meta":{"_acf_changed":false,"footnotes":""},"class_list":["post-4491","page","type-page","status-publish","hentry"],"acf":[],"yoast_head":"<!-- This site is optimized with the Yoast SEO plugin v25.8 - https:\/\/yoast.com\/wordpress\/plugins\/seo\/ -->\n<title>Mapa del sitio - Bollor\u00e9<\/title>\n<meta name=\"robots\" content=\"noindex, nofollow\" \/>\n<meta property=\"og:locale\" content=\"es_ES\" \/>\n<meta property=\"og:type\" content=\"article\" \/>\n<meta property=\"og:title\" content=\"Mapa del sitio - Bollor\u00e9\" \/>\n<meta property=\"og:url\" content=\"https:\/\/www.bollore.fr\/es\/mapa-del-sitio\/\" \/>\n<meta property=\"og:site_name\" content=\"Bollor\u00e9\" \/>\n<meta property=\"article:modified_time\" content=\"2025-08-20T14:59:18+00:00\" \/>\n<meta property=\"og:image\" content=\"https:\/\/www.bollore.fr\/wp-content\/uploads\/2022\/02\/07\/galerie-photos-tf600-6.jpg\" \/>\n\t<meta property=\"og:image:width\" content=\"1772\" \/>\n\t<meta property=\"og:image:height\" content=\"1183\" \/>\n\t<meta property=\"og:image:type\" content=\"image\/jpeg\" \/>\n<meta name=\"twitter:card\" content=\"summary_large_image\" \/>\n<script type=\"application\/ld+json\" class=\"yoast-schema-graph\">{\"@context\":\"https:\/\/schema.org\",\"@graph\":[{\"@type\":\"WebPage\",\"@id\":\"https:\/\/www.bollore.fr\/es\/mapa-del-sitio\/\",\"url\":\"https:\/\/www.bollore.fr\/es\/mapa-del-sitio\/\",\"name\":\"Mapa del sitio - Bollor\u00e9\",\"isPartOf\":{\"@id\":\"https:\/\/www.bollore.fr\/es\/#website\"},\"datePublished\":\"2021-12-06T10:09:49+00:00\",\"dateModified\":\"2025-08-20T14:59:18+00:00\",\"breadcrumb\":{\"@id\":\"https:\/\/www.bollore.fr\/es\/mapa-del-sitio\/#breadcrumb\"},\"inLanguage\":\"es-ES\",\"potentialAction\":[{\"@type\":\"ReadAction\",\"target\":[\"https:\/\/www.bollore.fr\/es\/mapa-del-sitio\/\"]}]},{\"@type\":\"BreadcrumbList\",\"@id\":\"https:\/\/www.bollore.fr\/es\/mapa-del-sitio\/#breadcrumb\",\"itemListElement\":[{\"@type\":\"ListItem\",\"position\":1,\"name\":\"Accueil\",\"item\":\"https:\/\/www.bollore.fr\/es\/\"},{\"@type\":\"ListItem\",\"position\":2,\"name\":\"Mapa del sitio\"}]},{\"@type\":\"WebSite\",\"@id\":\"https:\/\/www.bollore.fr\/es\/#website\",\"url\":\"https:\/\/www.bollore.fr\/es\/\",\"name\":\"Bollor\u00e9\",\"description\":\"Avancez en toute s\u00e9curit\u00e9\",\"publisher\":{\"@id\":\"https:\/\/www.bollore.fr\/es\/#organization\"},\"potentialAction\":[{\"@type\":\"SearchAction\",\"target\":{\"@type\":\"EntryPoint\",\"urlTemplate\":\"https:\/\/www.bollore.fr\/es\/?s={search_term_string}\"},\"query-input\":{\"@type\":\"PropertyValueSpecification\",\"valueRequired\":true,\"valueName\":\"search_term_string\"}}],\"inLanguage\":\"es-ES\"},{\"@type\":\"Organization\",\"@id\":\"https:\/\/www.bollore.fr\/es\/#organization\",\"name\":\"Bollor\u00e9\",\"url\":\"https:\/\/www.bollore.fr\/es\/\",\"logo\":{\"@type\":\"ImageObject\",\"inLanguage\":\"es-ES\",\"@id\":\"https:\/\/www.bollore.fr\/es\/#\/schema\/logo\/image\/\",\"url\":\"https:\/\/www.bollore.fr\/wp-content\/uploads\/2021\/12\/10\/logo-bollore.svg\",\"contentUrl\":\"https:\/\/www.bollore.fr\/wp-content\/uploads\/2021\/12\/10\/logo-bollore.svg\",\"width\":164,\"height\":31,\"caption\":\"Bollor\u00e9\"},\"image\":{\"@id\":\"https:\/\/www.bollore.fr\/es\/#\/schema\/logo\/image\/\"}}]}<\/script>\n<!-- \/ Yoast SEO plugin. -->","yoast_head_json":{"title":"Mapa del sitio - Bollor\u00e9","robots":{"index":"noindex","follow":"nofollow"},"og_locale":"es_ES","og_type":"article","og_title":"Mapa del sitio - Bollor\u00e9","og_url":"https:\/\/www.bollore.fr\/es\/mapa-del-sitio\/","og_site_name":"Bollor\u00e9","article_modified_time":"2025-08-20T14:59:18+00:00","og_image":[{"width":1772,"height":1183,"url":"https:\/\/www.bollore.fr\/wp-content\/uploads\/2022\/02\/07\/galerie-photos-tf600-6.jpg","type":"image\/jpeg"}],"twitter_card":"summary_large_image","schema":{"@context":"https:\/\/schema.org","@graph":[{"@type":"WebPage","@id":"https:\/\/www.bollore.fr\/es\/mapa-del-sitio\/","url":"https:\/\/www.bollore.fr\/es\/mapa-del-sitio\/","name":"Mapa del sitio - Bollor\u00e9","isPartOf":{"@id":"https:\/\/www.bollore.fr\/es\/#website"},"datePublished":"2021-12-06T10:09:49+00:00","dateModified":"2025-08-20T14:59:18+00:00","breadcrumb":{"@id":"https:\/\/www.bollore.fr\/es\/mapa-del-sitio\/#breadcrumb"},"inLanguage":"es-ES","potentialAction":[{"@type":"ReadAction","target":["https:\/\/www.bollore.fr\/es\/mapa-del-sitio\/"]}]},{"@type":"BreadcrumbList","@id":"https:\/\/www.bollore.fr\/es\/mapa-del-sitio\/#breadcrumb","itemListElement":[{"@type":"ListItem","position":1,"name":"Accueil","item":"https:\/\/www.bollore.fr\/es\/"},{"@type":"ListItem","position":2,"name":"Mapa del sitio"}]},{"@type":"WebSite","@id":"https:\/\/www.bollore.fr\/es\/#website","url":"https:\/\/www.bollore.fr\/es\/","name":"Bollor\u00e9","description":"Avancez en toute s\u00e9curit\u00e9","publisher":{"@id":"https:\/\/www.bollore.fr\/es\/#organization"},"potentialAction":[{"@type":"SearchAction","target":{"@type":"EntryPoint","urlTemplate":"https:\/\/www.bollore.fr\/es\/?s={search_term_string}"},"query-input":{"@type":"PropertyValueSpecification","valueRequired":true,"valueName":"search_term_string"}}],"inLanguage":"es-ES"},{"@type":"Organization","@id":"https:\/\/www.bollore.fr\/es\/#organization","name":"Bollor\u00e9","url":"https:\/\/www.bollore.fr\/es\/","logo":{"@type":"ImageObject","inLanguage":"es-ES","@id":"https:\/\/www.bollore.fr\/es\/#\/schema\/logo\/image\/","url":"https:\/\/www.bollore.fr\/wp-content\/uploads\/2021\/12\/10\/logo-bollore.svg","contentUrl":"https:\/\/www.bollore.fr\/wp-content\/uploads\/2021\/12\/10\/logo-bollore.svg","width":164,"height":31,"caption":"Bollor\u00e9"},"image":{"@id":"https:\/\/www.bollore.fr\/es\/#\/schema\/logo\/image\/"}}]}},"_links":{"self":[{"href":"https:\/\/www.bollore.fr\/es\/wp-json\/wp\/v2\/pages\/4491","targetHints":{"allow":["GET"]}}],"collection":[{"href":"https:\/\/www.bollore.fr\/es\/wp-json\/wp\/v2\/pages"}],"about":[{"href":"https:\/\/www.bollore.fr\/es\/wp-json\/wp\/v2\/types\/page"}],"author":[{"embeddable":true,"href":"https:\/\/www.bollore.fr\/es\/wp-json\/wp\/v2\/users\/1"}],"replies":[{"embeddable":true,"href":"https:\/\/www.bollore.fr\/es\/wp-json\/wp\/v2\/comments?post=4491"}],"version-history":[{"count":1,"href":"https:\/\/www.bollore.fr\/es\/wp-json\/wp\/v2\/pages\/4491\/revisions"}],"predecessor-version":[{"id":4492,"href":"https:\/\/www.bollore.fr\/es\/wp-json\/wp\/v2\/pages\/4491\/revisions\/4492"}],"wp:attachment":[{"href":"https:\/\/www.bollore.fr\/es\/wp-json\/wp\/v2\/media?parent=4491"}],"curies":[{"name":"wp","href":"https:\/\/api.w.org\/{rel}","templated":true}]}}