{"id":4470,"date":"2023-07-07T14:27:45","date_gmt":"2023-07-07T12:27:45","guid":{"rendered":"https:\/\/www.bollore.fr\/bollore-protection-busca-un-tecnico-postventa-para-la-region-sudeste-f-h\/"},"modified":"2026-02-13T12:34:59","modified_gmt":"2026-02-13T11:34:59","slug":"tecnico-postventa-region-sudeste","status":"publish","type":"page","link":"https:\/\/www.bollore.fr\/es\/tecnico-postventa-region-sudeste\/","title":{"rendered":"Bollor\u00e9 Protection busca un t\u00e9cnico postventa para la regi\u00f3n Sudeste &#8211; (F\/H)"},"content":{"rendered":"\n<p><strong>T\u00e9cnico SAV \u2013 (H\/M)<\/strong><\/p>\n\n<p>Fundada en 1974 en Treilli\u00e8res (44), Bollor\u00e9 Protection es una empresa industrial francesa. Dise\u00f1amos, fabricamos e instalamos sistemas de seguridad innovadores, proporcionando seguridad perimetral f\u00edsica y electr\u00f3nica, tanto en interiores como en exteriores, para sitios sensibles. <\/p>\n\n<p><\/p>\n\n<p><strong><u>Descripci\u00f3n del puesto<\/u><\/strong><\/p>\n\n<p>Bollor\u00e9 Protection SAS sigue creciendo.<\/p>\n\n<p>En el marco de nuestra expansi\u00f3n, buscamos un T\u00e9cnico de Servicio Postventa F\/H que deber\u00e1 desplazarse por todo el Sureste de Francia. Desplazamientos diarios en la regi\u00f3n del sudeste, coche de empresa proporcionado, comidas pagadas en su totalidad. <\/p>\n\n<p><\/p>\n\n<p><strong><u>Su misi\u00f3n<\/u><\/strong><\/p>\n\n<ul class=\"wp-block-list\">\n<li>Instalar y conectar nuestros equipos en las instalaciones de nuestros clientes. (Puertas autom\u00e1ticas, puertas de seguridad, vallas el\u00e9ctricas, etc.). <\/li>\n\n\n\n<li>Realizar la localizaci\u00f3n de aver\u00edas y el mantenimiento preventivo y correctivo de nuestros equipos.<\/li>\n\n\n\n<li>Auditar, asesorar y formar a nuestros clientes.<\/li>\n\n\n\n<li>En caso necesario, gestionar un equipo (trabajadores temporales, subcontratistas).<\/li>\n<\/ul>\n\n<p><\/p>\n\n<p><strong><u>Tu perfil<\/u><\/strong><\/p>\n\n<ul class=\"wp-block-list\">\n<li>Formaci\u00f3n inicial Bac + 2 o equivalente en el campo t\u00e9cnico con una fuerte orientaci\u00f3n de ingenier\u00eda el\u00e9ctrica<\/li>\n\n\n\n<li>Experiencia m\u00ednima de 2 a\u00f1os<\/li>\n\n\n\n<li>Se requiere permiso de conducir B<\/li>\n<\/ul>\n\n<p>Posee las siguientes aptitudes y cualidades:<\/p>\n\n<ul class=\"wp-block-list\">\n<li>Gran capacidad de relaci\u00f3n con el cliente: sentido del servicio, paciencia, calidad de la atenci\u00f3n y seguimiento.<\/li>\n\n\n\n<li>Puntualidad.<\/li>\n\n\n\n<li>Control extremadamente riguroso de su trabajo, capacidad de organizaci\u00f3n e iniciativa.<\/li>\n\n\n\n<li>Autonom\u00eda y adaptabilidad.<\/li>\n<\/ul>\n\n<p><\/p>\n\n<p>Puesto que ofrece un alto grado de autonom\u00eda<\/p>\n\n<p>Gastos a cargo de la empresa<\/p>\n\n<p>Coche de empresa &#8211; Ordenador y tel\u00e9fono m\u00f3vil<\/p>\n\n<p>Salario seg\u00fan perfil<\/p>\n\n<p>Puesto disponible inmediatamente &#8211; Contrato indefinido<\/p>\n\n<p>Puesto basado en el sudeste de Francia &#8211; Desplazamientos en la regi\u00f3n del sudeste.<br\/>Para presentar su candidatura, env\u00ede su CV a la siguiente direcci\u00f3n: <a href=\"&#x6d;&#97;i&#x6c;&#116;o&#x3a;&#98;b&#x69;&#103;n&#x6f;&#110;&#64;&#x62;&#x6f;l&#x6c;&#x6f;&#114;&#x65;&#x2e;&#102;&#x72;\">&#x62;&#x62;&#x69;&#x67;&#x6e;&#111;&#110;&#64;&#98;oll&#x6f;&#x72;&#x65;&#x2e;&#x66;&#x72;<\/a> <\/p>\n","protected":false},"excerpt":{"rendered":"<p>T\u00e9cnico SAV \u2013 (H\/M) Fundada en 1974 en Treilli\u00e8res (44), Bollor\u00e9 Protection es una empresa industrial francesa. Dise\u00f1amos, fabricamos e instalamos sistemas de seguridad innovadores, proporcionando seguridad perimetral f\u00edsica y electr\u00f3nica, tanto en interiores como en exteriores, para sitios sensibles. Descripci\u00f3n del puesto Bollor\u00e9 Protection SAS sigue creciendo. En el marco de nuestra expansi\u00f3n, buscamos [&hellip;]<\/p>\n","protected":false},"author":4,"featured_media":0,"parent":0,"menu_order":0,"comment_status":"closed","ping_status":"closed","template":"","meta":{"_acf_changed":false,"footnotes":""},"class_list":["post-4470","page","type-page","status-publish","hentry"],"acf":[],"yoast_head":"<!-- This site is optimized with the Yoast SEO plugin v25.8 - https:\/\/yoast.com\/wordpress\/plugins\/seo\/ -->\n<title>Bollor\u00e9 Protection busca un t\u00e9cnico postventa para la regi\u00f3n Sudeste - (F\/H) - Bollor\u00e9<\/title>\n<meta name=\"robots\" content=\"index, follow, max-snippet:-1, max-image-preview:large, max-video-preview:-1\" \/>\n<link rel=\"canonical\" href=\"https:\/\/www.bollore.fr\/es\/tecnico-postventa-region-sudeste\/\" \/>\n<meta property=\"og:locale\" content=\"es_ES\" \/>\n<meta property=\"og:type\" content=\"article\" \/>\n<meta property=\"og:title\" content=\"Bollor\u00e9 Protection busca un t\u00e9cnico postventa para la regi\u00f3n Sudeste - (F\/H) - Bollor\u00e9\" \/>\n<meta property=\"og:description\" content=\"T\u00e9cnico SAV \u2013 (H\/M) Fundada en 1974 en Treilli\u00e8res (44), Bollor\u00e9 Protection es una empresa industrial francesa. Dise\u00f1amos, fabricamos e instalamos sistemas de seguridad innovadores, proporcionando seguridad perimetral f\u00edsica y electr\u00f3nica, tanto en interiores como en exteriores, para sitios sensibles. Descripci\u00f3n del puesto Bollor\u00e9 Protection SAS sigue creciendo. En el marco de nuestra expansi\u00f3n, buscamos [&hellip;]\" \/>\n<meta property=\"og:url\" content=\"https:\/\/www.bollore.fr\/es\/tecnico-postventa-region-sudeste\/\" \/>\n<meta property=\"og:site_name\" content=\"Bollor\u00e9\" \/>\n<meta property=\"article:modified_time\" content=\"2026-02-13T11:34:59+00:00\" \/>\n<meta property=\"og:image\" content=\"https:\/\/www.bollore.fr\/wp-content\/uploads\/2022\/02\/07\/galerie-photos-tf600-6.jpg\" \/>\n\t<meta property=\"og:image:width\" content=\"1772\" \/>\n\t<meta property=\"og:image:height\" content=\"1183\" \/>\n\t<meta property=\"og:image:type\" content=\"image\/jpeg\" \/>\n<meta name=\"twitter:card\" content=\"summary_large_image\" \/>\n<meta name=\"twitter:label1\" content=\"Est. reading time\" \/>\n\t<meta name=\"twitter:data1\" content=\"1 minute\" \/>\n<script type=\"application\/ld+json\" class=\"yoast-schema-graph\">{\"@context\":\"https:\/\/schema.org\",\"@graph\":[{\"@type\":\"WebPage\",\"@id\":\"https:\/\/www.bollore.fr\/es\/tecnico-postventa-region-sudeste\/\",\"url\":\"https:\/\/www.bollore.fr\/es\/tecnico-postventa-region-sudeste\/\",\"name\":\"Bollor\u00e9 Protection busca un t\u00e9cnico postventa para la regi\u00f3n Sudeste - (F\/H) - Bollor\u00e9\",\"isPartOf\":{\"@id\":\"https:\/\/www.bollore.fr\/es\/#website\"},\"datePublished\":\"2023-07-07T12:27:45+00:00\",\"dateModified\":\"2026-02-13T11:34:59+00:00\",\"breadcrumb\":{\"@id\":\"https:\/\/www.bollore.fr\/es\/tecnico-postventa-region-sudeste\/#breadcrumb\"},\"inLanguage\":\"es-ES\",\"potentialAction\":[{\"@type\":\"ReadAction\",\"target\":[\"https:\/\/www.bollore.fr\/es\/tecnico-postventa-region-sudeste\/\"]}]},{\"@type\":\"BreadcrumbList\",\"@id\":\"https:\/\/www.bollore.fr\/es\/tecnico-postventa-region-sudeste\/#breadcrumb\",\"itemListElement\":[{\"@type\":\"ListItem\",\"position\":1,\"name\":\"Accueil\",\"item\":\"https:\/\/www.bollore.fr\/es\/\"},{\"@type\":\"ListItem\",\"position\":2,\"name\":\"Bollor\u00e9 Protection busca un t\u00e9cnico postventa para la regi\u00f3n Sudeste &#8211; (F\/H)\"}]},{\"@type\":\"WebSite\",\"@id\":\"https:\/\/www.bollore.fr\/es\/#website\",\"url\":\"https:\/\/www.bollore.fr\/es\/\",\"name\":\"Bollor\u00e9\",\"description\":\"Avancez en toute s\u00e9curit\u00e9\",\"publisher\":{\"@id\":\"https:\/\/www.bollore.fr\/es\/#organization\"},\"potentialAction\":[{\"@type\":\"SearchAction\",\"target\":{\"@type\":\"EntryPoint\",\"urlTemplate\":\"https:\/\/www.bollore.fr\/es\/?s={search_term_string}\"},\"query-input\":{\"@type\":\"PropertyValueSpecification\",\"valueRequired\":true,\"valueName\":\"search_term_string\"}}],\"inLanguage\":\"es-ES\"},{\"@type\":\"Organization\",\"@id\":\"https:\/\/www.bollore.fr\/es\/#organization\",\"name\":\"Bollor\u00e9\",\"url\":\"https:\/\/www.bollore.fr\/es\/\",\"logo\":{\"@type\":\"ImageObject\",\"inLanguage\":\"es-ES\",\"@id\":\"https:\/\/www.bollore.fr\/es\/#\/schema\/logo\/image\/\",\"url\":\"https:\/\/www.bollore.fr\/wp-content\/uploads\/2021\/12\/10\/logo-bollore.svg\",\"contentUrl\":\"https:\/\/www.bollore.fr\/wp-content\/uploads\/2021\/12\/10\/logo-bollore.svg\",\"width\":164,\"height\":31,\"caption\":\"Bollor\u00e9\"},\"image\":{\"@id\":\"https:\/\/www.bollore.fr\/es\/#\/schema\/logo\/image\/\"}}]}<\/script>\n<!-- \/ Yoast SEO plugin. -->","yoast_head_json":{"title":"Bollor\u00e9 Protection busca un t\u00e9cnico postventa para la regi\u00f3n Sudeste - (F\/H) - Bollor\u00e9","robots":{"index":"index","follow":"follow","max-snippet":"max-snippet:-1","max-image-preview":"max-image-preview:large","max-video-preview":"max-video-preview:-1"},"canonical":"https:\/\/www.bollore.fr\/es\/tecnico-postventa-region-sudeste\/","og_locale":"es_ES","og_type":"article","og_title":"Bollor\u00e9 Protection busca un t\u00e9cnico postventa para la regi\u00f3n Sudeste - (F\/H) - Bollor\u00e9","og_description":"T\u00e9cnico SAV \u2013 (H\/M) Fundada en 1974 en Treilli\u00e8res (44), Bollor\u00e9 Protection es una empresa industrial francesa. Dise\u00f1amos, fabricamos e instalamos sistemas de seguridad innovadores, proporcionando seguridad perimetral f\u00edsica y electr\u00f3nica, tanto en interiores como en exteriores, para sitios sensibles. Descripci\u00f3n del puesto Bollor\u00e9 Protection SAS sigue creciendo. En el marco de nuestra expansi\u00f3n, buscamos [&hellip;]","og_url":"https:\/\/www.bollore.fr\/es\/tecnico-postventa-region-sudeste\/","og_site_name":"Bollor\u00e9","article_modified_time":"2026-02-13T11:34:59+00:00","og_image":[{"width":1772,"height":1183,"url":"https:\/\/www.bollore.fr\/wp-content\/uploads\/2022\/02\/07\/galerie-photos-tf600-6.jpg","type":"image\/jpeg"}],"twitter_card":"summary_large_image","twitter_misc":{"Est. reading time":"1 minute"},"schema":{"@context":"https:\/\/schema.org","@graph":[{"@type":"WebPage","@id":"https:\/\/www.bollore.fr\/es\/tecnico-postventa-region-sudeste\/","url":"https:\/\/www.bollore.fr\/es\/tecnico-postventa-region-sudeste\/","name":"Bollor\u00e9 Protection busca un t\u00e9cnico postventa para la regi\u00f3n Sudeste - (F\/H) - Bollor\u00e9","isPartOf":{"@id":"https:\/\/www.bollore.fr\/es\/#website"},"datePublished":"2023-07-07T12:27:45+00:00","dateModified":"2026-02-13T11:34:59+00:00","breadcrumb":{"@id":"https:\/\/www.bollore.fr\/es\/tecnico-postventa-region-sudeste\/#breadcrumb"},"inLanguage":"es-ES","potentialAction":[{"@type":"ReadAction","target":["https:\/\/www.bollore.fr\/es\/tecnico-postventa-region-sudeste\/"]}]},{"@type":"BreadcrumbList","@id":"https:\/\/www.bollore.fr\/es\/tecnico-postventa-region-sudeste\/#breadcrumb","itemListElement":[{"@type":"ListItem","position":1,"name":"Accueil","item":"https:\/\/www.bollore.fr\/es\/"},{"@type":"ListItem","position":2,"name":"Bollor\u00e9 Protection busca un t\u00e9cnico postventa para la regi\u00f3n Sudeste &#8211; (F\/H)"}]},{"@type":"WebSite","@id":"https:\/\/www.bollore.fr\/es\/#website","url":"https:\/\/www.bollore.fr\/es\/","name":"Bollor\u00e9","description":"Avancez en toute s\u00e9curit\u00e9","publisher":{"@id":"https:\/\/www.bollore.fr\/es\/#organization"},"potentialAction":[{"@type":"SearchAction","target":{"@type":"EntryPoint","urlTemplate":"https:\/\/www.bollore.fr\/es\/?s={search_term_string}"},"query-input":{"@type":"PropertyValueSpecification","valueRequired":true,"valueName":"search_term_string"}}],"inLanguage":"es-ES"},{"@type":"Organization","@id":"https:\/\/www.bollore.fr\/es\/#organization","name":"Bollor\u00e9","url":"https:\/\/www.bollore.fr\/es\/","logo":{"@type":"ImageObject","inLanguage":"es-ES","@id":"https:\/\/www.bollore.fr\/es\/#\/schema\/logo\/image\/","url":"https:\/\/www.bollore.fr\/wp-content\/uploads\/2021\/12\/10\/logo-bollore.svg","contentUrl":"https:\/\/www.bollore.fr\/wp-content\/uploads\/2021\/12\/10\/logo-bollore.svg","width":164,"height":31,"caption":"Bollor\u00e9"},"image":{"@id":"https:\/\/www.bollore.fr\/es\/#\/schema\/logo\/image\/"}}]}},"_links":{"self":[{"href":"https:\/\/www.bollore.fr\/es\/wp-json\/wp\/v2\/pages\/4470","targetHints":{"allow":["GET"]}}],"collection":[{"href":"https:\/\/www.bollore.fr\/es\/wp-json\/wp\/v2\/pages"}],"about":[{"href":"https:\/\/www.bollore.fr\/es\/wp-json\/wp\/v2\/types\/page"}],"author":[{"embeddable":true,"href":"https:\/\/www.bollore.fr\/es\/wp-json\/wp\/v2\/users\/4"}],"replies":[{"embeddable":true,"href":"https:\/\/www.bollore.fr\/es\/wp-json\/wp\/v2\/comments?post=4470"}],"version-history":[{"count":1,"href":"https:\/\/www.bollore.fr\/es\/wp-json\/wp\/v2\/pages\/4470\/revisions"}],"predecessor-version":[{"id":4471,"href":"https:\/\/www.bollore.fr\/es\/wp-json\/wp\/v2\/pages\/4470\/revisions\/4471"}],"wp:attachment":[{"href":"https:\/\/www.bollore.fr\/es\/wp-json\/wp\/v2\/media?parent=4470"}],"curies":[{"name":"wp","href":"https:\/\/api.w.org\/{rel}","templated":true}]}}