{"id":4828,"date":"2022-03-09T10:09:46","date_gmt":"2022-03-09T09:09:46","guid":{"rendered":"https:\/\/www.bollore.fr\/produits\/tf1000-evo-lk\/"},"modified":"2026-03-16T15:01:37","modified_gmt":"2026-03-16T14:01:37","slug":"tf1000-evo-lk","status":"publish","type":"product","link":"https:\/\/www.bollore.fr\/en\/produits\/tf1000-evo-lk\/","title":{"rendered":"TF1000-Evo LK"},"content":{"rendered":"<p><span style=\"font-weight: 400;\">The TF1000-Evo LK manual opening gate complements the TF1000 Evo turnstile.<\/span> <span style=\"font-weight: 400;\">provides logistical access to the outside in both directions. When authorised by the access control system, the leaf is released and manually operated in the direction of passage. <\/span><\/p>\n<p><span style=\"font-weight: 400;\">It can be adapted to meet all the specific external safety and security requirements of industrial, service, banking, nuclear, data centre, prison and airport buildings.<\/span><\/p>\n","protected":false},"excerpt":{"rendered":"<p><span style=\"font-weight: 400;\">In addition to the TF1000 Evo turnstile, the TF1000-Evo LK gate provides logistical access to the outside in both directions. When authorised by the access control system, the gate is released and operated manually in the direction of passage. <\/span><\/p>\n","protected":false},"featured_media":3789,"comment_status":"closed","ping_status":"closed","template":"","meta":{"_acf_changed":false},"product_brand":[],"product_cat":[191,204],"product_tag":[],"class_list":{"0":"post-4828","1":"product","2":"type-product","3":"status-publish","4":"has-post-thumbnail","6":"product_cat-access-control","7":"product_cat-turnstiles","9":"first","10":"instock","11":"shipping-taxable","12":"product-type-simple"},"acf":[],"yoast_head":"<!-- This site is optimized with the Yoast SEO plugin v25.8 - https:\/\/yoast.com\/wordpress\/plugins\/seo\/ -->\n<title>TF1000-Evo LK - Bollor\u00e9<\/title>\n<meta name=\"description\" content=\"The TF1000-Evo LK manual opening gate provides logistical and PRM access in both directions to the outside.\" \/>\n<meta name=\"robots\" content=\"index, follow, max-snippet:-1, max-image-preview:large, max-video-preview:-1\" \/>\n<link rel=\"canonical\" href=\"https:\/\/www.bollore.fr\/en\/produits\/tf1000-evo-lk\/\" \/>\n<meta property=\"og:locale\" content=\"en_US\" \/>\n<meta property=\"og:type\" content=\"article\" \/>\n<meta property=\"og:title\" content=\"TF1000-Evo LK - Bollor\u00e9\" \/>\n<meta property=\"og:description\" content=\"The TF1000-Evo LK manual opening gate provides logistical and PRM access in both directions to the outside.\" \/>\n<meta property=\"og:url\" content=\"https:\/\/www.bollore.fr\/en\/produits\/tf1000-evo-lk\/\" \/>\n<meta property=\"og:site_name\" content=\"Bollor\u00e9\" \/>\n<meta property=\"article:modified_time\" content=\"2026-03-16T14:01:37+00:00\" \/>\n<meta property=\"og:image\" content=\"https:\/\/www.bollore.fr\/wp-content\/uploads\/2022\/06\/13\/miniature-tf1000-evo-lk.png\" \/>\n\t<meta property=\"og:image:width\" content=\"1024\" \/>\n\t<meta property=\"og:image:height\" content=\"782\" \/>\n\t<meta property=\"og:image:type\" content=\"image\/png\" \/>\n<meta name=\"twitter:card\" content=\"summary_large_image\" \/>\n<script type=\"application\/ld+json\" class=\"yoast-schema-graph\">{\"@context\":\"https:\/\/schema.org\",\"@graph\":[{\"@type\":\"WebPage\",\"@id\":\"https:\/\/www.bollore.fr\/en\/produits\/tf1000-evo-lk\/\",\"url\":\"https:\/\/www.bollore.fr\/en\/produits\/tf1000-evo-lk\/\",\"name\":\"TF1000-Evo LK - Bollor\u00e9\",\"isPartOf\":{\"@id\":\"https:\/\/www.bollore.fr\/en\/#website\"},\"primaryImageOfPage\":{\"@id\":\"https:\/\/www.bollore.fr\/en\/produits\/tf1000-evo-lk\/#primaryimage\"},\"image\":{\"@id\":\"https:\/\/www.bollore.fr\/en\/produits\/tf1000-evo-lk\/#primaryimage\"},\"thumbnailUrl\":\"https:\/\/www.bollore.fr\/wp-content\/uploads\/2022\/06\/13\/miniature-tf1000-evo-lk.png\",\"datePublished\":\"2022-03-09T09:09:46+00:00\",\"dateModified\":\"2026-03-16T14:01:37+00:00\",\"description\":\"The TF1000-Evo LK manual opening gate provides logistical and PRM access in both directions to the outside.\",\"breadcrumb\":{\"@id\":\"https:\/\/www.bollore.fr\/en\/produits\/tf1000-evo-lk\/#breadcrumb\"},\"inLanguage\":\"en-US\",\"potentialAction\":[{\"@type\":\"ReadAction\",\"target\":[\"https:\/\/www.bollore.fr\/en\/produits\/tf1000-evo-lk\/\"]}]},{\"@type\":\"ImageObject\",\"inLanguage\":\"en-US\",\"@id\":\"https:\/\/www.bollore.fr\/en\/produits\/tf1000-evo-lk\/#primaryimage\",\"url\":\"https:\/\/www.bollore.fr\/wp-content\/uploads\/2022\/06\/13\/miniature-tf1000-evo-lk.png\",\"contentUrl\":\"https:\/\/www.bollore.fr\/wp-content\/uploads\/2022\/06\/13\/miniature-tf1000-evo-lk.png\",\"width\":1024,\"height\":782,\"caption\":\"miniature-tf1000-evo-LK\"},{\"@type\":\"BreadcrumbList\",\"@id\":\"https:\/\/www.bollore.fr\/en\/produits\/tf1000-evo-lk\/#breadcrumb\",\"itemListElement\":[{\"@type\":\"ListItem\",\"position\":1,\"name\":\"Accueil\",\"item\":\"https:\/\/www.bollore.fr\/en\/\"},{\"@type\":\"ListItem\",\"position\":2,\"name\":\"We offer security solutions.\",\"item\":\"https:\/\/www.bollore.fr\/en\/we-offer-security-solutions\/\"},{\"@type\":\"ListItem\",\"position\":3,\"name\":\"TF1000-Evo LK\"}]},{\"@type\":\"WebSite\",\"@id\":\"https:\/\/www.bollore.fr\/en\/#website\",\"url\":\"https:\/\/www.bollore.fr\/en\/\",\"name\":\"Bollor\u00e9\",\"description\":\"Avancez en toute s\u00e9curit\u00e9\",\"publisher\":{\"@id\":\"https:\/\/www.bollore.fr\/en\/#organization\"},\"potentialAction\":[{\"@type\":\"SearchAction\",\"target\":{\"@type\":\"EntryPoint\",\"urlTemplate\":\"https:\/\/www.bollore.fr\/en\/?s={search_term_string}\"},\"query-input\":{\"@type\":\"PropertyValueSpecification\",\"valueRequired\":true,\"valueName\":\"search_term_string\"}}],\"inLanguage\":\"en-US\"},{\"@type\":\"Organization\",\"@id\":\"https:\/\/www.bollore.fr\/en\/#organization\",\"name\":\"Bollor\u00e9\",\"url\":\"https:\/\/www.bollore.fr\/en\/\",\"logo\":{\"@type\":\"ImageObject\",\"inLanguage\":\"en-US\",\"@id\":\"https:\/\/www.bollore.fr\/en\/#\/schema\/logo\/image\/\",\"url\":\"https:\/\/www.bollore.fr\/wp-content\/uploads\/2021\/12\/10\/logo-bollore.svg\",\"contentUrl\":\"https:\/\/www.bollore.fr\/wp-content\/uploads\/2021\/12\/10\/logo-bollore.svg\",\"width\":164,\"height\":31,\"caption\":\"Bollor\u00e9\"},\"image\":{\"@id\":\"https:\/\/www.bollore.fr\/en\/#\/schema\/logo\/image\/\"}}]}<\/script>\n<!-- \/ Yoast SEO plugin. -->","yoast_head_json":{"title":"TF1000-Evo LK - Bollor\u00e9","description":"The TF1000-Evo LK manual opening gate provides logistical and PRM access in both directions to the outside.","robots":{"index":"index","follow":"follow","max-snippet":"max-snippet:-1","max-image-preview":"max-image-preview:large","max-video-preview":"max-video-preview:-1"},"canonical":"https:\/\/www.bollore.fr\/en\/produits\/tf1000-evo-lk\/","og_locale":"en_US","og_type":"article","og_title":"TF1000-Evo LK - Bollor\u00e9","og_description":"The TF1000-Evo LK manual opening gate provides logistical and PRM access in both directions to the outside.","og_url":"https:\/\/www.bollore.fr\/en\/produits\/tf1000-evo-lk\/","og_site_name":"Bollor\u00e9","article_modified_time":"2026-03-16T14:01:37+00:00","og_image":[{"width":1024,"height":782,"url":"https:\/\/www.bollore.fr\/wp-content\/uploads\/2022\/06\/13\/miniature-tf1000-evo-lk.png","type":"image\/png"}],"twitter_card":"summary_large_image","schema":{"@context":"https:\/\/schema.org","@graph":[{"@type":"WebPage","@id":"https:\/\/www.bollore.fr\/en\/produits\/tf1000-evo-lk\/","url":"https:\/\/www.bollore.fr\/en\/produits\/tf1000-evo-lk\/","name":"TF1000-Evo LK - Bollor\u00e9","isPartOf":{"@id":"https:\/\/www.bollore.fr\/en\/#website"},"primaryImageOfPage":{"@id":"https:\/\/www.bollore.fr\/en\/produits\/tf1000-evo-lk\/#primaryimage"},"image":{"@id":"https:\/\/www.bollore.fr\/en\/produits\/tf1000-evo-lk\/#primaryimage"},"thumbnailUrl":"https:\/\/www.bollore.fr\/wp-content\/uploads\/2022\/06\/13\/miniature-tf1000-evo-lk.png","datePublished":"2022-03-09T09:09:46+00:00","dateModified":"2026-03-16T14:01:37+00:00","description":"The TF1000-Evo LK manual opening gate provides logistical and PRM access in both directions to the outside.","breadcrumb":{"@id":"https:\/\/www.bollore.fr\/en\/produits\/tf1000-evo-lk\/#breadcrumb"},"inLanguage":"en-US","potentialAction":[{"@type":"ReadAction","target":["https:\/\/www.bollore.fr\/en\/produits\/tf1000-evo-lk\/"]}]},{"@type":"ImageObject","inLanguage":"en-US","@id":"https:\/\/www.bollore.fr\/en\/produits\/tf1000-evo-lk\/#primaryimage","url":"https:\/\/www.bollore.fr\/wp-content\/uploads\/2022\/06\/13\/miniature-tf1000-evo-lk.png","contentUrl":"https:\/\/www.bollore.fr\/wp-content\/uploads\/2022\/06\/13\/miniature-tf1000-evo-lk.png","width":1024,"height":782,"caption":"miniature-tf1000-evo-LK"},{"@type":"BreadcrumbList","@id":"https:\/\/www.bollore.fr\/en\/produits\/tf1000-evo-lk\/#breadcrumb","itemListElement":[{"@type":"ListItem","position":1,"name":"Accueil","item":"https:\/\/www.bollore.fr\/en\/"},{"@type":"ListItem","position":2,"name":"We offer security solutions.","item":"https:\/\/www.bollore.fr\/en\/we-offer-security-solutions\/"},{"@type":"ListItem","position":3,"name":"TF1000-Evo LK"}]},{"@type":"WebSite","@id":"https:\/\/www.bollore.fr\/en\/#website","url":"https:\/\/www.bollore.fr\/en\/","name":"Bollor\u00e9","description":"Avancez en toute s\u00e9curit\u00e9","publisher":{"@id":"https:\/\/www.bollore.fr\/en\/#organization"},"potentialAction":[{"@type":"SearchAction","target":{"@type":"EntryPoint","urlTemplate":"https:\/\/www.bollore.fr\/en\/?s={search_term_string}"},"query-input":{"@type":"PropertyValueSpecification","valueRequired":true,"valueName":"search_term_string"}}],"inLanguage":"en-US"},{"@type":"Organization","@id":"https:\/\/www.bollore.fr\/en\/#organization","name":"Bollor\u00e9","url":"https:\/\/www.bollore.fr\/en\/","logo":{"@type":"ImageObject","inLanguage":"en-US","@id":"https:\/\/www.bollore.fr\/en\/#\/schema\/logo\/image\/","url":"https:\/\/www.bollore.fr\/wp-content\/uploads\/2021\/12\/10\/logo-bollore.svg","contentUrl":"https:\/\/www.bollore.fr\/wp-content\/uploads\/2021\/12\/10\/logo-bollore.svg","width":164,"height":31,"caption":"Bollor\u00e9"},"image":{"@id":"https:\/\/www.bollore.fr\/en\/#\/schema\/logo\/image\/"}}]}},"_links":{"self":[{"href":"https:\/\/www.bollore.fr\/en\/wp-json\/wp\/v2\/product\/4828","targetHints":{"allow":["GET"]}}],"collection":[{"href":"https:\/\/www.bollore.fr\/en\/wp-json\/wp\/v2\/product"}],"about":[{"href":"https:\/\/www.bollore.fr\/en\/wp-json\/wp\/v2\/types\/product"}],"replies":[{"embeddable":true,"href":"https:\/\/www.bollore.fr\/en\/wp-json\/wp\/v2\/comments?post=4828"}],"wp:featuredmedia":[{"embeddable":true,"href":"https:\/\/www.bollore.fr\/en\/wp-json\/wp\/v2\/media\/3789"}],"wp:attachment":[{"href":"https:\/\/www.bollore.fr\/en\/wp-json\/wp\/v2\/media?parent=4828"}],"wp:term":[{"taxonomy":"product_brand","embeddable":true,"href":"https:\/\/www.bollore.fr\/en\/wp-json\/wp\/v2\/product_brand?post=4828"},{"taxonomy":"product_cat","embeddable":true,"href":"https:\/\/www.bollore.fr\/en\/wp-json\/wp\/v2\/product_cat?post=4828"},{"taxonomy":"product_tag","embeddable":true,"href":"https:\/\/www.bollore.fr\/en\/wp-json\/wp\/v2\/product_tag?post=4828"}],"curies":[{"name":"wp","href":"https:\/\/api.w.org\/{rel}","templated":true}]}}