{"id":4808,"date":"2022-03-09T15:43:39","date_gmt":"2022-03-09T14:43:39","guid":{"rendered":"https:\/\/www.bollore.fr\/produits\/herse-br\/"},"modified":"2026-03-16T14:49:56","modified_gmt":"2026-03-16T13:49:56","slug":"herse-br","status":"publish","type":"product","link":"https:\/\/www.bollore.fr\/en\/produits\/herse-br\/","title":{"rendered":"Herse BR"},"content":{"rendered":"<p><span style=\"font-weight: 400;\">The BR barrier controls the flow of cars in the desired direction of travel. Composed of spikes that can be directed outwards or inwards as required, it lowers and rises on command to allow vehicles to pass.<\/span><\/p>\n<p><span style=\"font-weight: 400;\">This barrier helps to limit attempts by vehicles to force their way into protected areas. It adapts to the security and safety needs of industrial, nuclear, and prison sites. airport and prison sites.<\/span><span style=\"font-weight: 400;\"><br \/>\n<\/span><\/p>\n","protected":false},"excerpt":{"rendered":"<p><span style=\"font-weight: 400;\">The BR barrier controls the transit of cars in the direction of the desired passage. Composed of spikes oriented towards the outside or the inside depending on the need, it lowers and rises on command to allow access to vehicles.<\/span><\/p>\n","protected":false},"featured_media":3367,"comment_status":"closed","ping_status":"closed","template":"","meta":{"_acf_changed":false},"product_brand":[],"product_cat":[192,213],"product_tag":[],"class_list":{"0":"post-4808","1":"product","2":"type-product","3":"status-publish","4":"has-post-thumbnail","6":"product_cat-perimeter-protection","7":"product_cat-vehicle-access","9":"first","10":"instock","11":"shipping-taxable","12":"product-type-simple"},"acf":[],"yoast_head":"<!-- This site is optimized with the Yoast SEO plugin v25.8 - https:\/\/yoast.com\/wordpress\/plugins\/seo\/ -->\n<title>Herse BR - Bollor\u00e9<\/title>\n<meta name=\"description\" content=\"La herse BR contr\u00f4le le transit des voitures dans le sens de passage souhait\u00e9.\" \/>\n<meta name=\"robots\" content=\"index, follow, max-snippet:-1, max-image-preview:large, max-video-preview:-1\" \/>\n<link rel=\"canonical\" href=\"https:\/\/www.bollore.fr\/en\/produits\/herse-br\/\" \/>\n<meta property=\"og:locale\" content=\"en_US\" \/>\n<meta property=\"og:type\" content=\"article\" \/>\n<meta property=\"og:title\" content=\"Herse BR - Bollor\u00e9\" \/>\n<meta property=\"og:description\" content=\"La herse BR contr\u00f4le le transit des voitures dans le sens de passage souhait\u00e9.\" \/>\n<meta property=\"og:url\" content=\"https:\/\/www.bollore.fr\/en\/produits\/herse-br\/\" \/>\n<meta property=\"og:site_name\" content=\"Bollor\u00e9\" \/>\n<meta property=\"article:modified_time\" content=\"2026-03-16T13:49:56+00:00\" \/>\n<meta property=\"og:image\" content=\"https:\/\/www.bollore.fr\/wp-content\/uploads\/2022\/03\/09\/222-herse-br-br400.png\" \/>\n\t<meta property=\"og:image:width\" content=\"1024\" \/>\n\t<meta property=\"og:image:height\" content=\"782\" \/>\n\t<meta property=\"og:image:type\" content=\"image\/png\" \/>\n<meta name=\"twitter:card\" content=\"summary_large_image\" \/>\n<meta name=\"twitter:label1\" content=\"Est. reading time\" \/>\n\t<meta name=\"twitter:data1\" content=\"1 minute\" \/>\n<script type=\"application\/ld+json\" class=\"yoast-schema-graph\">{\"@context\":\"https:\/\/schema.org\",\"@graph\":[{\"@type\":\"WebPage\",\"@id\":\"https:\/\/www.bollore.fr\/en\/produits\/herse-br\/\",\"url\":\"https:\/\/www.bollore.fr\/en\/produits\/herse-br\/\",\"name\":\"Herse BR - Bollor\u00e9\",\"isPartOf\":{\"@id\":\"https:\/\/www.bollore.fr\/en\/#website\"},\"primaryImageOfPage\":{\"@id\":\"https:\/\/www.bollore.fr\/en\/produits\/herse-br\/#primaryimage\"},\"image\":{\"@id\":\"https:\/\/www.bollore.fr\/en\/produits\/herse-br\/#primaryimage\"},\"thumbnailUrl\":\"https:\/\/www.bollore.fr\/wp-content\/uploads\/2022\/03\/09\/222-herse-br-br400.png\",\"datePublished\":\"2022-03-09T14:43:39+00:00\",\"dateModified\":\"2026-03-16T13:49:56+00:00\",\"description\":\"La herse BR contr\u00f4le le transit des voitures dans le sens de passage souhait\u00e9.\",\"breadcrumb\":{\"@id\":\"https:\/\/www.bollore.fr\/en\/produits\/herse-br\/#breadcrumb\"},\"inLanguage\":\"en-US\",\"potentialAction\":[{\"@type\":\"ReadAction\",\"target\":[\"https:\/\/www.bollore.fr\/en\/produits\/herse-br\/\"]}]},{\"@type\":\"ImageObject\",\"inLanguage\":\"en-US\",\"@id\":\"https:\/\/www.bollore.fr\/en\/produits\/herse-br\/#primaryimage\",\"url\":\"https:\/\/www.bollore.fr\/wp-content\/uploads\/2022\/03\/09\/222-herse-br-br400.png\",\"contentUrl\":\"https:\/\/www.bollore.fr\/wp-content\/uploads\/2022\/03\/09\/222-herse-br-br400.png\",\"width\":1024,\"height\":782},{\"@type\":\"BreadcrumbList\",\"@id\":\"https:\/\/www.bollore.fr\/en\/produits\/herse-br\/#breadcrumb\",\"itemListElement\":[{\"@type\":\"ListItem\",\"position\":1,\"name\":\"Accueil\",\"item\":\"https:\/\/www.bollore.fr\/en\/\"},{\"@type\":\"ListItem\",\"position\":2,\"name\":\"We offer security solutions.\",\"item\":\"https:\/\/www.bollore.fr\/en\/we-offer-security-solutions\/\"},{\"@type\":\"ListItem\",\"position\":3,\"name\":\"Herse BR\"}]},{\"@type\":\"WebSite\",\"@id\":\"https:\/\/www.bollore.fr\/en\/#website\",\"url\":\"https:\/\/www.bollore.fr\/en\/\",\"name\":\"Bollor\u00e9\",\"description\":\"Avancez en toute s\u00e9curit\u00e9\",\"publisher\":{\"@id\":\"https:\/\/www.bollore.fr\/en\/#organization\"},\"potentialAction\":[{\"@type\":\"SearchAction\",\"target\":{\"@type\":\"EntryPoint\",\"urlTemplate\":\"https:\/\/www.bollore.fr\/en\/?s={search_term_string}\"},\"query-input\":{\"@type\":\"PropertyValueSpecification\",\"valueRequired\":true,\"valueName\":\"search_term_string\"}}],\"inLanguage\":\"en-US\"},{\"@type\":\"Organization\",\"@id\":\"https:\/\/www.bollore.fr\/en\/#organization\",\"name\":\"Bollor\u00e9\",\"url\":\"https:\/\/www.bollore.fr\/en\/\",\"logo\":{\"@type\":\"ImageObject\",\"inLanguage\":\"en-US\",\"@id\":\"https:\/\/www.bollore.fr\/en\/#\/schema\/logo\/image\/\",\"url\":\"https:\/\/www.bollore.fr\/wp-content\/uploads\/2021\/12\/10\/logo-bollore.svg\",\"contentUrl\":\"https:\/\/www.bollore.fr\/wp-content\/uploads\/2021\/12\/10\/logo-bollore.svg\",\"width\":164,\"height\":31,\"caption\":\"Bollor\u00e9\"},\"image\":{\"@id\":\"https:\/\/www.bollore.fr\/en\/#\/schema\/logo\/image\/\"}}]}<\/script>\n<!-- \/ Yoast SEO plugin. -->","yoast_head_json":{"title":"Herse BR - Bollor\u00e9","description":"La herse BR contr\u00f4le le transit des voitures dans le sens de passage souhait\u00e9.","robots":{"index":"index","follow":"follow","max-snippet":"max-snippet:-1","max-image-preview":"max-image-preview:large","max-video-preview":"max-video-preview:-1"},"canonical":"https:\/\/www.bollore.fr\/en\/produits\/herse-br\/","og_locale":"en_US","og_type":"article","og_title":"Herse BR - Bollor\u00e9","og_description":"La herse BR contr\u00f4le le transit des voitures dans le sens de passage souhait\u00e9.","og_url":"https:\/\/www.bollore.fr\/en\/produits\/herse-br\/","og_site_name":"Bollor\u00e9","article_modified_time":"2026-03-16T13:49:56+00:00","og_image":[{"width":1024,"height":782,"url":"https:\/\/www.bollore.fr\/wp-content\/uploads\/2022\/03\/09\/222-herse-br-br400.png","type":"image\/png"}],"twitter_card":"summary_large_image","twitter_misc":{"Est. reading time":"1 minute"},"schema":{"@context":"https:\/\/schema.org","@graph":[{"@type":"WebPage","@id":"https:\/\/www.bollore.fr\/en\/produits\/herse-br\/","url":"https:\/\/www.bollore.fr\/en\/produits\/herse-br\/","name":"Herse BR - Bollor\u00e9","isPartOf":{"@id":"https:\/\/www.bollore.fr\/en\/#website"},"primaryImageOfPage":{"@id":"https:\/\/www.bollore.fr\/en\/produits\/herse-br\/#primaryimage"},"image":{"@id":"https:\/\/www.bollore.fr\/en\/produits\/herse-br\/#primaryimage"},"thumbnailUrl":"https:\/\/www.bollore.fr\/wp-content\/uploads\/2022\/03\/09\/222-herse-br-br400.png","datePublished":"2022-03-09T14:43:39+00:00","dateModified":"2026-03-16T13:49:56+00:00","description":"La herse BR contr\u00f4le le transit des voitures dans le sens de passage souhait\u00e9.","breadcrumb":{"@id":"https:\/\/www.bollore.fr\/en\/produits\/herse-br\/#breadcrumb"},"inLanguage":"en-US","potentialAction":[{"@type":"ReadAction","target":["https:\/\/www.bollore.fr\/en\/produits\/herse-br\/"]}]},{"@type":"ImageObject","inLanguage":"en-US","@id":"https:\/\/www.bollore.fr\/en\/produits\/herse-br\/#primaryimage","url":"https:\/\/www.bollore.fr\/wp-content\/uploads\/2022\/03\/09\/222-herse-br-br400.png","contentUrl":"https:\/\/www.bollore.fr\/wp-content\/uploads\/2022\/03\/09\/222-herse-br-br400.png","width":1024,"height":782},{"@type":"BreadcrumbList","@id":"https:\/\/www.bollore.fr\/en\/produits\/herse-br\/#breadcrumb","itemListElement":[{"@type":"ListItem","position":1,"name":"Accueil","item":"https:\/\/www.bollore.fr\/en\/"},{"@type":"ListItem","position":2,"name":"We offer security solutions.","item":"https:\/\/www.bollore.fr\/en\/we-offer-security-solutions\/"},{"@type":"ListItem","position":3,"name":"Herse BR"}]},{"@type":"WebSite","@id":"https:\/\/www.bollore.fr\/en\/#website","url":"https:\/\/www.bollore.fr\/en\/","name":"Bollor\u00e9","description":"Avancez en toute s\u00e9curit\u00e9","publisher":{"@id":"https:\/\/www.bollore.fr\/en\/#organization"},"potentialAction":[{"@type":"SearchAction","target":{"@type":"EntryPoint","urlTemplate":"https:\/\/www.bollore.fr\/en\/?s={search_term_string}"},"query-input":{"@type":"PropertyValueSpecification","valueRequired":true,"valueName":"search_term_string"}}],"inLanguage":"en-US"},{"@type":"Organization","@id":"https:\/\/www.bollore.fr\/en\/#organization","name":"Bollor\u00e9","url":"https:\/\/www.bollore.fr\/en\/","logo":{"@type":"ImageObject","inLanguage":"en-US","@id":"https:\/\/www.bollore.fr\/en\/#\/schema\/logo\/image\/","url":"https:\/\/www.bollore.fr\/wp-content\/uploads\/2021\/12\/10\/logo-bollore.svg","contentUrl":"https:\/\/www.bollore.fr\/wp-content\/uploads\/2021\/12\/10\/logo-bollore.svg","width":164,"height":31,"caption":"Bollor\u00e9"},"image":{"@id":"https:\/\/www.bollore.fr\/en\/#\/schema\/logo\/image\/"}}]}},"_links":{"self":[{"href":"https:\/\/www.bollore.fr\/en\/wp-json\/wp\/v2\/product\/4808","targetHints":{"allow":["GET"]}}],"collection":[{"href":"https:\/\/www.bollore.fr\/en\/wp-json\/wp\/v2\/product"}],"about":[{"href":"https:\/\/www.bollore.fr\/en\/wp-json\/wp\/v2\/types\/product"}],"replies":[{"embeddable":true,"href":"https:\/\/www.bollore.fr\/en\/wp-json\/wp\/v2\/comments?post=4808"}],"wp:featuredmedia":[{"embeddable":true,"href":"https:\/\/www.bollore.fr\/en\/wp-json\/wp\/v2\/media\/3367"}],"wp:attachment":[{"href":"https:\/\/www.bollore.fr\/en\/wp-json\/wp\/v2\/media?parent=4808"}],"wp:term":[{"taxonomy":"product_brand","embeddable":true,"href":"https:\/\/www.bollore.fr\/en\/wp-json\/wp\/v2\/product_brand?post=4808"},{"taxonomy":"product_cat","embeddable":true,"href":"https:\/\/www.bollore.fr\/en\/wp-json\/wp\/v2\/product_cat?post=4808"},{"taxonomy":"product_tag","embeddable":true,"href":"https:\/\/www.bollore.fr\/en\/wp-json\/wp\/v2\/product_tag?post=4808"}],"curies":[{"name":"wp","href":"https:\/\/api.w.org\/{rel}","templated":true}]}}