{"id":4800,"date":"2022-03-08T09:33:09","date_gmt":"2022-03-08T08:33:09","guid":{"rendered":"https:\/\/www.bollore.fr\/produits\/onyx-outdoor\/"},"modified":"2026-03-16T15:22:37","modified_gmt":"2026-03-16T14:22:37","slug":"onyx-outdoor","status":"publish","type":"product","link":"https:\/\/www.bollore.fr\/en\/produits\/onyx-outdoor\/","title":{"rendered":"ONYX Outdoor"},"content":{"rendered":"<p><span style=\"font-weight: 400;\">ONYX Outdoor<\/span> <span style=\"font-weight: 400;\">automatic gate with slats<\/span><span style=\"font-weight: 400;\"> controls pedestrian access in both directions. Its detection system ensures a single passageway. <\/span> <span style=\"font-weight: 400;\">This is the high-tech replacement for the traditional turnstile.<\/span><br \/>\n<span style=\"font-weight: 400;\">Compatible with PRM and soft mobility,<\/span><span style=\"font-weight: 400;\"> it offers the possibility of managing pedestrian flows without discriminating against passage or additional equipment (gate, turnstile, etc.).<\/span><\/p>\n<p><span style=\"font-weight: 400;\">This compact, full-height gate<\/span> <span style=\"font-weight: 400;\">easily adapts to the specific safety and security requirements of the external perimeter of industrial, service, banking, nuclear, data centre and airport sites.<\/span><br \/>\n<span style=\"font-weight: 400;\">Passage through the<\/span> <span style=\"font-weight: 400;\">ONYX Outdoor gate<\/span> <span style=\"font-weight: 400;\">is 25 to 30 people per minute in standard operating mode.<\/span><\/p>\n<p><span style=\"font-weight: 400;\">This gate can be installed on its own or in a battery, depending on the number of passages required.<\/span><\/p>\n","protected":false},"excerpt":{"rendered":"<p><span style=\"font-weight: 400;\">ONYX Outdoor<\/span> <span style=\"font-weight: 400;\">automatic gate with slats<\/span><span style=\"font-weight: 400;\"> controls pedestrian access in both directions. Its detection system ensures a single passageway. <\/span><\/p>\n","protected":false},"featured_media":3181,"comment_status":"closed","ping_status":"closed","template":"","meta":{"_acf_changed":false},"product_brand":[],"product_cat":[191,201],"product_tag":[],"class_list":{"0":"post-4800","1":"product","2":"type-product","3":"status-publish","4":"has-post-thumbnail","6":"product_cat-access-control","7":"product_cat-automatic-gates","9":"first","10":"instock","11":"shipping-taxable","12":"product-type-simple"},"acf":[],"yoast_head":"<!-- This site is optimized with the Yoast SEO plugin v25.8 - https:\/\/yoast.com\/wordpress\/plugins\/seo\/ -->\n<title>ONYX Outdoor - Bollor\u00e9<\/title>\n<meta name=\"description\" content=\"The ONYX Outdoor automatic slatted gate controls pedestrian access in both directions.\" \/>\n<meta name=\"robots\" content=\"index, follow, max-snippet:-1, max-image-preview:large, max-video-preview:-1\" \/>\n<link rel=\"canonical\" href=\"https:\/\/www.bollore.fr\/en\/produits\/onyx-outdoor\/\" \/>\n<meta property=\"og:locale\" content=\"en_US\" \/>\n<meta property=\"og:type\" content=\"article\" \/>\n<meta property=\"og:title\" content=\"ONYX Outdoor - Bollor\u00e9\" \/>\n<meta property=\"og:description\" content=\"The ONYX Outdoor automatic slatted gate controls pedestrian access in both directions.\" \/>\n<meta property=\"og:url\" content=\"https:\/\/www.bollore.fr\/en\/produits\/onyx-outdoor\/\" \/>\n<meta property=\"og:site_name\" content=\"Bollor\u00e9\" \/>\n<meta property=\"article:modified_time\" content=\"2026-03-16T14:22:37+00:00\" \/>\n<meta property=\"og:image\" content=\"https:\/\/www.bollore.fr\/wp-content\/uploads\/2022\/03\/08\/216-portillon-onyx-outdoor.png\" \/>\n\t<meta property=\"og:image:width\" content=\"1024\" \/>\n\t<meta property=\"og:image:height\" content=\"780\" \/>\n\t<meta property=\"og:image:type\" content=\"image\/png\" \/>\n<meta name=\"twitter:card\" content=\"summary_large_image\" \/>\n<meta name=\"twitter:label1\" content=\"Est. reading time\" \/>\n\t<meta name=\"twitter:data1\" content=\"1 minute\" \/>\n<script type=\"application\/ld+json\" class=\"yoast-schema-graph\">{\"@context\":\"https:\/\/schema.org\",\"@graph\":[{\"@type\":\"WebPage\",\"@id\":\"https:\/\/www.bollore.fr\/en\/produits\/onyx-outdoor\/\",\"url\":\"https:\/\/www.bollore.fr\/en\/produits\/onyx-outdoor\/\",\"name\":\"ONYX Outdoor - Bollor\u00e9\",\"isPartOf\":{\"@id\":\"https:\/\/www.bollore.fr\/en\/#website\"},\"primaryImageOfPage\":{\"@id\":\"https:\/\/www.bollore.fr\/en\/produits\/onyx-outdoor\/#primaryimage\"},\"image\":{\"@id\":\"https:\/\/www.bollore.fr\/en\/produits\/onyx-outdoor\/#primaryimage\"},\"thumbnailUrl\":\"https:\/\/www.bollore.fr\/wp-content\/uploads\/2022\/03\/08\/216-portillon-onyx-outdoor.png\",\"datePublished\":\"2022-03-08T08:33:09+00:00\",\"dateModified\":\"2026-03-16T14:22:37+00:00\",\"description\":\"The ONYX Outdoor automatic slatted gate controls pedestrian access in both directions.\",\"breadcrumb\":{\"@id\":\"https:\/\/www.bollore.fr\/en\/produits\/onyx-outdoor\/#breadcrumb\"},\"inLanguage\":\"en-US\",\"potentialAction\":[{\"@type\":\"ReadAction\",\"target\":[\"https:\/\/www.bollore.fr\/en\/produits\/onyx-outdoor\/\"]}]},{\"@type\":\"ImageObject\",\"inLanguage\":\"en-US\",\"@id\":\"https:\/\/www.bollore.fr\/en\/produits\/onyx-outdoor\/#primaryimage\",\"url\":\"https:\/\/www.bollore.fr\/wp-content\/uploads\/2022\/03\/08\/216-portillon-onyx-outdoor.png\",\"contentUrl\":\"https:\/\/www.bollore.fr\/wp-content\/uploads\/2022\/03\/08\/216-portillon-onyx-outdoor.png\",\"width\":1024,\"height\":780},{\"@type\":\"BreadcrumbList\",\"@id\":\"https:\/\/www.bollore.fr\/en\/produits\/onyx-outdoor\/#breadcrumb\",\"itemListElement\":[{\"@type\":\"ListItem\",\"position\":1,\"name\":\"Accueil\",\"item\":\"https:\/\/www.bollore.fr\/en\/\"},{\"@type\":\"ListItem\",\"position\":2,\"name\":\"We offer security solutions.\",\"item\":\"https:\/\/www.bollore.fr\/en\/we-offer-security-solutions\/\"},{\"@type\":\"ListItem\",\"position\":3,\"name\":\"ONYX Outdoor\"}]},{\"@type\":\"WebSite\",\"@id\":\"https:\/\/www.bollore.fr\/en\/#website\",\"url\":\"https:\/\/www.bollore.fr\/en\/\",\"name\":\"Bollor\u00e9\",\"description\":\"Avancez en toute s\u00e9curit\u00e9\",\"publisher\":{\"@id\":\"https:\/\/www.bollore.fr\/en\/#organization\"},\"potentialAction\":[{\"@type\":\"SearchAction\",\"target\":{\"@type\":\"EntryPoint\",\"urlTemplate\":\"https:\/\/www.bollore.fr\/en\/?s={search_term_string}\"},\"query-input\":{\"@type\":\"PropertyValueSpecification\",\"valueRequired\":true,\"valueName\":\"search_term_string\"}}],\"inLanguage\":\"en-US\"},{\"@type\":\"Organization\",\"@id\":\"https:\/\/www.bollore.fr\/en\/#organization\",\"name\":\"Bollor\u00e9\",\"url\":\"https:\/\/www.bollore.fr\/en\/\",\"logo\":{\"@type\":\"ImageObject\",\"inLanguage\":\"en-US\",\"@id\":\"https:\/\/www.bollore.fr\/en\/#\/schema\/logo\/image\/\",\"url\":\"https:\/\/www.bollore.fr\/wp-content\/uploads\/2021\/12\/10\/logo-bollore.svg\",\"contentUrl\":\"https:\/\/www.bollore.fr\/wp-content\/uploads\/2021\/12\/10\/logo-bollore.svg\",\"width\":164,\"height\":31,\"caption\":\"Bollor\u00e9\"},\"image\":{\"@id\":\"https:\/\/www.bollore.fr\/en\/#\/schema\/logo\/image\/\"}}]}<\/script>\n<!-- \/ Yoast SEO plugin. -->","yoast_head_json":{"title":"ONYX Outdoor - Bollor\u00e9","description":"The ONYX Outdoor automatic slatted gate controls pedestrian access in both directions.","robots":{"index":"index","follow":"follow","max-snippet":"max-snippet:-1","max-image-preview":"max-image-preview:large","max-video-preview":"max-video-preview:-1"},"canonical":"https:\/\/www.bollore.fr\/en\/produits\/onyx-outdoor\/","og_locale":"en_US","og_type":"article","og_title":"ONYX Outdoor - Bollor\u00e9","og_description":"The ONYX Outdoor automatic slatted gate controls pedestrian access in both directions.","og_url":"https:\/\/www.bollore.fr\/en\/produits\/onyx-outdoor\/","og_site_name":"Bollor\u00e9","article_modified_time":"2026-03-16T14:22:37+00:00","og_image":[{"width":1024,"height":780,"url":"https:\/\/www.bollore.fr\/wp-content\/uploads\/2022\/03\/08\/216-portillon-onyx-outdoor.png","type":"image\/png"}],"twitter_card":"summary_large_image","twitter_misc":{"Est. reading time":"1 minute"},"schema":{"@context":"https:\/\/schema.org","@graph":[{"@type":"WebPage","@id":"https:\/\/www.bollore.fr\/en\/produits\/onyx-outdoor\/","url":"https:\/\/www.bollore.fr\/en\/produits\/onyx-outdoor\/","name":"ONYX Outdoor - Bollor\u00e9","isPartOf":{"@id":"https:\/\/www.bollore.fr\/en\/#website"},"primaryImageOfPage":{"@id":"https:\/\/www.bollore.fr\/en\/produits\/onyx-outdoor\/#primaryimage"},"image":{"@id":"https:\/\/www.bollore.fr\/en\/produits\/onyx-outdoor\/#primaryimage"},"thumbnailUrl":"https:\/\/www.bollore.fr\/wp-content\/uploads\/2022\/03\/08\/216-portillon-onyx-outdoor.png","datePublished":"2022-03-08T08:33:09+00:00","dateModified":"2026-03-16T14:22:37+00:00","description":"The ONYX Outdoor automatic slatted gate controls pedestrian access in both directions.","breadcrumb":{"@id":"https:\/\/www.bollore.fr\/en\/produits\/onyx-outdoor\/#breadcrumb"},"inLanguage":"en-US","potentialAction":[{"@type":"ReadAction","target":["https:\/\/www.bollore.fr\/en\/produits\/onyx-outdoor\/"]}]},{"@type":"ImageObject","inLanguage":"en-US","@id":"https:\/\/www.bollore.fr\/en\/produits\/onyx-outdoor\/#primaryimage","url":"https:\/\/www.bollore.fr\/wp-content\/uploads\/2022\/03\/08\/216-portillon-onyx-outdoor.png","contentUrl":"https:\/\/www.bollore.fr\/wp-content\/uploads\/2022\/03\/08\/216-portillon-onyx-outdoor.png","width":1024,"height":780},{"@type":"BreadcrumbList","@id":"https:\/\/www.bollore.fr\/en\/produits\/onyx-outdoor\/#breadcrumb","itemListElement":[{"@type":"ListItem","position":1,"name":"Accueil","item":"https:\/\/www.bollore.fr\/en\/"},{"@type":"ListItem","position":2,"name":"We offer security solutions.","item":"https:\/\/www.bollore.fr\/en\/we-offer-security-solutions\/"},{"@type":"ListItem","position":3,"name":"ONYX Outdoor"}]},{"@type":"WebSite","@id":"https:\/\/www.bollore.fr\/en\/#website","url":"https:\/\/www.bollore.fr\/en\/","name":"Bollor\u00e9","description":"Avancez en toute s\u00e9curit\u00e9","publisher":{"@id":"https:\/\/www.bollore.fr\/en\/#organization"},"potentialAction":[{"@type":"SearchAction","target":{"@type":"EntryPoint","urlTemplate":"https:\/\/www.bollore.fr\/en\/?s={search_term_string}"},"query-input":{"@type":"PropertyValueSpecification","valueRequired":true,"valueName":"search_term_string"}}],"inLanguage":"en-US"},{"@type":"Organization","@id":"https:\/\/www.bollore.fr\/en\/#organization","name":"Bollor\u00e9","url":"https:\/\/www.bollore.fr\/en\/","logo":{"@type":"ImageObject","inLanguage":"en-US","@id":"https:\/\/www.bollore.fr\/en\/#\/schema\/logo\/image\/","url":"https:\/\/www.bollore.fr\/wp-content\/uploads\/2021\/12\/10\/logo-bollore.svg","contentUrl":"https:\/\/www.bollore.fr\/wp-content\/uploads\/2021\/12\/10\/logo-bollore.svg","width":164,"height":31,"caption":"Bollor\u00e9"},"image":{"@id":"https:\/\/www.bollore.fr\/en\/#\/schema\/logo\/image\/"}}]}},"_links":{"self":[{"href":"https:\/\/www.bollore.fr\/en\/wp-json\/wp\/v2\/product\/4800","targetHints":{"allow":["GET"]}}],"collection":[{"href":"https:\/\/www.bollore.fr\/en\/wp-json\/wp\/v2\/product"}],"about":[{"href":"https:\/\/www.bollore.fr\/en\/wp-json\/wp\/v2\/types\/product"}],"replies":[{"embeddable":true,"href":"https:\/\/www.bollore.fr\/en\/wp-json\/wp\/v2\/comments?post=4800"}],"wp:featuredmedia":[{"embeddable":true,"href":"https:\/\/www.bollore.fr\/en\/wp-json\/wp\/v2\/media\/3181"}],"wp:attachment":[{"href":"https:\/\/www.bollore.fr\/en\/wp-json\/wp\/v2\/media?parent=4800"}],"wp:term":[{"taxonomy":"product_brand","embeddable":true,"href":"https:\/\/www.bollore.fr\/en\/wp-json\/wp\/v2\/product_brand?post=4800"},{"taxonomy":"product_cat","embeddable":true,"href":"https:\/\/www.bollore.fr\/en\/wp-json\/wp\/v2\/product_cat?post=4800"},{"taxonomy":"product_tag","embeddable":true,"href":"https:\/\/www.bollore.fr\/en\/wp-json\/wp\/v2\/product_tag?post=4800"}],"curies":[{"name":"wp","href":"https:\/\/api.w.org\/{rel}","templated":true}]}}