{"id":4616,"date":"2021-12-09T09:40:23","date_gmt":"2021-12-09T08:40:23","guid":{"rendered":"https:\/\/www.bollore.fr\/produits\/r-lane\/"},"modified":"2026-03-16T15:32:26","modified_gmt":"2026-03-16T14:32:26","slug":"r-lane","status":"publish","type":"product","link":"https:\/\/www.bollore.fr\/en\/produits\/r-lane\/","title":{"rendered":"R&#8217;Lane"},"content":{"rendered":"<p><span style=\"font-weight: 400;\"><span style=\"font-weight: 400;\">The automatic gate<\/span> R\u2019Lane<\/span><span style=\"font-weight: 400;\"> controls pedestrian access in both directions. Its innovative detection system ensures a single passageway.<br \/>\n<\/span><span style=\"font-weight: 400;\">It blends in perfectly with all styles of building architecture. PMR-compatible, the <\/span><span style=\"font-weight: 400;\">R&#8217;Lane <\/span><span style=\"font-weight: 400;\">offers the possibility of flow management without discrimination.<\/span><\/p>\n<p><span style=\"font-weight: 400;\">This ultra-design, high-performance<\/span> <span style=\"font-weight: 400;\">gate <\/span><span style=\"font-weight: 400;\">easily adapts to all the specific safety and internal security requirements of industrial, service, banking, nuclear, data centre and airport buildings.<\/span><br \/>\n<span style=\"font-weight: 400;\">R&#8217;Lane<\/span> <span style=\"font-weight: 400;\">traffic flow<\/span> <span style=\"font-weight: 400;\">is 25 to 30 people per minute in standard operating mode. It can reach a flow of 60 people in specific operation.<br \/>\n<\/span><\/p>\n<p><span style=\"font-weight: 400;\">This gate can be installed on its own or in a battery, depending on the number of passages required.<\/span><\/p>\n","protected":false},"excerpt":{"rendered":"<p><span style=\"font-weight: 400;\"><span style=\"font-weight: 400;\">The automatic gate<\/span> R\u2019Lane<\/span><span style=\"font-weight: 400;\"> controls pedestrian access in both directions. Its innovative detection system ensures a single passageway. <\/span><\/p>\n<p>&nbsp;<\/p>\n","protected":false},"featured_media":3031,"comment_status":"closed","ping_status":"closed","template":"","meta":{"_acf_changed":false},"product_brand":[],"product_cat":[191,201],"product_tag":[],"class_list":{"0":"post-4616","1":"product","2":"type-product","3":"status-publish","4":"has-post-thumbnail","6":"product_cat-access-control","7":"product_cat-automatic-gates","9":"first","10":"instock","11":"shipping-taxable","12":"product-type-simple"},"acf":[],"yoast_head":"<!-- This site is optimized with the Yoast SEO plugin v25.8 - https:\/\/yoast.com\/wordpress\/plugins\/seo\/ -->\n<title>R&#039;Lane - Bollor\u00e9<\/title>\n<meta name=\"description\" content=\"Le portillon automatique design R\u2019Lane permet de r\u00e9aliser une unicit\u00e9 de passage gr\u00e2ce \u00e0 son syst\u00e8me de d\u00e9tection tr\u00e8s innovant.\" \/>\n<meta name=\"robots\" content=\"index, follow, max-snippet:-1, max-image-preview:large, max-video-preview:-1\" \/>\n<link rel=\"canonical\" href=\"https:\/\/www.bollore.fr\/en\/produits\/r-lane\/\" \/>\n<meta property=\"og:locale\" content=\"en_US\" \/>\n<meta property=\"og:type\" content=\"article\" \/>\n<meta property=\"og:title\" content=\"R&#039;Lane - Bollor\u00e9\" \/>\n<meta property=\"og:description\" content=\"Le portillon automatique design R\u2019Lane permet de r\u00e9aliser une unicit\u00e9 de passage gr\u00e2ce \u00e0 son syst\u00e8me de d\u00e9tection tr\u00e8s innovant.\" \/>\n<meta property=\"og:url\" content=\"https:\/\/www.bollore.fr\/en\/produits\/r-lane\/\" \/>\n<meta property=\"og:site_name\" content=\"Bollor\u00e9\" \/>\n<meta property=\"article:modified_time\" content=\"2026-03-16T14:32:26+00:00\" \/>\n<meta property=\"og:image\" content=\"https:\/\/www.bollore.fr\/wp-content\/uploads\/2021\/12\/04\/miniature-rlane.png\" \/>\n\t<meta property=\"og:image:width\" content=\"1024\" \/>\n\t<meta property=\"og:image:height\" content=\"780\" \/>\n\t<meta property=\"og:image:type\" content=\"image\/png\" \/>\n<meta name=\"twitter:card\" content=\"summary_large_image\" \/>\n<meta name=\"twitter:label1\" content=\"Est. reading time\" \/>\n\t<meta name=\"twitter:data1\" content=\"1 minute\" \/>\n<script type=\"application\/ld+json\" class=\"yoast-schema-graph\">{\"@context\":\"https:\/\/schema.org\",\"@graph\":[{\"@type\":\"WebPage\",\"@id\":\"https:\/\/www.bollore.fr\/en\/produits\/r-lane\/\",\"url\":\"https:\/\/www.bollore.fr\/en\/produits\/r-lane\/\",\"name\":\"R'Lane - Bollor\u00e9\",\"isPartOf\":{\"@id\":\"https:\/\/www.bollore.fr\/en\/#website\"},\"primaryImageOfPage\":{\"@id\":\"https:\/\/www.bollore.fr\/en\/produits\/r-lane\/#primaryimage\"},\"image\":{\"@id\":\"https:\/\/www.bollore.fr\/en\/produits\/r-lane\/#primaryimage\"},\"thumbnailUrl\":\"https:\/\/www.bollore.fr\/wp-content\/uploads\/2021\/12\/04\/miniature-rlane.png\",\"datePublished\":\"2021-12-09T08:40:23+00:00\",\"dateModified\":\"2026-03-16T14:32:26+00:00\",\"description\":\"Le portillon automatique design R\u2019Lane permet de r\u00e9aliser une unicit\u00e9 de passage gr\u00e2ce \u00e0 son syst\u00e8me de d\u00e9tection tr\u00e8s innovant.\",\"breadcrumb\":{\"@id\":\"https:\/\/www.bollore.fr\/en\/produits\/r-lane\/#breadcrumb\"},\"inLanguage\":\"en-US\",\"potentialAction\":[{\"@type\":\"ReadAction\",\"target\":[\"https:\/\/www.bollore.fr\/en\/produits\/r-lane\/\"]}]},{\"@type\":\"ImageObject\",\"inLanguage\":\"en-US\",\"@id\":\"https:\/\/www.bollore.fr\/en\/produits\/r-lane\/#primaryimage\",\"url\":\"https:\/\/www.bollore.fr\/wp-content\/uploads\/2021\/12\/04\/miniature-rlane.png\",\"contentUrl\":\"https:\/\/www.bollore.fr\/wp-content\/uploads\/2021\/12\/04\/miniature-rlane.png\",\"width\":1024,\"height\":780,\"caption\":\"R'Lane automatic gate\"},{\"@type\":\"BreadcrumbList\",\"@id\":\"https:\/\/www.bollore.fr\/en\/produits\/r-lane\/#breadcrumb\",\"itemListElement\":[{\"@type\":\"ListItem\",\"position\":1,\"name\":\"Accueil\",\"item\":\"https:\/\/www.bollore.fr\/en\/\"},{\"@type\":\"ListItem\",\"position\":2,\"name\":\"We offer security solutions.\",\"item\":\"https:\/\/www.bollore.fr\/en\/we-offer-security-solutions\/\"},{\"@type\":\"ListItem\",\"position\":3,\"name\":\"R&rsquo;Lane\"}]},{\"@type\":\"WebSite\",\"@id\":\"https:\/\/www.bollore.fr\/en\/#website\",\"url\":\"https:\/\/www.bollore.fr\/en\/\",\"name\":\"Bollor\u00e9\",\"description\":\"Avancez en toute s\u00e9curit\u00e9\",\"publisher\":{\"@id\":\"https:\/\/www.bollore.fr\/en\/#organization\"},\"potentialAction\":[{\"@type\":\"SearchAction\",\"target\":{\"@type\":\"EntryPoint\",\"urlTemplate\":\"https:\/\/www.bollore.fr\/en\/?s={search_term_string}\"},\"query-input\":{\"@type\":\"PropertyValueSpecification\",\"valueRequired\":true,\"valueName\":\"search_term_string\"}}],\"inLanguage\":\"en-US\"},{\"@type\":\"Organization\",\"@id\":\"https:\/\/www.bollore.fr\/en\/#organization\",\"name\":\"Bollor\u00e9\",\"url\":\"https:\/\/www.bollore.fr\/en\/\",\"logo\":{\"@type\":\"ImageObject\",\"inLanguage\":\"en-US\",\"@id\":\"https:\/\/www.bollore.fr\/en\/#\/schema\/logo\/image\/\",\"url\":\"https:\/\/www.bollore.fr\/wp-content\/uploads\/2021\/12\/10\/logo-bollore.svg\",\"contentUrl\":\"https:\/\/www.bollore.fr\/wp-content\/uploads\/2021\/12\/10\/logo-bollore.svg\",\"width\":164,\"height\":31,\"caption\":\"Bollor\u00e9\"},\"image\":{\"@id\":\"https:\/\/www.bollore.fr\/en\/#\/schema\/logo\/image\/\"}}]}<\/script>\n<!-- \/ Yoast SEO plugin. -->","yoast_head_json":{"title":"R'Lane - Bollor\u00e9","description":"Le portillon automatique design R\u2019Lane permet de r\u00e9aliser une unicit\u00e9 de passage gr\u00e2ce \u00e0 son syst\u00e8me de d\u00e9tection tr\u00e8s innovant.","robots":{"index":"index","follow":"follow","max-snippet":"max-snippet:-1","max-image-preview":"max-image-preview:large","max-video-preview":"max-video-preview:-1"},"canonical":"https:\/\/www.bollore.fr\/en\/produits\/r-lane\/","og_locale":"en_US","og_type":"article","og_title":"R'Lane - Bollor\u00e9","og_description":"Le portillon automatique design R\u2019Lane permet de r\u00e9aliser une unicit\u00e9 de passage gr\u00e2ce \u00e0 son syst\u00e8me de d\u00e9tection tr\u00e8s innovant.","og_url":"https:\/\/www.bollore.fr\/en\/produits\/r-lane\/","og_site_name":"Bollor\u00e9","article_modified_time":"2026-03-16T14:32:26+00:00","og_image":[{"width":1024,"height":780,"url":"https:\/\/www.bollore.fr\/wp-content\/uploads\/2021\/12\/04\/miniature-rlane.png","type":"image\/png"}],"twitter_card":"summary_large_image","twitter_misc":{"Est. reading time":"1 minute"},"schema":{"@context":"https:\/\/schema.org","@graph":[{"@type":"WebPage","@id":"https:\/\/www.bollore.fr\/en\/produits\/r-lane\/","url":"https:\/\/www.bollore.fr\/en\/produits\/r-lane\/","name":"R'Lane - Bollor\u00e9","isPartOf":{"@id":"https:\/\/www.bollore.fr\/en\/#website"},"primaryImageOfPage":{"@id":"https:\/\/www.bollore.fr\/en\/produits\/r-lane\/#primaryimage"},"image":{"@id":"https:\/\/www.bollore.fr\/en\/produits\/r-lane\/#primaryimage"},"thumbnailUrl":"https:\/\/www.bollore.fr\/wp-content\/uploads\/2021\/12\/04\/miniature-rlane.png","datePublished":"2021-12-09T08:40:23+00:00","dateModified":"2026-03-16T14:32:26+00:00","description":"Le portillon automatique design R\u2019Lane permet de r\u00e9aliser une unicit\u00e9 de passage gr\u00e2ce \u00e0 son syst\u00e8me de d\u00e9tection tr\u00e8s innovant.","breadcrumb":{"@id":"https:\/\/www.bollore.fr\/en\/produits\/r-lane\/#breadcrumb"},"inLanguage":"en-US","potentialAction":[{"@type":"ReadAction","target":["https:\/\/www.bollore.fr\/en\/produits\/r-lane\/"]}]},{"@type":"ImageObject","inLanguage":"en-US","@id":"https:\/\/www.bollore.fr\/en\/produits\/r-lane\/#primaryimage","url":"https:\/\/www.bollore.fr\/wp-content\/uploads\/2021\/12\/04\/miniature-rlane.png","contentUrl":"https:\/\/www.bollore.fr\/wp-content\/uploads\/2021\/12\/04\/miniature-rlane.png","width":1024,"height":780,"caption":"R'Lane automatic gate"},{"@type":"BreadcrumbList","@id":"https:\/\/www.bollore.fr\/en\/produits\/r-lane\/#breadcrumb","itemListElement":[{"@type":"ListItem","position":1,"name":"Accueil","item":"https:\/\/www.bollore.fr\/en\/"},{"@type":"ListItem","position":2,"name":"We offer security solutions.","item":"https:\/\/www.bollore.fr\/en\/we-offer-security-solutions\/"},{"@type":"ListItem","position":3,"name":"R&rsquo;Lane"}]},{"@type":"WebSite","@id":"https:\/\/www.bollore.fr\/en\/#website","url":"https:\/\/www.bollore.fr\/en\/","name":"Bollor\u00e9","description":"Avancez en toute s\u00e9curit\u00e9","publisher":{"@id":"https:\/\/www.bollore.fr\/en\/#organization"},"potentialAction":[{"@type":"SearchAction","target":{"@type":"EntryPoint","urlTemplate":"https:\/\/www.bollore.fr\/en\/?s={search_term_string}"},"query-input":{"@type":"PropertyValueSpecification","valueRequired":true,"valueName":"search_term_string"}}],"inLanguage":"en-US"},{"@type":"Organization","@id":"https:\/\/www.bollore.fr\/en\/#organization","name":"Bollor\u00e9","url":"https:\/\/www.bollore.fr\/en\/","logo":{"@type":"ImageObject","inLanguage":"en-US","@id":"https:\/\/www.bollore.fr\/en\/#\/schema\/logo\/image\/","url":"https:\/\/www.bollore.fr\/wp-content\/uploads\/2021\/12\/10\/logo-bollore.svg","contentUrl":"https:\/\/www.bollore.fr\/wp-content\/uploads\/2021\/12\/10\/logo-bollore.svg","width":164,"height":31,"caption":"Bollor\u00e9"},"image":{"@id":"https:\/\/www.bollore.fr\/en\/#\/schema\/logo\/image\/"}}]}},"_links":{"self":[{"href":"https:\/\/www.bollore.fr\/en\/wp-json\/wp\/v2\/product\/4616","targetHints":{"allow":["GET"]}}],"collection":[{"href":"https:\/\/www.bollore.fr\/en\/wp-json\/wp\/v2\/product"}],"about":[{"href":"https:\/\/www.bollore.fr\/en\/wp-json\/wp\/v2\/types\/product"}],"replies":[{"embeddable":true,"href":"https:\/\/www.bollore.fr\/en\/wp-json\/wp\/v2\/comments?post=4616"}],"wp:featuredmedia":[{"embeddable":true,"href":"https:\/\/www.bollore.fr\/en\/wp-json\/wp\/v2\/media\/3031"}],"wp:attachment":[{"href":"https:\/\/www.bollore.fr\/en\/wp-json\/wp\/v2\/media?parent=4616"}],"wp:term":[{"taxonomy":"product_brand","embeddable":true,"href":"https:\/\/www.bollore.fr\/en\/wp-json\/wp\/v2\/product_brand?post=4616"},{"taxonomy":"product_cat","embeddable":true,"href":"https:\/\/www.bollore.fr\/en\/wp-json\/wp\/v2\/product_cat?post=4616"},{"taxonomy":"product_tag","embeddable":true,"href":"https:\/\/www.bollore.fr\/en\/wp-json\/wp\/v2\/product_tag?post=4616"}],"curies":[{"name":"wp","href":"https:\/\/api.w.org\/{rel}","templated":true}]}}