{"id":4573,"date":"2022-03-10T15:21:01","date_gmt":"2022-03-10T14:21:01","guid":{"rendered":"https:\/\/www.bollore.fr\/produits\/carapace-healing\/"},"modified":"2026-03-16T12:27:42","modified_gmt":"2026-03-16T11:27:42","slug":"carapace-healing","status":"publish","type":"product","link":"https:\/\/www.bollore.fr\/en\/produits\/carapace-healing\/","title":{"rendered":"CARAPACE healing"},"content":{"rendered":"<p><span style=\"font-weight: 400;\">The CARAPACE guardrail protects personnel in charge of checks at your site&#8217;s access points. It provides a dissuasive and defensive security function by isolating personnel in the event of an attack. <\/span><\/p>\n<p><span style=\"font-weight: 400;\">From the standard model (with no particular ballistic classification) to bullet-proof (FB4, FB6 or FB7 depending on the model) or burglar-proof (CR4 or CR5 level), the CARAPACE range adapts to your security needs by quickly isolating personnel in the event of an attack. <\/span><\/p>\n<p><span style=\"font-weight: 400;\">The guard house can be easily adapted to meet all the specific safety and security requirements of industrial, service, banking, nuclear and prison buildings, as well as those of retail and distribution companies. <\/span><\/p>\n","protected":false},"excerpt":{"rendered":"<p><span style=\"font-weight: 400;\">The Carapace healing protects staff responsible for controlling access points to your site. It provides a dissuasive and defensive security function by isolating personnel in the event of an attack. <\/span><\/p>\n","protected":false},"featured_media":3529,"comment_status":"closed","ping_status":"closed","template":"","meta":{"_acf_changed":false},"product_brand":[],"product_cat":[181,180],"product_tag":[],"class_list":{"0":"post-4573","1":"product","2":"type-product","3":"status-publish","4":"has-post-thumbnail","6":"product_cat-modular-constructions","7":"product_cat-security-arrangement","9":"first","10":"instock","11":"shipping-taxable","12":"product-type-simple"},"acf":[],"yoast_head":"<!-- This site is optimized with the Yoast SEO plugin v25.8 - https:\/\/yoast.com\/wordpress\/plugins\/seo\/ -->\n<title>CARAPACE healing - Bollor\u00e9<\/title>\n<meta name=\"description\" content=\"The CARAPACE kiosk protects staff carrying out checks at access points to your site.\" \/>\n<meta name=\"robots\" content=\"index, follow, max-snippet:-1, max-image-preview:large, max-video-preview:-1\" \/>\n<link rel=\"canonical\" href=\"https:\/\/www.bollore.fr\/en\/produits\/carapace-healing\/\" \/>\n<meta property=\"og:locale\" content=\"en_US\" \/>\n<meta property=\"og:type\" content=\"article\" \/>\n<meta property=\"og:title\" content=\"CARAPACE healing - Bollor\u00e9\" \/>\n<meta property=\"og:description\" content=\"The CARAPACE kiosk protects staff carrying out checks at access points to your site.\" \/>\n<meta property=\"og:url\" content=\"https:\/\/www.bollore.fr\/en\/produits\/carapace-healing\/\" \/>\n<meta property=\"og:site_name\" content=\"Bollor\u00e9\" \/>\n<meta property=\"article:modified_time\" content=\"2026-03-16T11:27:42+00:00\" \/>\n<meta property=\"og:image\" content=\"https:\/\/www.bollore.fr\/wp-content\/uploads\/2022\/03\/10\/miniature-guerite.png\" \/>\n\t<meta property=\"og:image:width\" content=\"4046\" \/>\n\t<meta property=\"og:image:height\" content=\"3091\" \/>\n\t<meta property=\"og:image:type\" content=\"image\/png\" \/>\n<meta name=\"twitter:card\" content=\"summary_large_image\" \/>\n<meta name=\"twitter:label1\" content=\"Est. reading time\" \/>\n\t<meta name=\"twitter:data1\" content=\"1 minute\" \/>\n<script type=\"application\/ld+json\" class=\"yoast-schema-graph\">{\"@context\":\"https:\/\/schema.org\",\"@graph\":[{\"@type\":\"WebPage\",\"@id\":\"https:\/\/www.bollore.fr\/en\/produits\/carapace-healing\/\",\"url\":\"https:\/\/www.bollore.fr\/en\/produits\/carapace-healing\/\",\"name\":\"CARAPACE healing - Bollor\u00e9\",\"isPartOf\":{\"@id\":\"https:\/\/www.bollore.fr\/en\/#website\"},\"primaryImageOfPage\":{\"@id\":\"https:\/\/www.bollore.fr\/en\/produits\/carapace-healing\/#primaryimage\"},\"image\":{\"@id\":\"https:\/\/www.bollore.fr\/en\/produits\/carapace-healing\/#primaryimage\"},\"thumbnailUrl\":\"https:\/\/www.bollore.fr\/wp-content\/uploads\/2022\/03\/10\/miniature-guerite.png\",\"datePublished\":\"2022-03-10T14:21:01+00:00\",\"dateModified\":\"2026-03-16T11:27:42+00:00\",\"description\":\"The CARAPACE kiosk protects staff carrying out checks at access points to your site.\",\"breadcrumb\":{\"@id\":\"https:\/\/www.bollore.fr\/en\/produits\/carapace-healing\/#breadcrumb\"},\"inLanguage\":\"en-US\",\"potentialAction\":[{\"@type\":\"ReadAction\",\"target\":[\"https:\/\/www.bollore.fr\/en\/produits\/carapace-healing\/\"]}]},{\"@type\":\"ImageObject\",\"inLanguage\":\"en-US\",\"@id\":\"https:\/\/www.bollore.fr\/en\/produits\/carapace-healing\/#primaryimage\",\"url\":\"https:\/\/www.bollore.fr\/wp-content\/uploads\/2022\/03\/10\/miniature-guerite.png\",\"contentUrl\":\"https:\/\/www.bollore.fr\/wp-content\/uploads\/2022\/03\/10\/miniature-guerite.png\",\"width\":4046,\"height\":3091},{\"@type\":\"BreadcrumbList\",\"@id\":\"https:\/\/www.bollore.fr\/en\/produits\/carapace-healing\/#breadcrumb\",\"itemListElement\":[{\"@type\":\"ListItem\",\"position\":1,\"name\":\"Accueil\",\"item\":\"https:\/\/www.bollore.fr\/en\/\"},{\"@type\":\"ListItem\",\"position\":2,\"name\":\"We offer security solutions.\",\"item\":\"https:\/\/www.bollore.fr\/en\/we-offer-security-solutions\/\"},{\"@type\":\"ListItem\",\"position\":3,\"name\":\"CARAPACE healing\"}]},{\"@type\":\"WebSite\",\"@id\":\"https:\/\/www.bollore.fr\/en\/#website\",\"url\":\"https:\/\/www.bollore.fr\/en\/\",\"name\":\"Bollor\u00e9\",\"description\":\"Avancez en toute s\u00e9curit\u00e9\",\"publisher\":{\"@id\":\"https:\/\/www.bollore.fr\/en\/#organization\"},\"potentialAction\":[{\"@type\":\"SearchAction\",\"target\":{\"@type\":\"EntryPoint\",\"urlTemplate\":\"https:\/\/www.bollore.fr\/en\/?s={search_term_string}\"},\"query-input\":{\"@type\":\"PropertyValueSpecification\",\"valueRequired\":true,\"valueName\":\"search_term_string\"}}],\"inLanguage\":\"en-US\"},{\"@type\":\"Organization\",\"@id\":\"https:\/\/www.bollore.fr\/en\/#organization\",\"name\":\"Bollor\u00e9\",\"url\":\"https:\/\/www.bollore.fr\/en\/\",\"logo\":{\"@type\":\"ImageObject\",\"inLanguage\":\"en-US\",\"@id\":\"https:\/\/www.bollore.fr\/en\/#\/schema\/logo\/image\/\",\"url\":\"https:\/\/www.bollore.fr\/wp-content\/uploads\/2021\/12\/10\/logo-bollore.svg\",\"contentUrl\":\"https:\/\/www.bollore.fr\/wp-content\/uploads\/2021\/12\/10\/logo-bollore.svg\",\"width\":164,\"height\":31,\"caption\":\"Bollor\u00e9\"},\"image\":{\"@id\":\"https:\/\/www.bollore.fr\/en\/#\/schema\/logo\/image\/\"}}]}<\/script>\n<!-- \/ Yoast SEO plugin. -->","yoast_head_json":{"title":"CARAPACE healing - Bollor\u00e9","description":"The CARAPACE kiosk protects staff carrying out checks at access points to your site.","robots":{"index":"index","follow":"follow","max-snippet":"max-snippet:-1","max-image-preview":"max-image-preview:large","max-video-preview":"max-video-preview:-1"},"canonical":"https:\/\/www.bollore.fr\/en\/produits\/carapace-healing\/","og_locale":"en_US","og_type":"article","og_title":"CARAPACE healing - Bollor\u00e9","og_description":"The CARAPACE kiosk protects staff carrying out checks at access points to your site.","og_url":"https:\/\/www.bollore.fr\/en\/produits\/carapace-healing\/","og_site_name":"Bollor\u00e9","article_modified_time":"2026-03-16T11:27:42+00:00","og_image":[{"width":4046,"height":3091,"url":"https:\/\/www.bollore.fr\/wp-content\/uploads\/2022\/03\/10\/miniature-guerite.png","type":"image\/png"}],"twitter_card":"summary_large_image","twitter_misc":{"Est. reading time":"1 minute"},"schema":{"@context":"https:\/\/schema.org","@graph":[{"@type":"WebPage","@id":"https:\/\/www.bollore.fr\/en\/produits\/carapace-healing\/","url":"https:\/\/www.bollore.fr\/en\/produits\/carapace-healing\/","name":"CARAPACE healing - Bollor\u00e9","isPartOf":{"@id":"https:\/\/www.bollore.fr\/en\/#website"},"primaryImageOfPage":{"@id":"https:\/\/www.bollore.fr\/en\/produits\/carapace-healing\/#primaryimage"},"image":{"@id":"https:\/\/www.bollore.fr\/en\/produits\/carapace-healing\/#primaryimage"},"thumbnailUrl":"https:\/\/www.bollore.fr\/wp-content\/uploads\/2022\/03\/10\/miniature-guerite.png","datePublished":"2022-03-10T14:21:01+00:00","dateModified":"2026-03-16T11:27:42+00:00","description":"The CARAPACE kiosk protects staff carrying out checks at access points to your site.","breadcrumb":{"@id":"https:\/\/www.bollore.fr\/en\/produits\/carapace-healing\/#breadcrumb"},"inLanguage":"en-US","potentialAction":[{"@type":"ReadAction","target":["https:\/\/www.bollore.fr\/en\/produits\/carapace-healing\/"]}]},{"@type":"ImageObject","inLanguage":"en-US","@id":"https:\/\/www.bollore.fr\/en\/produits\/carapace-healing\/#primaryimage","url":"https:\/\/www.bollore.fr\/wp-content\/uploads\/2022\/03\/10\/miniature-guerite.png","contentUrl":"https:\/\/www.bollore.fr\/wp-content\/uploads\/2022\/03\/10\/miniature-guerite.png","width":4046,"height":3091},{"@type":"BreadcrumbList","@id":"https:\/\/www.bollore.fr\/en\/produits\/carapace-healing\/#breadcrumb","itemListElement":[{"@type":"ListItem","position":1,"name":"Accueil","item":"https:\/\/www.bollore.fr\/en\/"},{"@type":"ListItem","position":2,"name":"We offer security solutions.","item":"https:\/\/www.bollore.fr\/en\/we-offer-security-solutions\/"},{"@type":"ListItem","position":3,"name":"CARAPACE healing"}]},{"@type":"WebSite","@id":"https:\/\/www.bollore.fr\/en\/#website","url":"https:\/\/www.bollore.fr\/en\/","name":"Bollor\u00e9","description":"Avancez en toute s\u00e9curit\u00e9","publisher":{"@id":"https:\/\/www.bollore.fr\/en\/#organization"},"potentialAction":[{"@type":"SearchAction","target":{"@type":"EntryPoint","urlTemplate":"https:\/\/www.bollore.fr\/en\/?s={search_term_string}"},"query-input":{"@type":"PropertyValueSpecification","valueRequired":true,"valueName":"search_term_string"}}],"inLanguage":"en-US"},{"@type":"Organization","@id":"https:\/\/www.bollore.fr\/en\/#organization","name":"Bollor\u00e9","url":"https:\/\/www.bollore.fr\/en\/","logo":{"@type":"ImageObject","inLanguage":"en-US","@id":"https:\/\/www.bollore.fr\/en\/#\/schema\/logo\/image\/","url":"https:\/\/www.bollore.fr\/wp-content\/uploads\/2021\/12\/10\/logo-bollore.svg","contentUrl":"https:\/\/www.bollore.fr\/wp-content\/uploads\/2021\/12\/10\/logo-bollore.svg","width":164,"height":31,"caption":"Bollor\u00e9"},"image":{"@id":"https:\/\/www.bollore.fr\/en\/#\/schema\/logo\/image\/"}}]}},"_links":{"self":[{"href":"https:\/\/www.bollore.fr\/en\/wp-json\/wp\/v2\/product\/4573","targetHints":{"allow":["GET"]}}],"collection":[{"href":"https:\/\/www.bollore.fr\/en\/wp-json\/wp\/v2\/product"}],"about":[{"href":"https:\/\/www.bollore.fr\/en\/wp-json\/wp\/v2\/types\/product"}],"replies":[{"embeddable":true,"href":"https:\/\/www.bollore.fr\/en\/wp-json\/wp\/v2\/comments?post=4573"}],"wp:featuredmedia":[{"embeddable":true,"href":"https:\/\/www.bollore.fr\/en\/wp-json\/wp\/v2\/media\/3529"}],"wp:attachment":[{"href":"https:\/\/www.bollore.fr\/en\/wp-json\/wp\/v2\/media?parent=4573"}],"wp:term":[{"taxonomy":"product_brand","embeddable":true,"href":"https:\/\/www.bollore.fr\/en\/wp-json\/wp\/v2\/product_brand?post=4573"},{"taxonomy":"product_cat","embeddable":true,"href":"https:\/\/www.bollore.fr\/en\/wp-json\/wp\/v2\/product_cat?post=4573"},{"taxonomy":"product_tag","embeddable":true,"href":"https:\/\/www.bollore.fr\/en\/wp-json\/wp\/v2\/product_tag?post=4573"}],"curies":[{"name":"wp","href":"https:\/\/api.w.org\/{rel}","templated":true}]}}