{"id":4676,"date":"2021-12-10T16:43:41","date_gmt":"2021-12-10T15:43:41","guid":{"rendered":"https:\/\/www.bollore.fr\/our-projects\/"},"modified":"2025-09-11T15:28:22","modified_gmt":"2025-09-11T13:28:22","slug":"our-projects","status":"publish","type":"page","link":"https:\/\/www.bollore.fr\/en\/our-projects\/","title":{"rendered":"Our projects"},"content":{"rendered":"\n<p>With <strong>50 years of experience<\/strong> behind us, our expertise is recognised as much for the <strong>innovation of our products<\/strong> as for the quality of <strong>our project support<\/strong>.<\/p>\n\n<p>We provide security for all types of environment, whether industrial or commercial, sensitive or open to the general public. This diversity of sectors has enabled us <strong>to adapt and optimise our solutions<\/strong> so that they are always<strong> proportionate and perfectly aligned with your real security needs<\/strong>. This &#8220;sector-based&#8221; approach is a <strong>hallmark of Bollor\u00e9&#8217;s expertise<\/strong>.  <\/p>\n\n<p>Durable, stylish and innovative, our security solutions will <strong>meet all your safety needs.<\/strong><\/p>\n\n<p>Bollor\u00e9 can help you with your <strong><a href=\"https:\/\/www.bollore.fr\/en\/produits\/categorie\/access-control\/\">access control<\/a><\/strong>, <a href=\"https:\/\/www.bollore.fr\/en\/produits\/categorie\/perimeter-protection\/\"><strong>perimeter protection<\/strong><\/a> and <a href=\"https:\/\/www.bollore.fr\/en\/produits\/categorie\/security-arrangement\/\"><strong>security fittings projects.<\/strong><\/a><\/p>\n\n<p>Find out more about our various projects:<\/p>\n\n<p><\/p>\n","protected":false},"excerpt":{"rendered":"<p>With 50 years of experience behind us, our expertise is recognised as much for the innovation of our products as for the quality of our project support. We provide security for all types of environment, whether industrial or commercial, sensitive or open to the general public. This diversity of sectors has enabled us to adapt [&hellip;]<\/p>\n","protected":false},"author":1,"featured_media":0,"parent":0,"menu_order":2,"comment_status":"closed","ping_status":"closed","template":"","meta":{"_acf_changed":false,"footnotes":""},"class_list":["post-4676","page","type-page","status-publish","hentry"],"acf":[],"yoast_head":"<!-- This site is optimized with the Yoast SEO plugin v25.8 - https:\/\/yoast.com\/wordpress\/plugins\/seo\/ -->\n<title>Our projects - Bollor\u00e9<\/title>\n<meta name=\"description\" content=\"Discover Bollor\u00e9&#039;s expertise through our achievements, the quality of our project support and the innovation of our products.\" \/>\n<meta name=\"robots\" content=\"index, follow, max-snippet:-1, max-image-preview:large, max-video-preview:-1\" \/>\n<link rel=\"canonical\" href=\"https:\/\/www.bollore.fr\/en\/our-projects\/\" \/>\n<meta property=\"og:locale\" content=\"en_US\" \/>\n<meta property=\"og:type\" content=\"article\" \/>\n<meta property=\"og:title\" content=\"Our projects - Bollor\u00e9\" \/>\n<meta property=\"og:description\" content=\"Discover Bollor\u00e9&#039;s expertise through our achievements, the quality of our project support and the innovation of our products.\" \/>\n<meta property=\"og:url\" content=\"https:\/\/www.bollore.fr\/en\/our-projects\/\" \/>\n<meta property=\"og:site_name\" content=\"Bollor\u00e9\" \/>\n<meta property=\"article:modified_time\" content=\"2025-09-11T13:28:22+00:00\" \/>\n<meta property=\"og:image\" content=\"https:\/\/www.bollore.fr\/wp-content\/uploads\/2022\/02\/07\/galerie-photos-tf600-6.jpg\" \/>\n\t<meta property=\"og:image:width\" content=\"1772\" \/>\n\t<meta property=\"og:image:height\" content=\"1183\" \/>\n\t<meta property=\"og:image:type\" content=\"image\/jpeg\" \/>\n<meta name=\"twitter:card\" content=\"summary_large_image\" \/>\n<meta name=\"twitter:label1\" content=\"Est. reading time\" \/>\n\t<meta name=\"twitter:data1\" content=\"1 minute\" \/>\n<script type=\"application\/ld+json\" class=\"yoast-schema-graph\">{\"@context\":\"https:\/\/schema.org\",\"@graph\":[{\"@type\":\"WebPage\",\"@id\":\"https:\/\/www.bollore.fr\/en\/our-projects\/\",\"url\":\"https:\/\/www.bollore.fr\/en\/our-projects\/\",\"name\":\"Our projects - Bollor\u00e9\",\"isPartOf\":{\"@id\":\"https:\/\/www.bollore.fr\/en\/#website\"},\"datePublished\":\"2021-12-10T15:43:41+00:00\",\"dateModified\":\"2025-09-11T13:28:22+00:00\",\"description\":\"Discover Bollor\u00e9's expertise through our achievements, the quality of our project support and the innovation of our products.\",\"breadcrumb\":{\"@id\":\"https:\/\/www.bollore.fr\/en\/our-projects\/#breadcrumb\"},\"inLanguage\":\"en-US\",\"potentialAction\":[{\"@type\":\"ReadAction\",\"target\":[\"https:\/\/www.bollore.fr\/en\/our-projects\/\"]}]},{\"@type\":\"BreadcrumbList\",\"@id\":\"https:\/\/www.bollore.fr\/en\/our-projects\/#breadcrumb\",\"itemListElement\":[{\"@type\":\"ListItem\",\"position\":1,\"name\":\"Accueil\",\"item\":\"https:\/\/www.bollore.fr\/en\/\"},{\"@type\":\"ListItem\",\"position\":2,\"name\":\"Our projects\"}]},{\"@type\":\"WebSite\",\"@id\":\"https:\/\/www.bollore.fr\/en\/#website\",\"url\":\"https:\/\/www.bollore.fr\/en\/\",\"name\":\"Bollor\u00e9\",\"description\":\"Avancez en toute s\u00e9curit\u00e9\",\"publisher\":{\"@id\":\"https:\/\/www.bollore.fr\/en\/#organization\"},\"potentialAction\":[{\"@type\":\"SearchAction\",\"target\":{\"@type\":\"EntryPoint\",\"urlTemplate\":\"https:\/\/www.bollore.fr\/en\/?s={search_term_string}\"},\"query-input\":{\"@type\":\"PropertyValueSpecification\",\"valueRequired\":true,\"valueName\":\"search_term_string\"}}],\"inLanguage\":\"en-US\"},{\"@type\":\"Organization\",\"@id\":\"https:\/\/www.bollore.fr\/en\/#organization\",\"name\":\"Bollor\u00e9\",\"url\":\"https:\/\/www.bollore.fr\/en\/\",\"logo\":{\"@type\":\"ImageObject\",\"inLanguage\":\"en-US\",\"@id\":\"https:\/\/www.bollore.fr\/en\/#\/schema\/logo\/image\/\",\"url\":\"https:\/\/www.bollore.fr\/wp-content\/uploads\/2021\/12\/10\/logo-bollore.svg\",\"contentUrl\":\"https:\/\/www.bollore.fr\/wp-content\/uploads\/2021\/12\/10\/logo-bollore.svg\",\"width\":164,\"height\":31,\"caption\":\"Bollor\u00e9\"},\"image\":{\"@id\":\"https:\/\/www.bollore.fr\/en\/#\/schema\/logo\/image\/\"}}]}<\/script>\n<!-- \/ Yoast SEO plugin. -->","yoast_head_json":{"title":"Our projects - Bollor\u00e9","description":"Discover Bollor\u00e9's expertise through our achievements, the quality of our project support and the innovation of our products.","robots":{"index":"index","follow":"follow","max-snippet":"max-snippet:-1","max-image-preview":"max-image-preview:large","max-video-preview":"max-video-preview:-1"},"canonical":"https:\/\/www.bollore.fr\/en\/our-projects\/","og_locale":"en_US","og_type":"article","og_title":"Our projects - Bollor\u00e9","og_description":"Discover Bollor\u00e9's expertise through our achievements, the quality of our project support and the innovation of our products.","og_url":"https:\/\/www.bollore.fr\/en\/our-projects\/","og_site_name":"Bollor\u00e9","article_modified_time":"2025-09-11T13:28:22+00:00","og_image":[{"width":1772,"height":1183,"url":"https:\/\/www.bollore.fr\/wp-content\/uploads\/2022\/02\/07\/galerie-photos-tf600-6.jpg","type":"image\/jpeg"}],"twitter_card":"summary_large_image","twitter_misc":{"Est. reading time":"1 minute"},"schema":{"@context":"https:\/\/schema.org","@graph":[{"@type":"WebPage","@id":"https:\/\/www.bollore.fr\/en\/our-projects\/","url":"https:\/\/www.bollore.fr\/en\/our-projects\/","name":"Our projects - Bollor\u00e9","isPartOf":{"@id":"https:\/\/www.bollore.fr\/en\/#website"},"datePublished":"2021-12-10T15:43:41+00:00","dateModified":"2025-09-11T13:28:22+00:00","description":"Discover Bollor\u00e9's expertise through our achievements, the quality of our project support and the innovation of our products.","breadcrumb":{"@id":"https:\/\/www.bollore.fr\/en\/our-projects\/#breadcrumb"},"inLanguage":"en-US","potentialAction":[{"@type":"ReadAction","target":["https:\/\/www.bollore.fr\/en\/our-projects\/"]}]},{"@type":"BreadcrumbList","@id":"https:\/\/www.bollore.fr\/en\/our-projects\/#breadcrumb","itemListElement":[{"@type":"ListItem","position":1,"name":"Accueil","item":"https:\/\/www.bollore.fr\/en\/"},{"@type":"ListItem","position":2,"name":"Our projects"}]},{"@type":"WebSite","@id":"https:\/\/www.bollore.fr\/en\/#website","url":"https:\/\/www.bollore.fr\/en\/","name":"Bollor\u00e9","description":"Avancez en toute s\u00e9curit\u00e9","publisher":{"@id":"https:\/\/www.bollore.fr\/en\/#organization"},"potentialAction":[{"@type":"SearchAction","target":{"@type":"EntryPoint","urlTemplate":"https:\/\/www.bollore.fr\/en\/?s={search_term_string}"},"query-input":{"@type":"PropertyValueSpecification","valueRequired":true,"valueName":"search_term_string"}}],"inLanguage":"en-US"},{"@type":"Organization","@id":"https:\/\/www.bollore.fr\/en\/#organization","name":"Bollor\u00e9","url":"https:\/\/www.bollore.fr\/en\/","logo":{"@type":"ImageObject","inLanguage":"en-US","@id":"https:\/\/www.bollore.fr\/en\/#\/schema\/logo\/image\/","url":"https:\/\/www.bollore.fr\/wp-content\/uploads\/2021\/12\/10\/logo-bollore.svg","contentUrl":"https:\/\/www.bollore.fr\/wp-content\/uploads\/2021\/12\/10\/logo-bollore.svg","width":164,"height":31,"caption":"Bollor\u00e9"},"image":{"@id":"https:\/\/www.bollore.fr\/en\/#\/schema\/logo\/image\/"}}]}},"_links":{"self":[{"href":"https:\/\/www.bollore.fr\/en\/wp-json\/wp\/v2\/pages\/4676","targetHints":{"allow":["GET"]}}],"collection":[{"href":"https:\/\/www.bollore.fr\/en\/wp-json\/wp\/v2\/pages"}],"about":[{"href":"https:\/\/www.bollore.fr\/en\/wp-json\/wp\/v2\/types\/page"}],"author":[{"embeddable":true,"href":"https:\/\/www.bollore.fr\/en\/wp-json\/wp\/v2\/users\/1"}],"replies":[{"embeddable":true,"href":"https:\/\/www.bollore.fr\/en\/wp-json\/wp\/v2\/comments?post=4676"}],"version-history":[{"count":1,"href":"https:\/\/www.bollore.fr\/en\/wp-json\/wp\/v2\/pages\/4676\/revisions"}],"predecessor-version":[{"id":4677,"href":"https:\/\/www.bollore.fr\/en\/wp-json\/wp\/v2\/pages\/4676\/revisions\/4677"}],"wp:attachment":[{"href":"https:\/\/www.bollore.fr\/en\/wp-json\/wp\/v2\/media?parent=4676"}],"curies":[{"name":"wp","href":"https:\/\/api.w.org\/{rel}","templated":true}]}}