{"id":4511,"date":"2025-05-20T15:10:36","date_gmt":"2025-05-20T13:10:36","guid":{"rendered":"https:\/\/www.bollore.fr\/services-and-support\/"},"modified":"2026-02-19T10:07:41","modified_gmt":"2026-02-19T09:07:41","slug":"services-and-support","status":"publish","type":"page","link":"https:\/\/www.bollore.fr\/en\/services-and-support\/","title":{"rendered":"Our after-sales service"},"content":{"rendered":"\n<h2 class=\"wp-block-heading\">Bollor\u00e9 After-Sales Service: taking care of your products to make them last longer.<\/h2>\n\n<p>All Bollor\u00e9 Protection products are designed to last and guarantee a a9&gt; high level of security over the long term. To preserve the performance and reliability of your installations, Bollor\u00e9 offers a comprehensive maintenance package, covering both preventive and corrective maintenance, across the entire French territory. <\/p>\n\n<h3 class=\"wp-block-heading\">A turnkey maintenance service to ensure the long-term viability of your equipment<\/h3>\n\n<p>Bollor\u00e9&#8217;s after-sales service (A.S.S.) provides turnkey solutions for all your security equipment: access control, security fencing, bulletproof joinery, etc.<\/p>\n\n<p>Two objectives major guide each intervention:<\/p>\n\n<ul class=\"wp-block-list\">\n<li>Prevent, through preventive maintenance operations, in order to maximise performance and anticipate breakdowns.<\/li>\n\n\n\n<li>Repair, thanks to a rapid and efficient corrective maintenance as soon as a malfunction is detected.<\/li>\n<\/ul>\n\n<p>The after-sales service team remains available and responsive all year round to meet your needs and ensure the continuity of your safety.<\/p>\n\t<div class=\"key_fig-text\">\n\t\t\t\t<div class=\"key_fig-list grid\">\n\t\t\t<div class=\"row\">\n\t\t\t\t\t\t\t\t\t<div class=\"key_fig mo-8of8 t-4of8 l-3of12\">\n\t\t\t\t\t\t<div class=\"key_fig-inner\">\n\t\t\t\t\t\t\t\t\t\t\t\t\t\t\t<p class=\"key_fig-chiffre\">\n\t\t\t\t\t\t\t\t\t\t\t\t\t\t\t\t\t\t<span class=\"key_fig-value value-1\">1600<\/span>\n\t\t\t\t\t\t\t\t\t\t\t\t\t\t\t\t\t<\/p>\n\t\t\t\t\t\t\t\t\t\t\t\t\t\t<p class=\"key_fig-legende\">interventions in 2024<\/p>\t\t\t\t\t\t<\/div>\n\t\t\t\t\t<\/div>\n\t\t\t\t\t\t\t\t\t\t<div class=\"key_fig mo-8of8 t-4of8 l-3of12\">\n\t\t\t\t\t\t<div class=\"key_fig-inner\">\n\t\t\t\t\t\t\t\t\t\t\t\t\t\t\t<p class=\"key_fig-chiffre\">\n\t\t\t\t\t\t\t\t\t\t\t\t\t\t\t\t\t\t<span class=\"key_fig-value value-2\">90<\/span>\n\t\t\t\t\t\t\t\t\t\t\t\t\t\t\t\t\t\t\t<span class=\"key_fig-suffixe\">\n\t\t\t\t\t\t\t\t\t\t\t%\t\t\t\t\t\t\t\t\t\t<\/span>\n\t\t\t\t\t\t\t\t\t\t\t\t\t\t\t\t\t<\/p>\n\t\t\t\t\t\t\t\t\t\t\t\t\t\t<p class=\"key_fig-legende\">faults resolved as soon as the first intervention<\/p>\t\t\t\t\t\t<\/div>\n\t\t\t\t\t<\/div>\n\t\t\t\t\t\t\t\t\t\t<div class=\"key_fig mo-8of8 t-4of8 l-3of12\">\n\t\t\t\t\t\t<div class=\"key_fig-inner\">\n\t\t\t\t\t\t\t\t\t\t\t\t\t\t\t<p class=\"key_fig-chiffre\">\n\t\t\t\t\t\t\t\t\t\t\t\t\t\t\t\t\t\t<span class=\"key_fig-value value-3\">24<\/span>\n\t\t\t\t\t\t\t\t\t\t\t\t\t\t\t\t\t\t\t<span class=\"key_fig-suffixe\">\n\t\t\t\t\t\t\t\t\t\t\th\t\t\t\t\t\t\t\t\t\t<\/span>\n\t\t\t\t\t\t\t\t\t\t\t\t\t\t\t\t\t<\/p>\n\t\t\t\t\t\t\t\t\t\t\t\t\t\t<p class=\"key_fig-legende\">for parts supply<\/p>\t\t\t\t\t\t<\/div>\n\t\t\t\t\t<\/div>\n\t\t\t\t\t\t\t\t<\/div>\n\t\t<\/div>\n\t<\/div>\n\n<div class=\"wp-block-nobi-blocks-media-texte img-d cols-txt-img-middle grid gutters-w\"><div class=\"row\"><figure class=\"mo-8of8 l-5of12\"><img loading=\"lazy\" decoding=\"async\" src=\"https:\/\/www.bollore.fr\/wp-content\/uploads\/2025\/08\/29\/camionnette-sav-2025-sas-fond.png\" alt=\"Camionnette SAV Bollor\u00e9 Protection\" width=\"835\" height=\"557\" srcset=\"https:\/\/www.bollore.fr\/wp-content\/uploads\/2025\/08\/29\/camionnette-sav-2025-sas-fond-417x278.png 417w, https:\/\/www.bollore.fr\/wp-content\/uploads\/2025\/08\/29\/camionnette-sav-2025-sas-fond-835x557.png 835w\" sizes=\"auto, (max-width: 1023px) 80vw,(min-width: 1024px) 40vw, 835px\"\/><\/figure><div class=\"media-texte-txt mo-8of8 l-7of12\">\n<h3 class=\"wp-block-heading\">Why maintain your Bollor\u00e9 installations?<\/h3>\n\n\n\n<p>Taking care of your safety equipment is essential for:<\/p>\n\n\n\n<ul class=\"wp-block-list\">\n<li>Extend their lifespan and get the most out of your investment.<\/li>\n\n\n\n<li>Maintain a high level of efficiency and of safety, even in demanding environments.<\/li>\n\n\n\n<li>Reduce the risks of breakdowns and service interruptions, thanks to the expertise of a manufacturer recognised.<\/li>\n<\/ul>\n<\/div><\/div><\/div>\n\n<h3 class=\"wp-block-heading\">Bollor\u00e9 expertise, a guarantee of peace of mind<\/h3>\n\n<p>Choosing Bollor\u00e9 maintenance means benefiting from:<\/p>\n\n<ul class=\"wp-block-list\">\n<li>Tailor-made support, from auditing your infrastructure to commissioning and technical monitoring.<\/li>\n\n\n\n<li>Field experience and the skills of a team dedicated to ensuring the compliance and performance of your installations in the long term.<\/li>\n<\/ul>\n\n<blockquote class=\"wp-block-quote is-layout-flow wp-block-quote-is-layout-flow\">\n<p class=\"has-text-align-left\"><em>&#8220;Because your safety may sometimes depend on our responsiveness: the Bollor\u00e9 after-sales service team is at your disposal and ready to listen to you all year round! Choosing the expertise of the &#8220;manufacturer&#8221; is also offering an optimal lifespan for your equipment.&#8221;<\/em><\/p>\n<cite>Bastien Bignon, After-Sales Service Manager<\/cite><\/blockquote>\n\n<p>By choosing the Bollor\u00e9 Protection maintenance offer, you are choosing peace of mind, sustainable performance and a high level of security for all your facilities.<\/p>\n\n<p><\/p>\n","protected":false},"excerpt":{"rendered":"<p>Bollor\u00e9 After-Sales Service: taking care of your products to make them last longer. All Bollor\u00e9 Protection products are designed to last and guarantee a a9&gt; high level of security over the long term. To preserve the performance and reliability of your installations, Bollor\u00e9 offers a comprehensive maintenance package, covering both preventive and corrective maintenance, across [&hellip;]<\/p>\n","protected":false},"author":1,"featured_media":0,"parent":0,"menu_order":0,"comment_status":"closed","ping_status":"closed","template":"page-templates\/service-support.php","meta":{"_acf_changed":false,"footnotes":""},"class_list":["post-4511","page","type-page","status-publish","hentry"],"acf":[],"yoast_head":"<!-- This site is optimized with the Yoast SEO plugin v25.8 - https:\/\/yoast.com\/wordpress\/plugins\/seo\/ -->\n<title>Our after-sales service - Bollor\u00e9<\/title>\n<meta name=\"robots\" content=\"index, follow, max-snippet:-1, max-image-preview:large, max-video-preview:-1\" \/>\n<link rel=\"canonical\" href=\"https:\/\/www.bollore.fr\/en\/services-and-support\/\" \/>\n<meta property=\"og:locale\" content=\"en_US\" \/>\n<meta property=\"og:type\" content=\"article\" \/>\n<meta property=\"og:title\" content=\"Our after-sales service - Bollor\u00e9\" \/>\n<meta property=\"og:description\" content=\"Bollor\u00e9 After-Sales Service: taking care of your products to make them last longer. All Bollor\u00e9 Protection products are designed to last and guarantee a a9&gt; high level of security over the long term. To preserve the performance and reliability of your installations, Bollor\u00e9 offers a comprehensive maintenance package, covering both preventive and corrective maintenance, across [&hellip;]\" \/>\n<meta property=\"og:url\" content=\"https:\/\/www.bollore.fr\/en\/services-and-support\/\" \/>\n<meta property=\"og:site_name\" content=\"Bollor\u00e9\" \/>\n<meta property=\"article:modified_time\" content=\"2026-02-19T09:07:41+00:00\" \/>\n<meta property=\"og:image\" content=\"https:\/\/www.bollore.fr\/wp-content\/uploads\/2025\/08\/29\/camionnette-sav-2025-sas-fond.png\" \/>\n<meta name=\"twitter:card\" content=\"summary_large_image\" \/>\n<meta name=\"twitter:label1\" content=\"Est. reading time\" \/>\n\t<meta name=\"twitter:data1\" content=\"2 minutes\" \/>\n<script type=\"application\/ld+json\" class=\"yoast-schema-graph\">{\"@context\":\"https:\/\/schema.org\",\"@graph\":[{\"@type\":\"WebPage\",\"@id\":\"https:\/\/www.bollore.fr\/en\/services-and-support\/\",\"url\":\"https:\/\/www.bollore.fr\/en\/services-and-support\/\",\"name\":\"Our after-sales service - Bollor\u00e9\",\"isPartOf\":{\"@id\":\"https:\/\/www.bollore.fr\/en\/#website\"},\"primaryImageOfPage\":{\"@id\":\"https:\/\/www.bollore.fr\/en\/services-and-support\/#primaryimage\"},\"image\":{\"@id\":\"https:\/\/www.bollore.fr\/en\/services-and-support\/#primaryimage\"},\"thumbnailUrl\":\"https:\/\/www.bollore.fr\/wp-content\/uploads\/2025\/08\/29\/camionnette-sav-2025-sas-fond.png\",\"datePublished\":\"2025-05-20T13:10:36+00:00\",\"dateModified\":\"2026-02-19T09:07:41+00:00\",\"breadcrumb\":{\"@id\":\"https:\/\/www.bollore.fr\/en\/services-and-support\/#breadcrumb\"},\"inLanguage\":\"en-US\",\"potentialAction\":[{\"@type\":\"ReadAction\",\"target\":[\"https:\/\/www.bollore.fr\/en\/services-and-support\/\"]}]},{\"@type\":\"ImageObject\",\"inLanguage\":\"en-US\",\"@id\":\"https:\/\/www.bollore.fr\/en\/services-and-support\/#primaryimage\",\"url\":\"https:\/\/www.bollore.fr\/wp-content\/uploads\/2025\/08\/29\/camionnette-sav-2025-sas-fond.png\",\"contentUrl\":\"https:\/\/www.bollore.fr\/wp-content\/uploads\/2025\/08\/29\/camionnette-sav-2025-sas-fond.png\"},{\"@type\":\"BreadcrumbList\",\"@id\":\"https:\/\/www.bollore.fr\/en\/services-and-support\/#breadcrumb\",\"itemListElement\":[{\"@type\":\"ListItem\",\"position\":1,\"name\":\"Accueil\",\"item\":\"https:\/\/www.bollore.fr\/en\/\"},{\"@type\":\"ListItem\",\"position\":2,\"name\":\"Our after-sales service\"}]},{\"@type\":\"WebSite\",\"@id\":\"https:\/\/www.bollore.fr\/en\/#website\",\"url\":\"https:\/\/www.bollore.fr\/en\/\",\"name\":\"Bollor\u00e9\",\"description\":\"Avancez en toute s\u00e9curit\u00e9\",\"publisher\":{\"@id\":\"https:\/\/www.bollore.fr\/en\/#organization\"},\"potentialAction\":[{\"@type\":\"SearchAction\",\"target\":{\"@type\":\"EntryPoint\",\"urlTemplate\":\"https:\/\/www.bollore.fr\/en\/?s={search_term_string}\"},\"query-input\":{\"@type\":\"PropertyValueSpecification\",\"valueRequired\":true,\"valueName\":\"search_term_string\"}}],\"inLanguage\":\"en-US\"},{\"@type\":\"Organization\",\"@id\":\"https:\/\/www.bollore.fr\/en\/#organization\",\"name\":\"Bollor\u00e9\",\"url\":\"https:\/\/www.bollore.fr\/en\/\",\"logo\":{\"@type\":\"ImageObject\",\"inLanguage\":\"en-US\",\"@id\":\"https:\/\/www.bollore.fr\/en\/#\/schema\/logo\/image\/\",\"url\":\"https:\/\/www.bollore.fr\/wp-content\/uploads\/2021\/12\/10\/logo-bollore.svg\",\"contentUrl\":\"https:\/\/www.bollore.fr\/wp-content\/uploads\/2021\/12\/10\/logo-bollore.svg\",\"width\":164,\"height\":31,\"caption\":\"Bollor\u00e9\"},\"image\":{\"@id\":\"https:\/\/www.bollore.fr\/en\/#\/schema\/logo\/image\/\"}}]}<\/script>\n<!-- \/ Yoast SEO plugin. -->","yoast_head_json":{"title":"Our after-sales service - Bollor\u00e9","robots":{"index":"index","follow":"follow","max-snippet":"max-snippet:-1","max-image-preview":"max-image-preview:large","max-video-preview":"max-video-preview:-1"},"canonical":"https:\/\/www.bollore.fr\/en\/services-and-support\/","og_locale":"en_US","og_type":"article","og_title":"Our after-sales service - Bollor\u00e9","og_description":"Bollor\u00e9 After-Sales Service: taking care of your products to make them last longer. All Bollor\u00e9 Protection products are designed to last and guarantee a a9&gt; high level of security over the long term. To preserve the performance and reliability of your installations, Bollor\u00e9 offers a comprehensive maintenance package, covering both preventive and corrective maintenance, across [&hellip;]","og_url":"https:\/\/www.bollore.fr\/en\/services-and-support\/","og_site_name":"Bollor\u00e9","article_modified_time":"2026-02-19T09:07:41+00:00","og_image":[{"url":"https:\/\/www.bollore.fr\/wp-content\/uploads\/2025\/08\/29\/camionnette-sav-2025-sas-fond.png","type":"","width":"","height":""}],"twitter_card":"summary_large_image","twitter_misc":{"Est. reading time":"2 minutes"},"schema":{"@context":"https:\/\/schema.org","@graph":[{"@type":"WebPage","@id":"https:\/\/www.bollore.fr\/en\/services-and-support\/","url":"https:\/\/www.bollore.fr\/en\/services-and-support\/","name":"Our after-sales service - Bollor\u00e9","isPartOf":{"@id":"https:\/\/www.bollore.fr\/en\/#website"},"primaryImageOfPage":{"@id":"https:\/\/www.bollore.fr\/en\/services-and-support\/#primaryimage"},"image":{"@id":"https:\/\/www.bollore.fr\/en\/services-and-support\/#primaryimage"},"thumbnailUrl":"https:\/\/www.bollore.fr\/wp-content\/uploads\/2025\/08\/29\/camionnette-sav-2025-sas-fond.png","datePublished":"2025-05-20T13:10:36+00:00","dateModified":"2026-02-19T09:07:41+00:00","breadcrumb":{"@id":"https:\/\/www.bollore.fr\/en\/services-and-support\/#breadcrumb"},"inLanguage":"en-US","potentialAction":[{"@type":"ReadAction","target":["https:\/\/www.bollore.fr\/en\/services-and-support\/"]}]},{"@type":"ImageObject","inLanguage":"en-US","@id":"https:\/\/www.bollore.fr\/en\/services-and-support\/#primaryimage","url":"https:\/\/www.bollore.fr\/wp-content\/uploads\/2025\/08\/29\/camionnette-sav-2025-sas-fond.png","contentUrl":"https:\/\/www.bollore.fr\/wp-content\/uploads\/2025\/08\/29\/camionnette-sav-2025-sas-fond.png"},{"@type":"BreadcrumbList","@id":"https:\/\/www.bollore.fr\/en\/services-and-support\/#breadcrumb","itemListElement":[{"@type":"ListItem","position":1,"name":"Accueil","item":"https:\/\/www.bollore.fr\/en\/"},{"@type":"ListItem","position":2,"name":"Our after-sales service"}]},{"@type":"WebSite","@id":"https:\/\/www.bollore.fr\/en\/#website","url":"https:\/\/www.bollore.fr\/en\/","name":"Bollor\u00e9","description":"Avancez en toute s\u00e9curit\u00e9","publisher":{"@id":"https:\/\/www.bollore.fr\/en\/#organization"},"potentialAction":[{"@type":"SearchAction","target":{"@type":"EntryPoint","urlTemplate":"https:\/\/www.bollore.fr\/en\/?s={search_term_string}"},"query-input":{"@type":"PropertyValueSpecification","valueRequired":true,"valueName":"search_term_string"}}],"inLanguage":"en-US"},{"@type":"Organization","@id":"https:\/\/www.bollore.fr\/en\/#organization","name":"Bollor\u00e9","url":"https:\/\/www.bollore.fr\/en\/","logo":{"@type":"ImageObject","inLanguage":"en-US","@id":"https:\/\/www.bollore.fr\/en\/#\/schema\/logo\/image\/","url":"https:\/\/www.bollore.fr\/wp-content\/uploads\/2021\/12\/10\/logo-bollore.svg","contentUrl":"https:\/\/www.bollore.fr\/wp-content\/uploads\/2021\/12\/10\/logo-bollore.svg","width":164,"height":31,"caption":"Bollor\u00e9"},"image":{"@id":"https:\/\/www.bollore.fr\/en\/#\/schema\/logo\/image\/"}}]}},"_links":{"self":[{"href":"https:\/\/www.bollore.fr\/en\/wp-json\/wp\/v2\/pages\/4511","targetHints":{"allow":["GET"]}}],"collection":[{"href":"https:\/\/www.bollore.fr\/en\/wp-json\/wp\/v2\/pages"}],"about":[{"href":"https:\/\/www.bollore.fr\/en\/wp-json\/wp\/v2\/types\/page"}],"author":[{"embeddable":true,"href":"https:\/\/www.bollore.fr\/en\/wp-json\/wp\/v2\/users\/1"}],"replies":[{"embeddable":true,"href":"https:\/\/www.bollore.fr\/en\/wp-json\/wp\/v2\/comments?post=4511"}],"version-history":[{"count":5,"href":"https:\/\/www.bollore.fr\/en\/wp-json\/wp\/v2\/pages\/4511\/revisions"}],"predecessor-version":[{"id":5454,"href":"https:\/\/www.bollore.fr\/en\/wp-json\/wp\/v2\/pages\/4511\/revisions\/5454"}],"wp:attachment":[{"href":"https:\/\/www.bollore.fr\/en\/wp-json\/wp\/v2\/media?parent=4511"}],"curies":[{"name":"wp","href":"https:\/\/api.w.org\/{rel}","templated":true}]}}