{"id":4493,"date":"2021-12-10T16:44:19","date_gmt":"2021-12-10T15:44:19","guid":{"rendered":"https:\/\/www.bollore.fr\/the-dna-of-bollore-protection\/"},"modified":"2026-02-13T11:11:40","modified_gmt":"2026-02-13T10:11:40","slug":"the-dna-of-bollore-protection","status":"publish","type":"page","link":"https:\/\/www.bollore.fr\/en\/the-dna-of-bollore-protection\/","title":{"rendered":"The DNA of Bollor\u00e9 Protection"},"content":{"rendered":"\n<h3 class=\"wp-block-heading\">At Bollor\u00e9, we believe that safety should not be a constraint but can even contribute to enhancing and improving the ergonomics of your sites.<\/h3>\n","protected":false},"excerpt":{"rendered":"<p>At Bollor\u00e9, we believe that safety should not be a constraint but can even contribute to enhancing and improving the ergonomics of your sites.<\/p>\n","protected":false},"author":1,"featured_media":3667,"parent":0,"menu_order":3,"comment_status":"closed","ping_status":"closed","template":"page-templates\/page-apropos.php","meta":{"_acf_changed":false,"footnotes":""},"class_list":["post-4493","page","type-page","status-publish","has-post-thumbnail","hentry"],"acf":[],"yoast_head":"<!-- This site is optimized with the Yoast SEO plugin v25.8 - https:\/\/yoast.com\/wordpress\/plugins\/seo\/ -->\n<title>The DNA of Bollor\u00e9 Protection - Bollor\u00e9<\/title>\n<meta name=\"description\" content=\"With 50 years of experience, Bollor\u00e9 Protection is an industrial company that designs, manufactures and installs security equipment.\" \/>\n<meta name=\"robots\" content=\"index, follow, max-snippet:-1, max-image-preview:large, max-video-preview:-1\" \/>\n<link rel=\"canonical\" href=\"https:\/\/www.bollore.fr\/en\/the-dna-of-bollore-protection\/\" \/>\n<meta property=\"og:locale\" content=\"en_US\" \/>\n<meta property=\"og:type\" content=\"article\" \/>\n<meta property=\"og:title\" content=\"Bollor\u00e9 Protection: Moving forward in complete safety\" \/>\n<meta property=\"og:description\" content=\"Bollor\u00e9 is an industrial company that has been designing, manufacturing and installing security equipment for over 50 years.\" \/>\n<meta property=\"og:url\" content=\"https:\/\/www.bollore.fr\/en\/the-dna-of-bollore-protection\/\" \/>\n<meta property=\"og:site_name\" content=\"Bollor\u00e9\" \/>\n<meta property=\"article:modified_time\" content=\"2026-02-13T10:11:40+00:00\" \/>\n<meta property=\"og:image\" content=\"https:\/\/www.bollore.fr\/wp-content\/uploads\/2022\/04\/08\/header-a-propos.jpg\" \/>\n\t<meta property=\"og:image:width\" content=\"2532\" \/>\n\t<meta property=\"og:image:height\" content=\"1428\" \/>\n\t<meta property=\"og:image:type\" content=\"image\/jpeg\" \/>\n<meta name=\"twitter:card\" content=\"summary_large_image\" \/>\n<meta name=\"twitter:title\" content=\"Bollor\u00e9 Protection: Moving forward in complete safety\" \/>\n<meta name=\"twitter:description\" content=\"Bollor\u00e9 is an industrial company that has been designing, manufacturing and installing security equipment for over 50 years.\" \/>\n<script type=\"application\/ld+json\" class=\"yoast-schema-graph\">{\"@context\":\"https:\/\/schema.org\",\"@graph\":[{\"@type\":\"WebPage\",\"@id\":\"https:\/\/www.bollore.fr\/en\/the-dna-of-bollore-protection\/\",\"url\":\"https:\/\/www.bollore.fr\/en\/the-dna-of-bollore-protection\/\",\"name\":\"The DNA of Bollor\u00e9 Protection - Bollor\u00e9\",\"isPartOf\":{\"@id\":\"https:\/\/www.bollore.fr\/en\/#website\"},\"primaryImageOfPage\":{\"@id\":\"https:\/\/www.bollore.fr\/en\/the-dna-of-bollore-protection\/#primaryimage\"},\"image\":{\"@id\":\"https:\/\/www.bollore.fr\/en\/the-dna-of-bollore-protection\/#primaryimage\"},\"thumbnailUrl\":\"https:\/\/www.bollore.fr\/wp-content\/uploads\/2022\/04\/08\/header-a-propos.jpg\",\"datePublished\":\"2021-12-10T15:44:19+00:00\",\"dateModified\":\"2026-02-13T10:11:40+00:00\",\"description\":\"With 50 years of experience, Bollor\u00e9 Protection is an industrial company that designs, manufactures and installs security equipment.\",\"breadcrumb\":{\"@id\":\"https:\/\/www.bollore.fr\/en\/the-dna-of-bollore-protection\/#breadcrumb\"},\"inLanguage\":\"en-US\",\"potentialAction\":[{\"@type\":\"ReadAction\",\"target\":[\"https:\/\/www.bollore.fr\/en\/the-dna-of-bollore-protection\/\"]}]},{\"@type\":\"ImageObject\",\"inLanguage\":\"en-US\",\"@id\":\"https:\/\/www.bollore.fr\/en\/the-dna-of-bollore-protection\/#primaryimage\",\"url\":\"https:\/\/www.bollore.fr\/wp-content\/uploads\/2022\/04\/08\/header-a-propos.jpg\",\"contentUrl\":\"https:\/\/www.bollore.fr\/wp-content\/uploads\/2022\/04\/08\/header-a-propos.jpg\",\"width\":2532,\"height\":1428,\"caption\":\"a propos de bollor\u00e9\"},{\"@type\":\"BreadcrumbList\",\"@id\":\"https:\/\/www.bollore.fr\/en\/the-dna-of-bollore-protection\/#breadcrumb\",\"itemListElement\":[{\"@type\":\"ListItem\",\"position\":1,\"name\":\"Accueil\",\"item\":\"https:\/\/www.bollore.fr\/en\/\"},{\"@type\":\"ListItem\",\"position\":2,\"name\":\"The DNA of Bollor\u00e9 Protection\"}]},{\"@type\":\"WebSite\",\"@id\":\"https:\/\/www.bollore.fr\/en\/#website\",\"url\":\"https:\/\/www.bollore.fr\/en\/\",\"name\":\"Bollor\u00e9\",\"description\":\"Avancez en toute s\u00e9curit\u00e9\",\"publisher\":{\"@id\":\"https:\/\/www.bollore.fr\/en\/#organization\"},\"potentialAction\":[{\"@type\":\"SearchAction\",\"target\":{\"@type\":\"EntryPoint\",\"urlTemplate\":\"https:\/\/www.bollore.fr\/en\/?s={search_term_string}\"},\"query-input\":{\"@type\":\"PropertyValueSpecification\",\"valueRequired\":true,\"valueName\":\"search_term_string\"}}],\"inLanguage\":\"en-US\"},{\"@type\":\"Organization\",\"@id\":\"https:\/\/www.bollore.fr\/en\/#organization\",\"name\":\"Bollor\u00e9\",\"url\":\"https:\/\/www.bollore.fr\/en\/\",\"logo\":{\"@type\":\"ImageObject\",\"inLanguage\":\"en-US\",\"@id\":\"https:\/\/www.bollore.fr\/en\/#\/schema\/logo\/image\/\",\"url\":\"https:\/\/www.bollore.fr\/wp-content\/uploads\/2021\/12\/10\/logo-bollore.svg\",\"contentUrl\":\"https:\/\/www.bollore.fr\/wp-content\/uploads\/2021\/12\/10\/logo-bollore.svg\",\"width\":164,\"height\":31,\"caption\":\"Bollor\u00e9\"},\"image\":{\"@id\":\"https:\/\/www.bollore.fr\/en\/#\/schema\/logo\/image\/\"}}]}<\/script>\n<!-- \/ Yoast SEO plugin. -->","yoast_head_json":{"title":"The DNA of Bollor\u00e9 Protection - Bollor\u00e9","description":"With 50 years of experience, Bollor\u00e9 Protection is an industrial company that designs, manufactures and installs security equipment.","robots":{"index":"index","follow":"follow","max-snippet":"max-snippet:-1","max-image-preview":"max-image-preview:large","max-video-preview":"max-video-preview:-1"},"canonical":"https:\/\/www.bollore.fr\/en\/the-dna-of-bollore-protection\/","og_locale":"en_US","og_type":"article","og_title":"Bollor\u00e9 Protection: Moving forward in complete safety","og_description":"Bollor\u00e9 is an industrial company that has been designing, manufacturing and installing security equipment for over 50 years.","og_url":"https:\/\/www.bollore.fr\/en\/the-dna-of-bollore-protection\/","og_site_name":"Bollor\u00e9","article_modified_time":"2026-02-13T10:11:40+00:00","og_image":[{"width":2532,"height":1428,"url":"https:\/\/www.bollore.fr\/wp-content\/uploads\/2022\/04\/08\/header-a-propos.jpg","type":"image\/jpeg"}],"twitter_card":"summary_large_image","twitter_title":"Bollor\u00e9 Protection: Moving forward in complete safety","twitter_description":"Bollor\u00e9 is an industrial company that has been designing, manufacturing and installing security equipment for over 50 years.","schema":{"@context":"https:\/\/schema.org","@graph":[{"@type":"WebPage","@id":"https:\/\/www.bollore.fr\/en\/the-dna-of-bollore-protection\/","url":"https:\/\/www.bollore.fr\/en\/the-dna-of-bollore-protection\/","name":"The DNA of Bollor\u00e9 Protection - Bollor\u00e9","isPartOf":{"@id":"https:\/\/www.bollore.fr\/en\/#website"},"primaryImageOfPage":{"@id":"https:\/\/www.bollore.fr\/en\/the-dna-of-bollore-protection\/#primaryimage"},"image":{"@id":"https:\/\/www.bollore.fr\/en\/the-dna-of-bollore-protection\/#primaryimage"},"thumbnailUrl":"https:\/\/www.bollore.fr\/wp-content\/uploads\/2022\/04\/08\/header-a-propos.jpg","datePublished":"2021-12-10T15:44:19+00:00","dateModified":"2026-02-13T10:11:40+00:00","description":"With 50 years of experience, Bollor\u00e9 Protection is an industrial company that designs, manufactures and installs security equipment.","breadcrumb":{"@id":"https:\/\/www.bollore.fr\/en\/the-dna-of-bollore-protection\/#breadcrumb"},"inLanguage":"en-US","potentialAction":[{"@type":"ReadAction","target":["https:\/\/www.bollore.fr\/en\/the-dna-of-bollore-protection\/"]}]},{"@type":"ImageObject","inLanguage":"en-US","@id":"https:\/\/www.bollore.fr\/en\/the-dna-of-bollore-protection\/#primaryimage","url":"https:\/\/www.bollore.fr\/wp-content\/uploads\/2022\/04\/08\/header-a-propos.jpg","contentUrl":"https:\/\/www.bollore.fr\/wp-content\/uploads\/2022\/04\/08\/header-a-propos.jpg","width":2532,"height":1428,"caption":"a propos de bollor\u00e9"},{"@type":"BreadcrumbList","@id":"https:\/\/www.bollore.fr\/en\/the-dna-of-bollore-protection\/#breadcrumb","itemListElement":[{"@type":"ListItem","position":1,"name":"Accueil","item":"https:\/\/www.bollore.fr\/en\/"},{"@type":"ListItem","position":2,"name":"The DNA of Bollor\u00e9 Protection"}]},{"@type":"WebSite","@id":"https:\/\/www.bollore.fr\/en\/#website","url":"https:\/\/www.bollore.fr\/en\/","name":"Bollor\u00e9","description":"Avancez en toute s\u00e9curit\u00e9","publisher":{"@id":"https:\/\/www.bollore.fr\/en\/#organization"},"potentialAction":[{"@type":"SearchAction","target":{"@type":"EntryPoint","urlTemplate":"https:\/\/www.bollore.fr\/en\/?s={search_term_string}"},"query-input":{"@type":"PropertyValueSpecification","valueRequired":true,"valueName":"search_term_string"}}],"inLanguage":"en-US"},{"@type":"Organization","@id":"https:\/\/www.bollore.fr\/en\/#organization","name":"Bollor\u00e9","url":"https:\/\/www.bollore.fr\/en\/","logo":{"@type":"ImageObject","inLanguage":"en-US","@id":"https:\/\/www.bollore.fr\/en\/#\/schema\/logo\/image\/","url":"https:\/\/www.bollore.fr\/wp-content\/uploads\/2021\/12\/10\/logo-bollore.svg","contentUrl":"https:\/\/www.bollore.fr\/wp-content\/uploads\/2021\/12\/10\/logo-bollore.svg","width":164,"height":31,"caption":"Bollor\u00e9"},"image":{"@id":"https:\/\/www.bollore.fr\/en\/#\/schema\/logo\/image\/"}}]}},"_links":{"self":[{"href":"https:\/\/www.bollore.fr\/en\/wp-json\/wp\/v2\/pages\/4493","targetHints":{"allow":["GET"]}}],"collection":[{"href":"https:\/\/www.bollore.fr\/en\/wp-json\/wp\/v2\/pages"}],"about":[{"href":"https:\/\/www.bollore.fr\/en\/wp-json\/wp\/v2\/types\/page"}],"author":[{"embeddable":true,"href":"https:\/\/www.bollore.fr\/en\/wp-json\/wp\/v2\/users\/1"}],"replies":[{"embeddable":true,"href":"https:\/\/www.bollore.fr\/en\/wp-json\/wp\/v2\/comments?post=4493"}],"version-history":[{"count":4,"href":"https:\/\/www.bollore.fr\/en\/wp-json\/wp\/v2\/pages\/4493\/revisions"}],"predecessor-version":[{"id":5371,"href":"https:\/\/www.bollore.fr\/en\/wp-json\/wp\/v2\/pages\/4493\/revisions\/5371"}],"wp:featuredmedia":[{"embeddable":true,"href":"https:\/\/www.bollore.fr\/en\/wp-json\/wp\/v2\/media\/3667"}],"wp:attachment":[{"href":"https:\/\/www.bollore.fr\/en\/wp-json\/wp\/v2\/media?parent=4493"}],"curies":[{"name":"wp","href":"https:\/\/api.w.org\/{rel}","templated":true}]}}