{"id":4489,"date":"2021-12-06T11:09:49","date_gmt":"2021-12-06T10:09:49","guid":{"rendered":"https:\/\/www.bollore.fr\/site-map\/"},"modified":"2025-08-20T16:57:58","modified_gmt":"2025-08-20T14:57:58","slug":"site-map","status":"publish","type":"page","link":"https:\/\/www.bollore.fr\/en\/site-map\/","title":{"rendered":"Site map"},"content":{"rendered":"\n<div class=\"menu-menu-principal-en-container\"><ul id=\"sitemap-primary\" class=\"menu\"><li id=\"menu-item-5447\" class=\"menu-item menu-item-type-post_type menu-item-object-page menu-item-has-children menu-item-5447\"><a href=\"https:\/\/www.bollore.fr\/en\/the-dna-of-bollore-protection\/\">Company<\/a>\n<ul class=\"sub-menu\">\n\t<li id=\"menu-item-5436\" class=\"menu-item menu-item-type-post_type menu-item-object-page menu-item-5436\"><a href=\"https:\/\/www.bollore.fr\/en\/the-dna-of-bollore-protection\/\">About us<\/a><\/li>\n\t<li id=\"menu-item-5435\" class=\"menu-item menu-item-type-post_type menu-item-object-page menu-item-5435\"><a href=\"https:\/\/www.bollore.fr\/en\/our-projects\/\">Our projects<\/a><\/li>\n\t<li id=\"menu-item-5448\" class=\"menu-item menu-item-type-custom menu-item-object-custom menu-item-5448\"><a target=\"_blank\" href=\"https:\/\/www.francepanorama.fr\/vt\/BO2980948\/\" title=\"Open in new tab\">360\u00b0 Showroom<\/a><\/li>\n\t<li id=\"menu-item-5437\" class=\"marge_menu txt_light menu-item menu-item-type-post_type menu-item-object-page menu-item-5437\"><a href=\"https:\/\/www.bollore.fr\/en\/actualites\/\">Our blog<\/a><\/li>\n\t<li id=\"menu-item-5441\" class=\"txt_light menu-item menu-item-type-post_type menu-item-object-page menu-item-5441\"><a href=\"https:\/\/www.bollore.fr\/en\/contact\/\">Contact<\/a><\/li>\n\t<li id=\"menu-item-5438\" class=\"txt_light menu-item menu-item-type-post_type menu-item-object-page menu-item-5438\"><a href=\"https:\/\/www.bollore.fr\/en\/join-us\/\">Join us<\/a><\/li>\n<\/ul>\n<\/li>\n<li id=\"menu-item-5443\" class=\"menu-item menu-item-type-post_type menu-item-object-page menu-item-has-children menu-item-5443\"><a href=\"https:\/\/www.bollore.fr\/en\/we-offer-security-solutions\/\">Products<\/a>\n<ul class=\"sub-menu\">\n\t<li id=\"menu-item-5450\" class=\"menu-item menu-item-type-taxonomy menu-item-object-product_cat menu-item-5450\"><a href=\"https:\/\/www.bollore.fr\/en\/product\/category\/access-control\/\">Access control<\/a><\/li>\n\t<li id=\"menu-item-5451\" class=\"menu-item menu-item-type-taxonomy menu-item-object-product_cat menu-item-5451\"><a href=\"https:\/\/www.bollore.fr\/en\/product\/category\/perimeter-protection\/\">Perimeter protection<\/a><\/li>\n\t<li id=\"menu-item-5452\" class=\"menu-item menu-item-type-taxonomy menu-item-object-product_cat menu-item-5452\"><a href=\"https:\/\/www.bollore.fr\/en\/product\/category\/security-arrangement\/\">Security arrangement<\/a><\/li>\n\t<li id=\"menu-item-5429\" class=\"marge_menu txt_light menu-item menu-item-type-post_type menu-item-object-page menu-item-5429\"><a href=\"https:\/\/www.bollore.fr\/en\/services-and-support\/\">Our after-sales service<\/a><\/li>\n<\/ul>\n<\/li>\n<\/ul><\/div><nav class=\"sitemap-footer\"><ul><\/nav><nav class=\"sitemap-infos_legales\"><\/nav>\n","protected":false},"excerpt":{"rendered":"","protected":false},"author":1,"featured_media":0,"parent":0,"menu_order":22,"comment_status":"closed","ping_status":"closed","template":"","meta":{"_acf_changed":false,"footnotes":""},"class_list":["post-4489","page","type-page","status-publish","hentry"],"acf":[],"yoast_head":"<!-- This site is optimized with the Yoast SEO plugin v25.8 - https:\/\/yoast.com\/wordpress\/plugins\/seo\/ -->\n<title>Site map - Bollor\u00e9<\/title>\n<meta name=\"robots\" content=\"noindex, nofollow\" \/>\n<meta property=\"og:locale\" content=\"en_US\" \/>\n<meta property=\"og:type\" content=\"article\" \/>\n<meta property=\"og:title\" content=\"Site map - Bollor\u00e9\" \/>\n<meta property=\"og:url\" content=\"https:\/\/www.bollore.fr\/en\/site-map\/\" \/>\n<meta property=\"og:site_name\" content=\"Bollor\u00e9\" \/>\n<meta property=\"article:modified_time\" content=\"2025-08-20T14:57:58+00:00\" \/>\n<meta property=\"og:image\" content=\"https:\/\/www.bollore.fr\/wp-content\/uploads\/2022\/02\/07\/galerie-photos-tf600-6.jpg\" \/>\n\t<meta property=\"og:image:width\" content=\"1772\" \/>\n\t<meta property=\"og:image:height\" content=\"1183\" \/>\n\t<meta property=\"og:image:type\" content=\"image\/jpeg\" \/>\n<meta name=\"twitter:card\" content=\"summary_large_image\" \/>\n<script type=\"application\/ld+json\" class=\"yoast-schema-graph\">{\"@context\":\"https:\/\/schema.org\",\"@graph\":[{\"@type\":\"WebPage\",\"@id\":\"https:\/\/www.bollore.fr\/en\/site-map\/\",\"url\":\"https:\/\/www.bollore.fr\/en\/site-map\/\",\"name\":\"Site map - Bollor\u00e9\",\"isPartOf\":{\"@id\":\"https:\/\/www.bollore.fr\/en\/#website\"},\"datePublished\":\"2021-12-06T10:09:49+00:00\",\"dateModified\":\"2025-08-20T14:57:58+00:00\",\"breadcrumb\":{\"@id\":\"https:\/\/www.bollore.fr\/en\/site-map\/#breadcrumb\"},\"inLanguage\":\"en-US\",\"potentialAction\":[{\"@type\":\"ReadAction\",\"target\":[\"https:\/\/www.bollore.fr\/en\/site-map\/\"]}]},{\"@type\":\"BreadcrumbList\",\"@id\":\"https:\/\/www.bollore.fr\/en\/site-map\/#breadcrumb\",\"itemListElement\":[{\"@type\":\"ListItem\",\"position\":1,\"name\":\"Accueil\",\"item\":\"https:\/\/www.bollore.fr\/en\/\"},{\"@type\":\"ListItem\",\"position\":2,\"name\":\"Site map\"}]},{\"@type\":\"WebSite\",\"@id\":\"https:\/\/www.bollore.fr\/en\/#website\",\"url\":\"https:\/\/www.bollore.fr\/en\/\",\"name\":\"Bollor\u00e9\",\"description\":\"Avancez en toute s\u00e9curit\u00e9\",\"publisher\":{\"@id\":\"https:\/\/www.bollore.fr\/en\/#organization\"},\"potentialAction\":[{\"@type\":\"SearchAction\",\"target\":{\"@type\":\"EntryPoint\",\"urlTemplate\":\"https:\/\/www.bollore.fr\/en\/?s={search_term_string}\"},\"query-input\":{\"@type\":\"PropertyValueSpecification\",\"valueRequired\":true,\"valueName\":\"search_term_string\"}}],\"inLanguage\":\"en-US\"},{\"@type\":\"Organization\",\"@id\":\"https:\/\/www.bollore.fr\/en\/#organization\",\"name\":\"Bollor\u00e9\",\"url\":\"https:\/\/www.bollore.fr\/en\/\",\"logo\":{\"@type\":\"ImageObject\",\"inLanguage\":\"en-US\",\"@id\":\"https:\/\/www.bollore.fr\/en\/#\/schema\/logo\/image\/\",\"url\":\"https:\/\/www.bollore.fr\/wp-content\/uploads\/2021\/12\/10\/logo-bollore.svg\",\"contentUrl\":\"https:\/\/www.bollore.fr\/wp-content\/uploads\/2021\/12\/10\/logo-bollore.svg\",\"width\":164,\"height\":31,\"caption\":\"Bollor\u00e9\"},\"image\":{\"@id\":\"https:\/\/www.bollore.fr\/en\/#\/schema\/logo\/image\/\"}}]}<\/script>\n<!-- \/ Yoast SEO plugin. -->","yoast_head_json":{"title":"Site map - Bollor\u00e9","robots":{"index":"noindex","follow":"nofollow"},"og_locale":"en_US","og_type":"article","og_title":"Site map - Bollor\u00e9","og_url":"https:\/\/www.bollore.fr\/en\/site-map\/","og_site_name":"Bollor\u00e9","article_modified_time":"2025-08-20T14:57:58+00:00","og_image":[{"width":1772,"height":1183,"url":"https:\/\/www.bollore.fr\/wp-content\/uploads\/2022\/02\/07\/galerie-photos-tf600-6.jpg","type":"image\/jpeg"}],"twitter_card":"summary_large_image","schema":{"@context":"https:\/\/schema.org","@graph":[{"@type":"WebPage","@id":"https:\/\/www.bollore.fr\/en\/site-map\/","url":"https:\/\/www.bollore.fr\/en\/site-map\/","name":"Site map - Bollor\u00e9","isPartOf":{"@id":"https:\/\/www.bollore.fr\/en\/#website"},"datePublished":"2021-12-06T10:09:49+00:00","dateModified":"2025-08-20T14:57:58+00:00","breadcrumb":{"@id":"https:\/\/www.bollore.fr\/en\/site-map\/#breadcrumb"},"inLanguage":"en-US","potentialAction":[{"@type":"ReadAction","target":["https:\/\/www.bollore.fr\/en\/site-map\/"]}]},{"@type":"BreadcrumbList","@id":"https:\/\/www.bollore.fr\/en\/site-map\/#breadcrumb","itemListElement":[{"@type":"ListItem","position":1,"name":"Accueil","item":"https:\/\/www.bollore.fr\/en\/"},{"@type":"ListItem","position":2,"name":"Site map"}]},{"@type":"WebSite","@id":"https:\/\/www.bollore.fr\/en\/#website","url":"https:\/\/www.bollore.fr\/en\/","name":"Bollor\u00e9","description":"Avancez en toute s\u00e9curit\u00e9","publisher":{"@id":"https:\/\/www.bollore.fr\/en\/#organization"},"potentialAction":[{"@type":"SearchAction","target":{"@type":"EntryPoint","urlTemplate":"https:\/\/www.bollore.fr\/en\/?s={search_term_string}"},"query-input":{"@type":"PropertyValueSpecification","valueRequired":true,"valueName":"search_term_string"}}],"inLanguage":"en-US"},{"@type":"Organization","@id":"https:\/\/www.bollore.fr\/en\/#organization","name":"Bollor\u00e9","url":"https:\/\/www.bollore.fr\/en\/","logo":{"@type":"ImageObject","inLanguage":"en-US","@id":"https:\/\/www.bollore.fr\/en\/#\/schema\/logo\/image\/","url":"https:\/\/www.bollore.fr\/wp-content\/uploads\/2021\/12\/10\/logo-bollore.svg","contentUrl":"https:\/\/www.bollore.fr\/wp-content\/uploads\/2021\/12\/10\/logo-bollore.svg","width":164,"height":31,"caption":"Bollor\u00e9"},"image":{"@id":"https:\/\/www.bollore.fr\/en\/#\/schema\/logo\/image\/"}}]}},"_links":{"self":[{"href":"https:\/\/www.bollore.fr\/en\/wp-json\/wp\/v2\/pages\/4489","targetHints":{"allow":["GET"]}}],"collection":[{"href":"https:\/\/www.bollore.fr\/en\/wp-json\/wp\/v2\/pages"}],"about":[{"href":"https:\/\/www.bollore.fr\/en\/wp-json\/wp\/v2\/types\/page"}],"author":[{"embeddable":true,"href":"https:\/\/www.bollore.fr\/en\/wp-json\/wp\/v2\/users\/1"}],"replies":[{"embeddable":true,"href":"https:\/\/www.bollore.fr\/en\/wp-json\/wp\/v2\/comments?post=4489"}],"version-history":[{"count":1,"href":"https:\/\/www.bollore.fr\/en\/wp-json\/wp\/v2\/pages\/4489\/revisions"}],"predecessor-version":[{"id":4490,"href":"https:\/\/www.bollore.fr\/en\/wp-json\/wp\/v2\/pages\/4489\/revisions\/4490"}],"wp:attachment":[{"href":"https:\/\/www.bollore.fr\/en\/wp-json\/wp\/v2\/media?parent=4489"}],"curies":[{"name":"wp","href":"https:\/\/api.w.org\/{rel}","templated":true}]}}