{"id":4472,"date":"2023-07-07T14:27:45","date_gmt":"2023-07-07T12:27:45","guid":{"rendered":"https:\/\/www.bollore.fr\/bollore-protection-is-recruiting-an-after-sales-technician-for-the-south-east-region-f-h\/"},"modified":"2026-02-13T12:34:27","modified_gmt":"2026-02-13T11:34:27","slug":"after-sales-technician-south-east","status":"publish","type":"page","link":"https:\/\/www.bollore.fr\/en\/after-sales-technician-south-east\/","title":{"rendered":"Bollor\u00e9 Protection is recruiting an after-sales technician for the South-East region &#8211; (F\/H)"},"content":{"rendered":"\n<p><strong>Service technician \u2013 (F\/M)<\/strong><\/p>\n\n<p>Founded in 1974 in Treilli\u00e8res (44), Bollor\u00e9 Protection is a French industrial company. We design, manufacture and install innovative security systems, providing physical and electronic perimeter security, both indoors and outdoors, for sensitive sites. <\/p>\n\n<p><\/p>\n\n<p><strong><u>Job description<\/u><\/strong><\/p>\n\n<p>Bollor\u00e9 Protection SAS continues to grow!<\/p>\n\n<p>As part of our expansion, we are looking for an After-Sales Service Technician F\/H who will be required to travel throughout the South-East of France. Daily travel in the South-East region, company car provided, meals paid for in full. <\/p>\n\n<p><\/p>\n\n<p><strong><u>Your mission<\/u><\/strong><\/p>\n\n<ul class=\"wp-block-list\">\n<li>Install and connect our equipment at our customers&#8217; sites. (Automatic gates, security gates, electric fences, etc.). <\/li>\n\n\n\n<li>Carry out troubleshooting and preventive and corrective maintenance on our equipment.<\/li>\n\n\n\n<li>Audit, advise and train our customers.<\/li>\n\n\n\n<li>If necessary, manage a team (temporary workers, subcontractors).<\/li>\n<\/ul>\n\n<p><\/p>\n\n<p><strong><u>Your profile<\/u><\/strong><\/p>\n\n<ul class=\"wp-block-list\">\n<li>Initial training Bac + 2 or equivalent in the technical field with a strong electrical engineering orientation<\/li>\n\n\n\n<li>Minimum 2 years&#8217; experience<\/li>\n\n\n\n<li>B driving licence required<\/li>\n<\/ul>\n\n<p>You have the following skills and qualities:<\/p>\n\n<ul class=\"wp-block-list\">\n<li>Strong customer relations skills: sense of service, patience, quality of care and follow-up.<\/li>\n\n\n\n<li>Punctuality.<\/li>\n\n\n\n<li>Extremely rigorous monitoring of your work, good organisational skills and initiative.<\/li>\n\n\n\n<li>Autonomy and adaptability.<\/li>\n<\/ul>\n\n<p><\/p>\n\n<p>Position offering a high degree of autonomy<\/p>\n\n<p>Costs borne by the company<\/p>\n\n<p>Company car &#8211; Computer and mobile phone<\/p>\n\n<p>Salary according to profile<\/p>\n\n<p>Position available immediately &#8211; Permanent contract<\/p>\n\n<p>Position based in South-East France &#8211; Travel in the South-East region.<br\/>To apply, please send your CV to the following address: <a href=\"m&#97;&#105;&#x6c;&#x74;o:&#98;&#98;&#x69;&#x67;no&#110;&#64;&#x62;&#x6f;ll&#111;&#x72;&#x65;&#x2e;f&#114;\">b&#98;&#105;&#x67;&#x6e;o&#110;&#64;&#x62;&#x6f;&#x6c;l&#111;&#114;&#x65;&#x2e;fr<\/a> <\/p>\n","protected":false},"excerpt":{"rendered":"<p>Service technician \u2013 (F\/M) Founded in 1974 in Treilli\u00e8res (44), Bollor\u00e9 Protection is a French industrial company. We design, manufacture and install innovative security systems, providing physical and electronic perimeter security, both indoors and outdoors, for sensitive sites. Job description Bollor\u00e9 Protection SAS continues to grow! As part of our expansion, we are looking for [&hellip;]<\/p>\n","protected":false},"author":4,"featured_media":0,"parent":0,"menu_order":0,"comment_status":"closed","ping_status":"closed","template":"","meta":{"_acf_changed":false,"footnotes":""},"class_list":["post-4472","page","type-page","status-publish","hentry"],"acf":[],"yoast_head":"<!-- This site is optimized with the Yoast SEO plugin v25.8 - https:\/\/yoast.com\/wordpress\/plugins\/seo\/ -->\n<title>Bollor\u00e9 Protection is recruiting an after-sales technician for the South-East region - (F\/H) - Bollor\u00e9<\/title>\n<meta name=\"robots\" content=\"index, follow, max-snippet:-1, max-image-preview:large, max-video-preview:-1\" \/>\n<link rel=\"canonical\" href=\"https:\/\/www.bollore.fr\/en\/after-sales-technician-south-east\/\" \/>\n<meta property=\"og:locale\" content=\"en_US\" \/>\n<meta property=\"og:type\" content=\"article\" \/>\n<meta property=\"og:title\" content=\"Bollor\u00e9 Protection is recruiting an after-sales technician for the South-East region - (F\/H) - Bollor\u00e9\" \/>\n<meta property=\"og:description\" content=\"Service technician \u2013 (F\/M) Founded in 1974 in Treilli\u00e8res (44), Bollor\u00e9 Protection is a French industrial company. We design, manufacture and install innovative security systems, providing physical and electronic perimeter security, both indoors and outdoors, for sensitive sites. Job description Bollor\u00e9 Protection SAS continues to grow! As part of our expansion, we are looking for [&hellip;]\" \/>\n<meta property=\"og:url\" content=\"https:\/\/www.bollore.fr\/en\/after-sales-technician-south-east\/\" \/>\n<meta property=\"og:site_name\" content=\"Bollor\u00e9\" \/>\n<meta property=\"article:modified_time\" content=\"2026-02-13T11:34:27+00:00\" \/>\n<meta property=\"og:image\" content=\"https:\/\/www.bollore.fr\/wp-content\/uploads\/2022\/02\/07\/galerie-photos-tf600-6.jpg\" \/>\n\t<meta property=\"og:image:width\" content=\"1772\" \/>\n\t<meta property=\"og:image:height\" content=\"1183\" \/>\n\t<meta property=\"og:image:type\" content=\"image\/jpeg\" \/>\n<meta name=\"twitter:card\" content=\"summary_large_image\" \/>\n<meta name=\"twitter:label1\" content=\"Est. reading time\" \/>\n\t<meta name=\"twitter:data1\" content=\"1 minute\" \/>\n<script type=\"application\/ld+json\" class=\"yoast-schema-graph\">{\"@context\":\"https:\/\/schema.org\",\"@graph\":[{\"@type\":\"WebPage\",\"@id\":\"https:\/\/www.bollore.fr\/en\/after-sales-technician-south-east\/\",\"url\":\"https:\/\/www.bollore.fr\/en\/after-sales-technician-south-east\/\",\"name\":\"Bollor\u00e9 Protection is recruiting an after-sales technician for the South-East region - (F\/H) - Bollor\u00e9\",\"isPartOf\":{\"@id\":\"https:\/\/www.bollore.fr\/en\/#website\"},\"datePublished\":\"2023-07-07T12:27:45+00:00\",\"dateModified\":\"2026-02-13T11:34:27+00:00\",\"breadcrumb\":{\"@id\":\"https:\/\/www.bollore.fr\/en\/after-sales-technician-south-east\/#breadcrumb\"},\"inLanguage\":\"en-US\",\"potentialAction\":[{\"@type\":\"ReadAction\",\"target\":[\"https:\/\/www.bollore.fr\/en\/after-sales-technician-south-east\/\"]}]},{\"@type\":\"BreadcrumbList\",\"@id\":\"https:\/\/www.bollore.fr\/en\/after-sales-technician-south-east\/#breadcrumb\",\"itemListElement\":[{\"@type\":\"ListItem\",\"position\":1,\"name\":\"Accueil\",\"item\":\"https:\/\/www.bollore.fr\/en\/\"},{\"@type\":\"ListItem\",\"position\":2,\"name\":\"Bollor\u00e9 Protection is recruiting an after-sales technician for the South-East region &#8211; (F\/H)\"}]},{\"@type\":\"WebSite\",\"@id\":\"https:\/\/www.bollore.fr\/en\/#website\",\"url\":\"https:\/\/www.bollore.fr\/en\/\",\"name\":\"Bollor\u00e9\",\"description\":\"Avancez en toute s\u00e9curit\u00e9\",\"publisher\":{\"@id\":\"https:\/\/www.bollore.fr\/en\/#organization\"},\"potentialAction\":[{\"@type\":\"SearchAction\",\"target\":{\"@type\":\"EntryPoint\",\"urlTemplate\":\"https:\/\/www.bollore.fr\/en\/?s={search_term_string}\"},\"query-input\":{\"@type\":\"PropertyValueSpecification\",\"valueRequired\":true,\"valueName\":\"search_term_string\"}}],\"inLanguage\":\"en-US\"},{\"@type\":\"Organization\",\"@id\":\"https:\/\/www.bollore.fr\/en\/#organization\",\"name\":\"Bollor\u00e9\",\"url\":\"https:\/\/www.bollore.fr\/en\/\",\"logo\":{\"@type\":\"ImageObject\",\"inLanguage\":\"en-US\",\"@id\":\"https:\/\/www.bollore.fr\/en\/#\/schema\/logo\/image\/\",\"url\":\"https:\/\/www.bollore.fr\/wp-content\/uploads\/2021\/12\/10\/logo-bollore.svg\",\"contentUrl\":\"https:\/\/www.bollore.fr\/wp-content\/uploads\/2021\/12\/10\/logo-bollore.svg\",\"width\":164,\"height\":31,\"caption\":\"Bollor\u00e9\"},\"image\":{\"@id\":\"https:\/\/www.bollore.fr\/en\/#\/schema\/logo\/image\/\"}}]}<\/script>\n<!-- \/ Yoast SEO plugin. -->","yoast_head_json":{"title":"Bollor\u00e9 Protection is recruiting an after-sales technician for the South-East region - (F\/H) - Bollor\u00e9","robots":{"index":"index","follow":"follow","max-snippet":"max-snippet:-1","max-image-preview":"max-image-preview:large","max-video-preview":"max-video-preview:-1"},"canonical":"https:\/\/www.bollore.fr\/en\/after-sales-technician-south-east\/","og_locale":"en_US","og_type":"article","og_title":"Bollor\u00e9 Protection is recruiting an after-sales technician for the South-East region - (F\/H) - Bollor\u00e9","og_description":"Service technician \u2013 (F\/M) Founded in 1974 in Treilli\u00e8res (44), Bollor\u00e9 Protection is a French industrial company. We design, manufacture and install innovative security systems, providing physical and electronic perimeter security, both indoors and outdoors, for sensitive sites. Job description Bollor\u00e9 Protection SAS continues to grow! As part of our expansion, we are looking for [&hellip;]","og_url":"https:\/\/www.bollore.fr\/en\/after-sales-technician-south-east\/","og_site_name":"Bollor\u00e9","article_modified_time":"2026-02-13T11:34:27+00:00","og_image":[{"width":1772,"height":1183,"url":"https:\/\/www.bollore.fr\/wp-content\/uploads\/2022\/02\/07\/galerie-photos-tf600-6.jpg","type":"image\/jpeg"}],"twitter_card":"summary_large_image","twitter_misc":{"Est. reading time":"1 minute"},"schema":{"@context":"https:\/\/schema.org","@graph":[{"@type":"WebPage","@id":"https:\/\/www.bollore.fr\/en\/after-sales-technician-south-east\/","url":"https:\/\/www.bollore.fr\/en\/after-sales-technician-south-east\/","name":"Bollor\u00e9 Protection is recruiting an after-sales technician for the South-East region - (F\/H) - Bollor\u00e9","isPartOf":{"@id":"https:\/\/www.bollore.fr\/en\/#website"},"datePublished":"2023-07-07T12:27:45+00:00","dateModified":"2026-02-13T11:34:27+00:00","breadcrumb":{"@id":"https:\/\/www.bollore.fr\/en\/after-sales-technician-south-east\/#breadcrumb"},"inLanguage":"en-US","potentialAction":[{"@type":"ReadAction","target":["https:\/\/www.bollore.fr\/en\/after-sales-technician-south-east\/"]}]},{"@type":"BreadcrumbList","@id":"https:\/\/www.bollore.fr\/en\/after-sales-technician-south-east\/#breadcrumb","itemListElement":[{"@type":"ListItem","position":1,"name":"Accueil","item":"https:\/\/www.bollore.fr\/en\/"},{"@type":"ListItem","position":2,"name":"Bollor\u00e9 Protection is recruiting an after-sales technician for the South-East region &#8211; (F\/H)"}]},{"@type":"WebSite","@id":"https:\/\/www.bollore.fr\/en\/#website","url":"https:\/\/www.bollore.fr\/en\/","name":"Bollor\u00e9","description":"Avancez en toute s\u00e9curit\u00e9","publisher":{"@id":"https:\/\/www.bollore.fr\/en\/#organization"},"potentialAction":[{"@type":"SearchAction","target":{"@type":"EntryPoint","urlTemplate":"https:\/\/www.bollore.fr\/en\/?s={search_term_string}"},"query-input":{"@type":"PropertyValueSpecification","valueRequired":true,"valueName":"search_term_string"}}],"inLanguage":"en-US"},{"@type":"Organization","@id":"https:\/\/www.bollore.fr\/en\/#organization","name":"Bollor\u00e9","url":"https:\/\/www.bollore.fr\/en\/","logo":{"@type":"ImageObject","inLanguage":"en-US","@id":"https:\/\/www.bollore.fr\/en\/#\/schema\/logo\/image\/","url":"https:\/\/www.bollore.fr\/wp-content\/uploads\/2021\/12\/10\/logo-bollore.svg","contentUrl":"https:\/\/www.bollore.fr\/wp-content\/uploads\/2021\/12\/10\/logo-bollore.svg","width":164,"height":31,"caption":"Bollor\u00e9"},"image":{"@id":"https:\/\/www.bollore.fr\/en\/#\/schema\/logo\/image\/"}}]}},"_links":{"self":[{"href":"https:\/\/www.bollore.fr\/en\/wp-json\/wp\/v2\/pages\/4472","targetHints":{"allow":["GET"]}}],"collection":[{"href":"https:\/\/www.bollore.fr\/en\/wp-json\/wp\/v2\/pages"}],"about":[{"href":"https:\/\/www.bollore.fr\/en\/wp-json\/wp\/v2\/types\/page"}],"author":[{"embeddable":true,"href":"https:\/\/www.bollore.fr\/en\/wp-json\/wp\/v2\/users\/4"}],"replies":[{"embeddable":true,"href":"https:\/\/www.bollore.fr\/en\/wp-json\/wp\/v2\/comments?post=4472"}],"version-history":[{"count":1,"href":"https:\/\/www.bollore.fr\/en\/wp-json\/wp\/v2\/pages\/4472\/revisions"}],"predecessor-version":[{"id":4473,"href":"https:\/\/www.bollore.fr\/en\/wp-json\/wp\/v2\/pages\/4472\/revisions\/4473"}],"wp:attachment":[{"href":"https:\/\/www.bollore.fr\/en\/wp-json\/wp\/v2\/media?parent=4472"}],"curies":[{"name":"wp","href":"https:\/\/api.w.org\/{rel}","templated":true}]}}